
{"id":25726,"date":"2023-06-23T13:21:02","date_gmt":"2023-06-23T11:21:02","guid":{"rendered":"https:\/\/www.effektri.com\/?post_type=product&#038;p=25726"},"modified":"2023-07-05T15:11:21","modified_gmt":"2023-07-05T13:11:21","slug":"effektri-hast-gold","status":"publish","type":"product","link":"https:\/\/www.effektri.com\/sv\/hast\/effektri-hast-gold\/","title":{"rendered":"Effektri H\u00e4st Gold"},"content":{"rendered":"<h4>Effektri Gold \u00e4r en specialiserad flytande formula designad f\u00f6r \u00e4ldre h\u00e4star och h\u00e4star med ledproblem. Den inneh\u00e5ller viktiga n\u00e4rings\u00e4mnen som fr\u00e4mjar brosk- och ledh\u00e4lsa. Denna unika blandning kombinerar fiskolja av farmaceutisk kvalitet rik p\u00e5 omega-3-fettsyror, vitaminer och noggrant utvalda n\u00e4rings\u00e4mnen f\u00f6r att st\u00f6dja broskreparation och ledsm\u00f6rjning.<\/h4>\n<p><strong>Viktiga f\u00f6rdelar:<\/strong><\/p>\n<ul>\n<li>Fr\u00e4mjar friska och flexibla muskler och leder<\/li>\n<li>St\u00f6djer broskh\u00e4lsa<\/li>\n<li>L\u00e4mplig f\u00f6r \u00e4ldre h\u00e4star, aktiva h\u00e4star och h\u00e4star med artrit<\/li>\n<li>Hj\u00e4lper till att h\u00e4mma inflammatoriska processer<\/li>\n<li>Kan anv\u00e4ndas preventivt<\/li>\n<\/ul>\n<p><strong>Ingredienser:<\/strong><\/p>\n<ul>\n<li>Omega-3 olja (ALA, EPA och DHA) fr\u00e5n fisk<\/li>\n<li>Kallpressad extra virgin olivolja<\/li>\n<li>Naturliga antioxidanter (flavonoider)<\/li>\n<li>D-Glucosamin<\/li>\n<li>MSM (metylsulfonylmetan)<\/li>\n<li>Kondroitinsulfat<\/li>\n<li>RRR-alfa-tokoferol (naturligt vitamin E)<\/li>\n<li>Vitamin D<\/li>\n<li>Kaliumsorbat.<\/li>\n<\/ul>\n<p>V\u00e5r Omega-3 olja \u00e4r framst\u00e4lld i enlighet med Europeiska unionens rigor\u00f6sa kvalitetsstandarder. Fiskoljan som anv\u00e4nds i Effektri-produkter kommer enbart fr\u00e5n fiskfil\u00e9trimningar, vilket s\u00e4kerst\u00e4ller att ingen ytterligare fisk f\u00e5ngas f\u00f6r dess produktion. Vi har \u00e5tagit oss att st\u00f6dja h\u00e5llbara fiskemetoder.<\/p>\n","protected":false},"excerpt":{"rendered":"<h4>Effektri Gold \u00e4r en specialiserad flytande formula designad f\u00f6r \u00e4ldre h\u00e4star och h\u00e4star med ledproblem. Den inneh\u00e5ller viktiga n\u00e4rings\u00e4mnen som fr\u00e4mjar brosk- och ledh\u00e4lsa. Denna unika blandning kombinerar fiskolja av farmaceutisk kvalitet rik p\u00e5 omega-3-fettsyror, vitaminer och noggrant utvalda n\u00e4rings\u00e4mnen f\u00f6r att st\u00f6dja broskreparation och ledsm\u00f6rjning.<\/h4>\n","protected":false},"featured_media":25085,"template":"","meta":{"_acf_changed":false,"inline_featured_image":false},"product_brand":[],"product_cat":[197],"product_tag":[],"class_list":{"0":"post-25726","1":"product","2":"type-product","3":"status-publish","4":"has-post-thumbnail","6":"product_cat-hast","7":"infinite-scroll-item","8":"sales-flash-overlay","9":"woocommerce-text-align-left","10":"woocommerce-image-align-center","11":"do-quantity-buttons","13":"first","14":"instock","15":"shipping-taxable","16":"purchasable","17":"product-type-simple"},"acf":[],"_links":{"self":[{"href":"https:\/\/www.effektri.com\/sv\/wp-json\/wp\/v2\/product\/25726","targetHints":{"allow":["GET"]}}],"collection":[{"href":"https:\/\/www.effektri.com\/sv\/wp-json\/wp\/v2\/product"}],"about":[{"href":"https:\/\/www.effektri.com\/sv\/wp-json\/wp\/v2\/types\/product"}],"wp:featuredmedia":[{"embeddable":true,"href":"https:\/\/www.effektri.com\/sv\/wp-json\/wp\/v2\/media\/25085"}],"wp:attachment":[{"href":"https:\/\/www.effektri.com\/sv\/wp-json\/wp\/v2\/media?parent=25726"}],"wp:term":[{"taxonomy":"product_brand","embeddable":true,"href":"https:\/\/www.effektri.com\/sv\/wp-json\/wp\/v2\/product_brand?post=25726"},{"taxonomy":"product_cat","embeddable":true,"href":"https:\/\/www.effektri.com\/sv\/wp-json\/wp\/v2\/product_cat?post=25726"},{"taxonomy":"product_tag","embeddable":true,"href":"https:\/\/www.effektri.com\/sv\/wp-json\/wp\/v2\/product_tag?post=25726"}],"curies":[{"name":"wp","href":"https:\/\/api.w.org\/{rel}","templated":true}]}}