
{"id":25724,"date":"2023-06-23T13:14:22","date_gmt":"2023-06-23T11:14:22","guid":{"rendered":"https:\/\/www.effektri.com\/?post_type=product&#038;p=25724"},"modified":"2023-07-05T15:15:54","modified_gmt":"2023-07-05T13:15:54","slug":"balanstri-omega-3-pepperminta","status":"publish","type":"product","link":"https:\/\/www.effektri.com\/sv\/okategoriserad\/balanstri-omega-3-pepperminta\/","title":{"rendered":"Balanstri Omega-3 Pepperminta"},"content":{"rendered":"<h4>Balanstri smaksatt med f\u00e4rsk pepparmynta kombinerar h\u00f6gkvalitativa fiskoljor och en speciellt utvald extra virgin olivolja med ett h\u00f6gt inneh\u00e5ll av polyfenoler. Smaken och den betydande andelen extra virgin olivolja tar bort all fisksmak, vilket g\u00f6r det l\u00e4ttare f\u00f6r de flesta att ta sin dagliga dos.<\/h4>\n<p>Ett rekommenderat dagligt intag av Balanstri Pepparmynta baserat p\u00e5 din kroppsvikt ger dig den adekvata m\u00e4ngden omega-3-fettsyror (EPA och DHA), D-vitamin och polyfenoler som beh\u00f6vs f\u00f6r att \u00e5terst\u00e4lla och bibeh\u00e5lla dina normala Omega-6\/Omega-3-fettsyror syrabalans f\u00f6r livet. Det \u00e4r de gemensamma effekterna av marint omega-3 (EPA och DHA) och polyfenoler fr\u00e5n oliv som g\u00f6r Balanstri unik.<\/p>\n","protected":false},"excerpt":{"rendered":"<h4>Balanstri smaksatt med f\u00e4rsk pepparmynta kombinerar h\u00f6gkvalitativa fiskoljor och en speciellt utvald extra virgin olivolja med ett h\u00f6gt inneh\u00e5ll av polyfenoler. Smaken och den betydande andelen extra virgin olivolja tar bort all fisksmak, vilket g\u00f6r det l\u00e4ttare f\u00f6r de flesta att ta sin dagliga dos.<\/h4>\n","protected":false},"featured_media":25154,"template":"","meta":{"_acf_changed":false,"inline_featured_image":false},"product_brand":[],"product_cat":[],"product_tag":[],"class_list":{"0":"post-25724","1":"product","2":"type-product","3":"status-publish","4":"has-post-thumbnail","6":"infinite-scroll-item","7":"sales-flash-overlay","8":"woocommerce-text-align-left","9":"woocommerce-image-align-center","10":"do-quantity-buttons","12":"first","13":"instock","14":"shipping-taxable","15":"purchasable","16":"product-type-simple"},"acf":[],"_links":{"self":[{"href":"https:\/\/www.effektri.com\/sv\/wp-json\/wp\/v2\/product\/25724","targetHints":{"allow":["GET"]}}],"collection":[{"href":"https:\/\/www.effektri.com\/sv\/wp-json\/wp\/v2\/product"}],"about":[{"href":"https:\/\/www.effektri.com\/sv\/wp-json\/wp\/v2\/types\/product"}],"wp:featuredmedia":[{"embeddable":true,"href":"https:\/\/www.effektri.com\/sv\/wp-json\/wp\/v2\/media\/25154"}],"wp:attachment":[{"href":"https:\/\/www.effektri.com\/sv\/wp-json\/wp\/v2\/media?parent=25724"}],"wp:term":[{"taxonomy":"product_brand","embeddable":true,"href":"https:\/\/www.effektri.com\/sv\/wp-json\/wp\/v2\/product_brand?post=25724"},{"taxonomy":"product_cat","embeddable":true,"href":"https:\/\/www.effektri.com\/sv\/wp-json\/wp\/v2\/product_cat?post=25724"},{"taxonomy":"product_tag","embeddable":true,"href":"https:\/\/www.effektri.com\/sv\/wp-json\/wp\/v2\/product_tag?post=25724"}],"curies":[{"name":"wp","href":"https:\/\/api.w.org\/{rel}","templated":true}]}}