
{"id":25720,"date":"2023-06-23T12:51:44","date_gmt":"2023-06-23T10:51:44","guid":{"rendered":"https:\/\/www.effektri.com\/?post_type=product&#038;p=25720"},"modified":"2023-07-05T15:25:18","modified_gmt":"2023-07-05T13:25:18","slug":"omega-3-for-hastar","status":"publish","type":"product","link":"https:\/\/www.effektri.com\/sv\/hast\/omega-3-for-hastar\/","title":{"rendered":"Effektri Omega-3 f\u00f6r h\u00e4star"},"content":{"rendered":"<h4>Effektri Omega-3 Equi: Ett h\u00f6gkvalitativt n\u00e4ringstillskott f\u00f6r h\u00e4star.\u00a0Uppt\u00e4ck Omega-3 Equi, ett f\u00f6rstklassigt n\u00e4ringstillskott designat speciellt f\u00f6r din h\u00e4st eller ponny. Denna exceptionella produkt inneh\u00e5ller en blandning av essentiella fettsyror, inklusive essentiella Omega-3 (ALA, EPA och DHA) fr\u00e5n fiskolja. Berikad med antioxidanter fr\u00e5n speciell extra vergine olivolja och vitamin D och E, ger den ett omfattande st\u00f6d f\u00f6r din h\u00e4stkamrats v\u00e4lbefinnande.<\/h4>\n<p><strong>Vad kan Effektri Omega-3 Equi g\u00f6ra f\u00f6r din h\u00e4st?<\/strong><\/p>\n<ul>\n<li>Fr\u00e4mjar h\u00e4mning av inflammatoriska processer, inklusive artros.<\/li>\n<li>Bidrar till att underh\u00e5lla friska och flexibla leder och muskler.<\/li>\n<li>Kan p\u00e5skynda \u00e5terh\u00e4mtningen efter rigor\u00f6s tr\u00e4ning eller anstr\u00e4ngning.<\/li>\n<li>F\u00f6rb\u00e4ttrar \u00f6vergripande motst\u00e5nd och prestanda.<\/li>\n<li>Bidrar till balanserad hormonbalans hos ston och hingstar.<\/li>\n<li>St\u00f6der s\u00e5rl\u00e4kningsprocessen.<\/li>\n<li>Fr\u00e4mjar en gl\u00e4nsande p\u00e4ls och en fyllig h\u00e4lsosam man.<\/li>\n<li>Fr\u00e4mjar stabiliteten i hormonbalansen<\/li>\n<li>Effektri Omega-3 Equi \u00e4r fri fr\u00e5n \u00e4mnen som \u00e4r listade p\u00e5 FEI:s dopinglista, vilket garanterar dess s\u00e4kerhet f\u00f6r anv\u00e4ndning i t\u00e4vlingsidrott.<\/li>\n<\/ul>\n<p>Att uppr\u00e4tth\u00e5lla r\u00e4tt fettsyrabalans \u00e4r avg\u00f6rande f\u00f6r din h\u00e4sts h\u00e4lsa och vitalitet. Omega-3 spelar en viktig roll f\u00f6r att s\u00e4kerst\u00e4lla sl\u00e4ta cellmembran och ger antiinflammatoriska effekter p\u00e5 cellniv\u00e5 i hela kroppen. Att uppn\u00e5 r\u00e4tt balans mellan Omega-3 och Omega-6 minskar ocks\u00e5 k\u00e4nsligheten f\u00f6r skador och fr\u00e4mjar snabbare \u00e5terh\u00e4mtning efter anstr\u00e4ngande tr\u00e4ningspass.<\/p>\n<ul>\n<li>F\u00f6r h\u00e4star och ponnyer i alla \u00e5ldrar<\/li>\n<li>Mycket h\u00e5llbar: 30 ml\/dag f\u00f6r 500 kg h\u00e4star och 5000 ml beh\u00e5llare tillg\u00e4nglig f\u00f6r stall.<\/li>\n<li>Omega-3 fettsyror fr\u00e5n raffinerad fiskolja kontrollerar inflammation<\/li>\n<li>Polyfenoler fr\u00e5n extra virgin olivolja g\u00f6r upptaget mycket effektivt<\/li>\n<li>Polyfenoler och naturligt vitamin E kontrollerar oxidationsstress<\/li>\n<li>Tillverkad i enlighet med de strikta kvalitetsstandarder som definieras av EU.<\/li>\n<li>Patenterad sammans\u00e4ttning<\/li>\n<\/ul>\n<p><strong>Sammans\u00e4ttning och n\u00e4ringsv\u00e4rde \u2013 20ml<\/strong><br \/>\nOmega-3 (EPA och DHA) fr\u00e5n fiskolja, naturliga antioxidanter (tokoferoler) fr\u00e5n kallpressad olivolja, vitamin D och E.Omega-3 fiskoljan \u00e4r framst\u00e4lld i enlighet med Europeiska unionens strikta kvalitetsstandard. L\u00e4kemedelskvalit\u00e9.<\/p>\n<table width=\"640\">\n<tbody>\n<tr>\n<td colspan=\"2\">N\u00e4ringsv\u00e4rde<\/td>\n<\/tr>\n<tr>\n<td>Energi<\/td>\n<td width=\"175\">164 kcal \/ 688 kJ<\/td>\n<\/tr>\n<tr>\n<td>Protin<\/td>\n<td width=\"175\">0 g<\/td>\n<\/tr>\n<tr>\n<td>Kolhydrater<\/td>\n<td width=\"175\">0 g<\/td>\n<\/tr>\n<tr>\n<td>Fetter<\/td>\n<td width=\"175\">18,3 g<\/td>\n<\/tr>\n<\/tbody>\n<\/table>\n<table width=\"640\">\n<tbody>\n<tr>\n<td colspan=\"2\"><strong>Fettsyraprofil<\/strong><\/td>\n<\/tr>\n<tr>\n<td>M\u00e4ttade fetter<\/td>\n<td width=\"175\">4077 mg<\/td>\n<\/tr>\n<tr>\n<td>Enkelom\u00e4ttad<\/td>\n<td width=\"175\">9148 mg<\/td>\n<\/tr>\n<tr>\n<td>Varav Omega-9<\/td>\n<td width=\"175\">7278 mg<\/td>\n<\/tr>\n<tr>\n<td>flerom\u00e4ttad<\/td>\n<td width=\"175\">4826 mg<\/td>\n<\/tr>\n<tr>\n<td>Varav Omega-6<\/td>\n<td width=\"175\">700 mg<\/td>\n<\/tr>\n<tr>\n<td>Och varav Omega-3<\/td>\n<td width=\"175\">3766 mg<\/td>\n<\/tr>\n<tr>\n<td>Varav C20:5 (EPA)<\/td>\n<td width=\"175\">2118 mg<\/td>\n<\/tr>\n<tr>\n<td>Varav C22:6 (DHA)<\/td>\n<td width=\"175\">958 mg<\/td>\n<\/tr>\n<tr>\n<td>Flavonoider (polyfenoler)<\/td>\n<td width=\"175\">5 mg<\/td>\n<\/tr>\n<tr>\n<td>Vitamin D<\/td>\n<td width=\"175\">1,66 mcg<\/td>\n<\/tr>\n<\/tbody>\n<\/table>\n<p><strong>\u00a0<\/strong><\/p>\n<p><strong><br \/>\nF\u00f6rvaringsr\u00e5d<\/strong><br \/>\nF\u00f6rvara o\u00f6ppnade flaskor m\u00f6rkt i rumstemperatur.F\u00f6rvara \u00f6ppnade flaskor p\u00e5 en sval och m\u00f6rk plats.<\/p>\n<p>Finns i 1.000 ml och 5.000 ml<\/p>\n","protected":false},"excerpt":{"rendered":"<h4>Effektri Omega-3 Equi: Ett h\u00f6gkvalitativt n\u00e4ringstillskott f\u00f6r h\u00e4star.\u00a0Uppt\u00e4ck Omega-3 Equi, ett f\u00f6rstklassigt n\u00e4ringstillskott designat speciellt f\u00f6r din h\u00e4st eller ponny. Denna exceptionella produkt inneh\u00e5ller en blandning av essentiella fettsyror, inklusive essentiella Omega-3 (ALA, EPA och DHA) fr\u00e5n fiskolja. Berikad med antioxidanter fr\u00e5n speciell extra vergine olivolja och vitamin D och E, ger den ett omfattande st\u00f6d f\u00f6r din h\u00e4stkamrats v\u00e4lbefinnande.<\/h4>\n<p class=\"list-title\"><strong>Vad kan Effektri Omega-3 Equi g\u00f6ra f\u00f6r din h\u00e4st?<\/strong><\/p>\n<ul>\n<li>Fr\u00e4mjar h\u00e4mning av inflammatoriska processer, inklusive artros.<\/li>\n<li>Bidrar till att underh\u00e5lla friska och flexibla leder och muskler.<\/li>\n<li>Kan p\u00e5skynda \u00e5terh\u00e4mtningen efter rigor\u00f6s tr\u00e4ning eller anstr\u00e4ngning.<\/li>\n<\/ul>\n","protected":false},"featured_media":25441,"template":"","meta":{"_acf_changed":false,"inline_featured_image":false},"product_brand":[],"product_cat":[197],"product_tag":[],"class_list":{"0":"post-25720","1":"product","2":"type-product","3":"status-publish","4":"has-post-thumbnail","6":"product_cat-hast","7":"infinite-scroll-item","8":"sales-flash-overlay","9":"woocommerce-text-align-left","10":"woocommerce-image-align-center","11":"do-quantity-buttons","12":"wc-has-gallery","14":"first","15":"instock","16":"shipping-taxable","17":"purchasable","18":"product-type-simple"},"acf":[],"_links":{"self":[{"href":"https:\/\/www.effektri.com\/sv\/wp-json\/wp\/v2\/product\/25720","targetHints":{"allow":["GET"]}}],"collection":[{"href":"https:\/\/www.effektri.com\/sv\/wp-json\/wp\/v2\/product"}],"about":[{"href":"https:\/\/www.effektri.com\/sv\/wp-json\/wp\/v2\/types\/product"}],"wp:featuredmedia":[{"embeddable":true,"href":"https:\/\/www.effektri.com\/sv\/wp-json\/wp\/v2\/media\/25441"}],"wp:attachment":[{"href":"https:\/\/www.effektri.com\/sv\/wp-json\/wp\/v2\/media?parent=25720"}],"wp:term":[{"taxonomy":"product_brand","embeddable":true,"href":"https:\/\/www.effektri.com\/sv\/wp-json\/wp\/v2\/product_brand?post=25720"},{"taxonomy":"product_cat","embeddable":true,"href":"https:\/\/www.effektri.com\/sv\/wp-json\/wp\/v2\/product_cat?post=25720"},{"taxonomy":"product_tag","embeddable":true,"href":"https:\/\/www.effektri.com\/sv\/wp-json\/wp\/v2\/product_tag?post=25720"}],"curies":[{"name":"wp","href":"https:\/\/api.w.org\/{rel}","templated":true}]}}