
{"id":25426,"date":"2023-06-06T15:10:50","date_gmt":"2023-06-06T13:10:50","guid":{"rendered":"https:\/\/www.effektri.com\/?page_id=25426"},"modified":"2023-06-06T15:10:52","modified_gmt":"2023-06-06T13:10:52","slug":"faq-sverige","status":"publish","type":"page","link":"https:\/\/www.effektri.com\/sv\/faq-sverige\/","title":{"rendered":"FAQ"},"content":{"rendered":"\n<p>P\u00e5 Effektri prioriterar vi snabba svar p\u00e5 dina f\u00f6rfr\u00e5gningar. Om du har en fr\u00e5ga som inte tas upp i de vanliga fr\u00e5gorna nedan, v\u00e4nligen kontakta oss via v\u00e5rt kontaktformul\u00e4r, via WhatsApp p\u00e5 0031 639 475700, eller genom att maila info@effektri.com. Vi kommer att str\u00e4va efter att ge dig ett snabbt svar.&nbsp;<\/p>\n\n\n\n<h4 class=\"gb-headline gb-headline-6d03a82d gb-headline-text\"><strong>Hur b\u00f6r jag dosera Effektri f\u00f6r min hund?<\/strong><\/h4>\n\n\n\n<p>Vi rekommenderar en daglig dos p\u00e5 0,25 ml per kilogram av din hunds kroppsvikt. Till exempel skulle en vuxen labrador som v\u00e4ger 40 kg beh\u00f6va en daglig dos p\u00e5 10 ml (40 x 0,25 ml). En vuxen tax som v\u00e4ger 14 kilo skulle beh\u00f6va 3,5 ml (14 x 0,25 ml), medan en vuxen Grand Danois som v\u00e4ger 70 kilo skulle beh\u00f6va 17,5 ml (70 x 0,25 ml).&nbsp;<\/p>\n\n\n\n<p>F\u00f6r st\u00f6rre hundar kan du m\u00e4ta l\u00e4mplig m\u00e4ngd med 500 ml- och 1000 ml-flaskorna genom att kl\u00e4mma p\u00e5 flaskan. F\u00f6r mindre hundar, valpar eller 250 ml-flaskan \u00e4r det b\u00e4st att m\u00e4ta oljan med en tesked eller matsked.&nbsp;<br><br>En hel tesked inneh\u00e5ller 5 ml olja och en hel matsked inneh\u00e5ller 15 ml olja.Det \u00e4r inga problem om du ger lite mer olja och f\u00f6r hundar med hudbesv\u00e4r, artros eller stela leder\/muskler rekommenderar vi att \u00f6ka eller till och med dubbla den dagliga dosen.&nbsp;<\/p>\n\n\n\n<h4 class=\"gb-headline gb-headline-12b50bbb gb-headline-text\"><strong>Varf\u00f6r anv\u00e4nder ni animalisk olja (fiskolja) som grund f\u00f6r Omega-3 ist\u00e4llet f\u00f6r vegetabilisk olja?<\/strong><\/h4>\n\n\n\n<p>\u00c4ven om linfr\u00f6 \u00e4r en k\u00e4nd k\u00e4lla till omega-3, inneh\u00e5ller det bara alfa-linolensyra (ALA), en vegetabilisk omega-3. H\u00e4star och hundar beh\u00f6ver omvandla ALA till animaliskt omega-3 (DHA och EPA), vilket \u00e4r en ineffektiv process med endast en omvandlingsfrekvens p\u00e5 5 % till 10 %. Effektri inneh\u00e5ller EPA och DHA i r\u00e4tt f\u00f6rh\u00e5llande, vilket eliminerar behovet av konvertering.&nbsp;<\/p>\n\n\n\n<p>Genom att anv\u00e4nda fiskolja uppn\u00e5r Effektri h\u00f6gre effektivitet och snabbare resultat. Dessutom beh\u00f6ver du en mindre m\u00e4ngd olja f\u00f6r att uppn\u00e5 b\u00e4ttre resultat.&nbsp;<\/p>\n\n\n\n<h4 class=\"gb-headline gb-headline-5db3f8fe gb-headline-text\"><strong>\u00c4r fisken som anv\u00e4nds f\u00f6r Effektri odlad eller vild?<\/strong><\/h4>\n\n\n\n<p>Fisken som vi anv\u00e4nder till v\u00e5r olja f\u00e5ngas runt Island. Vi anv\u00e4nder inte odlad fisk eftersom deras kvalitet ofta \u00e4r s\u00e4mre \u00e4n vild fisk och de kan inneh\u00e5lla h\u00f6ga halter av PCB och dioxiner. V\u00e5r olja \u00e4r renad enligt EU:s strikta kvalitetsstandarder, vilket s\u00e4kerst\u00e4ller att den \u00e4r fri fr\u00e5n f\u00f6roreningar eller tungmetaller. Kvaliteten \u00e4r s\u00e5 utm\u00e4rkt att v\u00e5r olja \u00e4ven l\u00e4mpar sig f\u00f6r m\u00e4nsklig konsumtion.&nbsp;<\/p>\n\n\n\n<h4 class=\"gb-headline gb-headline-c69f7a99 gb-headline-text\"><strong>Vad skiljer Effektri fr\u00e5n andra Omega 3 (6,9) kosttillskott som redan finns tillg\u00e4ngliga?<\/strong><\/h4>\n\n\n\n<p>F\u00f6r att svara korrekt p\u00e5 denna fr\u00e5ga \u00e4r det viktigt att f\u00f6rst\u00e5 att b\u00e5de m\u00e4nniskor och djur naturligt har b\u00e5de Omega-3 och Omega-6 i sina kroppar.&nbsp;Om h\u00e4star har tillg\u00e5ng till bete \u00e5ret runt kan de uppr\u00e4tth\u00e5lla denna balans p\u00e5 egen hand. D\u00e4remot inneh\u00e5ller grovfoder och kraftfoder en betydande m\u00e4ngd Omega-6 och v\u00e4ldigt lite Omega-3, vilket resulterar i att m\u00e5nga h\u00e4star har brist p\u00e5 Omega-3.&nbsp;<\/p>\n\n\n\n<p>Vi har valt att inte ta med f\u00f6r mycket Omega-6 och endast en liten m\u00e4ngd Omega-9 i Balanstri, eftersom h\u00e4star ofta f\u00e5r ett \u00f6verskott av dessa n\u00e4rings\u00e4mnen genom sitt foder. F\u00f6rekomsten av Omega-6 (linolsyra) kan potentiellt fr\u00e4mja inflammation, vilket g\u00f6r det avg\u00f6rande att \u00e5terst\u00e4lla och uppr\u00e4tth\u00e5lla balansen mellan Omega-3 och Omega-6.&nbsp;<\/p>\n\n\n\n<p>Det som skiljer v\u00e5r olja fr\u00e5n andra Omega 3-, 6- och 9-oljor \u00e4r dess \u00f6verl\u00e4gsna kvalitet och den h\u00f6gre koncentrationen av Omega-3 den inneh\u00e5ller.&nbsp;<\/p>\n\n\n\n<p>De flesta omega 3-6-9-produkter p\u00e5 marknaden inneh\u00e5ller v\u00e4xtbaserad Omega-3 (alfa-linolensyra) i s\u00e5 minimala m\u00e4ngder (vanligtvis runt 0, 03 procent) att dess inverkan \u00e4r f\u00f6rsumbar. Effektri Equi, \u00e5 andra sidan, \u00e4r tillverkad av fiskolja och berikad med naturliga antioxidanter och vitamin D och E, enligt EU:s str\u00e4nga kvalitetsstandarder.&nbsp;<\/p>\n\n\n\n<p>Man kan ifr\u00e5gas\u00e4tta anv\u00e4ndningen av fiskolja f\u00f6r h\u00e4star och hundar. Vi \u00e4r av en annan uppfattning, och lyckligtvis delar m\u00e5nga veterin\u00e4rer, \u00e5terf\u00f6rs\u00e4ljare och kunder v\u00e5r \u00e5sikt. Anledningen till att vi anv\u00e4nder fiskolja som bas f\u00f6r v\u00e5r Omega-3-olja \u00e4r enkel. Vegetabiliska oljor inneh\u00e5ller endast alfa-linolensyra (ALA) och saknar EPA och DHA, som \u00e4r essentiella animaliska omega-3. H\u00e4star och hundar m\u00e5ste omvandla ALA till EPA och DHA, en process som inte \u00e4r s\u00e4rskilt effektiv, med endast 5 % till 10 % omvandlingsfrekvens. Effektri inneh\u00e5ller EPA och DHA i r\u00e4tt proportioner, vilket eliminerar behovet av konvertering. Detta g\u00f6r Effektri mycket effektivare och snabbare. Dessutom kr\u00e4ver det relativt mindre kvantitet, vilket g\u00f6r det kostnadseffektivt.&nbsp;<\/p>\n\n\n\n<p>Dessutom genomg\u00e5r fiskoljan som anv\u00e4nds i Effektri rening enligt de strikta EU-standarderna, vilket s\u00e4kerst\u00e4ller att alla animaliska proteiner tas bort.&nbsp;<\/p>\n\n\n\n<h4 class=\"gb-headline gb-headline-9fc5f460 gb-headline-text\"><strong>Kan oljan \u00e4ndra f\u00e4rg och \u00e4r det skadligt?<\/strong><\/h4>\n\n\n\n<p>Effektri \u00e4r en blandning av oljor, och som alla fetter kan den stelna l\u00e5ngsamt vid l\u00e4gre temperaturer.&nbsp;Generellt sett f\u00f6rblir v\u00e5r olja klar, ljus i f\u00e4rgen och flytande till cirka 4 grader \u00f6ver noll.&nbsp;Men vid temperaturer n\u00e4ra fryspunkten kan det bli molnigt och se m\u00f6rkare ut. Under s\u00e5dana tider kanske det inte flyter lika smidigt genom doseringssystemet. \u00c4nd\u00e5 indikerar f\u00f6r\u00e4ndringen i f\u00e4rg eller struktur inte n\u00e5gon skada eller f\u00f6rst\u00f6relse. L\u00e5t den bara sitta i rumstemperatur en stund, s\u00e5 kommer oljan att \u00e5terf\u00e5 sin klarhet och smidighet.&nbsp;<\/p>\n\n\n\n<h4 class=\"gb-headline gb-headline-1422e3f4 gb-headline-text\"><strong>Finns det n\u00e5gra k\u00e4nda biverkningar av att anv\u00e4nda Effektri p\u00e5 h\u00e4star och hundar?<\/strong><\/h4>\n\n\n\n<p>Det finns inga k\u00e4nda biverkningar i samband med Balanstri. V\u00e5r omega-3 olja \u00e4r fri fr\u00e5n allergiframkallande \u00e4mnen och renad f\u00f6r att ta bort proteiner. Effektri \u00e4r en helt naturlig produkt som inte inneh\u00e5ller n\u00e5gra \u00e4mnen upptagna p\u00e5 FEI:s dopinglista f\u00f6r h\u00e4star.&nbsp;<\/p>\n\n\n\n<h4 class=\"gb-headline gb-headline-e7a34241 gb-headline-text\"><strong>Kan det vara effektivt f\u00f6r hundar med husdammskvalsterallergi, som ofta leder till inflammationsben\u00e4gen hud?<\/strong><\/h4>\n\n\n\n<p>Effektri har antiinflammatoriska egenskaper som kan hj\u00e4lpa till att lindra kl\u00e5da och hj\u00e4lpa till att \u00e5terh\u00e4mta huden. Det \u00e4r dock viktigt att notera att Effektri inte \u00e4r ett l\u00e4kemedel utan ett n\u00e4ringstillskott som kan st\u00f6dja hundar med allergier, inklusive de som orsakas av husdammskvalster.&nbsp;<\/p>\n","protected":false},"excerpt":{"rendered":"<p>P\u00e5 Effektri prioriterar vi snabba svar p\u00e5 dina f\u00f6rfr\u00e5gningar. Om du har en fr\u00e5ga som inte tas upp i de vanliga fr\u00e5gorna nedan, v\u00e4nligen kontakta oss via v\u00e5rt kontaktformul\u00e4r, via WhatsApp p\u00e5 0031 639 475700, eller genom att maila info@effektri.com. Vi kommer att str\u00e4va efter att ge dig ett snabbt svar.&nbsp; Hur b\u00f6r jag dosera &#8230; <\/p>\n<p class=\"read-more-container\"><a title=\"FAQ\" class=\"read-more button\" href=\"https:\/\/www.effektri.com\/sv\/faq-sverige\/#more-25426\" aria-label=\"Mer p\u00e5 FAQ\">Lees meer<\/a><\/p>\n","protected":false},"author":2,"featured_media":0,"parent":0,"menu_order":0,"comment_status":"closed","ping_status":"closed","template":"","meta":{"_acf_changed":false,"inline_featured_image":false,"footnotes":""},"class_list":{"0":"post-25426","1":"page","2":"type-page","3":"status-publish","5":"infinite-scroll-item"},"acf":[],"_links":{"self":[{"href":"https:\/\/www.effektri.com\/sv\/wp-json\/wp\/v2\/pages\/25426","targetHints":{"allow":["GET"]}}],"collection":[{"href":"https:\/\/www.effektri.com\/sv\/wp-json\/wp\/v2\/pages"}],"about":[{"href":"https:\/\/www.effektri.com\/sv\/wp-json\/wp\/v2\/types\/page"}],"author":[{"embeddable":true,"href":"https:\/\/www.effektri.com\/sv\/wp-json\/wp\/v2\/users\/2"}],"replies":[{"embeddable":true,"href":"https:\/\/www.effektri.com\/sv\/wp-json\/wp\/v2\/comments?post=25426"}],"version-history":[{"count":1,"href":"https:\/\/www.effektri.com\/sv\/wp-json\/wp\/v2\/pages\/25426\/revisions"}],"predecessor-version":[{"id":25427,"href":"https:\/\/www.effektri.com\/sv\/wp-json\/wp\/v2\/pages\/25426\/revisions\/25427"}],"wp:attachment":[{"href":"https:\/\/www.effektri.com\/sv\/wp-json\/wp\/v2\/media?parent=25426"}],"curies":[{"name":"wp","href":"https:\/\/api.w.org\/{rel}","templated":true}]}}