
{"id":25359,"date":"2023-06-06T14:17:56","date_gmt":"2023-06-06T12:17:56","guid":{"rendered":"https:\/\/www.effektri.com\/?page_id=25359"},"modified":"2023-06-21T15:24:47","modified_gmt":"2023-06-21T13:24:47","slug":"kontaktformular","status":"publish","type":"page","link":"https:\/\/www.effektri.com\/sv\/kontaktformular\/","title":{"rendered":"Kontaktformul\u00e4r"},"content":{"rendered":"\n<h4 class=\"gb-headline gb-headline-bb36780e gb-headline-text\"><strong>Hur kan vi hj\u00e4lpa dig?<\/strong><\/h4>\n\n\n\n<p>Har du en fr\u00e5ga om v\u00e5r hemsida, v\u00e5r tj\u00e4nst eller om en produkt och du hittar inte svaret p\u00e5 v\u00e5r sida? V\u00e4nligen kontakta oss p\u00e5:&nbsp;<\/p>\n\n\n\n<h4 class=\"gb-headline gb-headline-eb02ad5a gb-headline-text\">E-post<\/h4>\n\n\n\n<p>Du kan maila oss p\u00e5 info@effektri.com eller&nbsp;<strong>info@Balanstri.com<\/strong><br>Vi mailar dig tillbaka s\u00e5 snart som m\u00f6jligt.<\/p>\n\n\n\n<h4 class=\"gb-headline gb-headline-e4ae4de1 gb-headline-text\">WhatsApp<\/h4>\n\n\n\n<p>Vill du hellre appa med oss?Du kan g\u00f6ra det p\u00e5 numret:&nbsp;<strong>+31 (0) 6 39 4757 00<\/strong><\/p>\n\n\n\n<h4 class=\"gb-headline gb-headline-8d5d6b88 gb-headline-text\">Alla v\u00e5ra data<\/h4>\n\n\n\n<p>Bioactri BV \u2013 Effektri<br>PO 70<br>8560 AB Balk<\/p>\n\n\n\n<p>Pypsterstikke 29<br>8561AW Balk<br>The Netherlands<\/p>\n\n\n\n<p>Info@effektri.com<\/p>\n\n\n\n<p><a href=\"mailto:info@Balanstri.com\"><\/a>+31 6 39475700&nbsp;<\/p>\n\n\n\n<p>Momsnummer: NL851575699B01<br>Nederl\u00e4ndska handelskammarens nummer: 55124518<\/p>\n\n\n\n<p><\/p>\n\n\n\n<div class=\"wp-block-contact-form-7-contact-form-selector\">\n<div class=\"wpcf7 no-js\" id=\"wpcf7-f25587-o1\" lang=\"sv-SE\" dir=\"ltr\" data-wpcf7-id=\"25587\">\n<div class=\"screen-reader-response\"><p role=\"status\" aria-live=\"polite\" aria-atomic=\"true\"><\/p> <ul><\/ul><\/div>\n<form action=\"\/sv\/wp-json\/wp\/v2\/pages\/25359#wpcf7-f25587-o1\" method=\"post\" class=\"wpcf7-form init\" aria-label=\"Kontaktformul\u00e4r\" novalidate=\"novalidate\" data-status=\"init\">\n<fieldset class=\"hidden-fields-container\"><input type=\"hidden\" name=\"_wpcf7\" value=\"25587\" \/><input type=\"hidden\" name=\"_wpcf7_version\" value=\"6.1.5\" \/><input type=\"hidden\" name=\"_wpcf7_locale\" value=\"sv_SE\" \/><input type=\"hidden\" name=\"_wpcf7_unit_tag\" value=\"wpcf7-f25587-o1\" \/><input type=\"hidden\" name=\"_wpcf7_container_post\" value=\"0\" \/><input type=\"hidden\" name=\"_wpcf7_posted_data_hash\" value=\"\" \/>\n<\/fieldset>\n<div class=\"double-el\">\n\t<div class=\"form-row\">\n\t\t<p><label>Namn<\/label><br \/>\n<span class=\"wpcf7-form-control-wrap\" data-name=\"your-name\"><input size=\"40\" maxlength=\"400\" class=\"wpcf7-form-control wpcf7-text wpcf7-validates-as-required\" autocomplete=\"no\" aria-required=\"true\" aria-invalid=\"false\" value=\"\" type=\"text\" name=\"your-name\" \/><\/span>\n\t\t<\/p>\n\t<\/div>\n\t<div class=\"form-row\">\n\t\t<p><label> E-post<\/label><br \/>\n<span class=\"wpcf7-form-control-wrap\" data-name=\"your-email\"><input size=\"40\" maxlength=\"400\" class=\"wpcf7-form-control wpcf7-email wpcf7-validates-as-required wpcf7-text wpcf7-validates-as-email\" autocomplete=\"no\" aria-required=\"true\" aria-invalid=\"false\" value=\"\" type=\"email\" name=\"your-email\" \/><\/span>\n\t\t<\/p>\n\t<\/div>\n<\/div>\n<div class=\"form-row\">\n\t<p><label> Din fr\u00e5ga <\/label><br \/>\n<span class=\"wpcf7-form-control-wrap\" data-name=\"your-message\"><textarea cols=\"40\" rows=\"10\" maxlength=\"2000\" class=\"wpcf7-form-control wpcf7-textarea\" aria-invalid=\"false\" name=\"your-message\"><\/textarea><\/span>\n\t<\/p>\n<\/div>\n<div class=\"form-row\">\n\t<p><input class=\"wpcf7-form-control wpcf7-submit has-spinner\" type=\"submit\" value=\"skicka\" \/>\n\t<\/p>\n<\/div><div class=\"wpcf7-response-output\" aria-hidden=\"true\"><\/div>\n<\/form>\n<\/div>\n<\/div>\n","protected":false},"excerpt":{"rendered":"<p>Hur kan vi hj\u00e4lpa dig? Har du en fr\u00e5ga om v\u00e5r hemsida, v\u00e5r tj\u00e4nst eller om en produkt och du hittar inte svaret p\u00e5 v\u00e5r sida? V\u00e4nligen kontakta oss p\u00e5:&nbsp; E-post Du kan maila oss p\u00e5 info@effektri.com eller&nbsp;info@Balanstri.comVi mailar dig tillbaka s\u00e5 snart som m\u00f6jligt. WhatsApp Vill du hellre appa med oss?Du kan g\u00f6ra det &#8230; <\/p>\n<p class=\"read-more-container\"><a title=\"Kontaktformul\u00e4r\" class=\"read-more button\" href=\"https:\/\/www.effektri.com\/sv\/kontaktformular\/#more-25359\" aria-label=\"Mer p\u00e5 Kontaktformul\u00e4r\">Lees meer<\/a><\/p>\n","protected":false},"author":2,"featured_media":0,"parent":0,"menu_order":0,"comment_status":"closed","ping_status":"closed","template":"","meta":{"_acf_changed":false,"inline_featured_image":false,"footnotes":""},"class_list":{"0":"post-25359","1":"page","2":"type-page","3":"status-publish","5":"infinite-scroll-item"},"acf":[],"_links":{"self":[{"href":"https:\/\/www.effektri.com\/sv\/wp-json\/wp\/v2\/pages\/25359","targetHints":{"allow":["GET"]}}],"collection":[{"href":"https:\/\/www.effektri.com\/sv\/wp-json\/wp\/v2\/pages"}],"about":[{"href":"https:\/\/www.effektri.com\/sv\/wp-json\/wp\/v2\/types\/page"}],"author":[{"embeddable":true,"href":"https:\/\/www.effektri.com\/sv\/wp-json\/wp\/v2\/users\/2"}],"replies":[{"embeddable":true,"href":"https:\/\/www.effektri.com\/sv\/wp-json\/wp\/v2\/comments?post=25359"}],"version-history":[{"count":4,"href":"https:\/\/www.effektri.com\/sv\/wp-json\/wp\/v2\/pages\/25359\/revisions"}],"predecessor-version":[{"id":25601,"href":"https:\/\/www.effektri.com\/sv\/wp-json\/wp\/v2\/pages\/25359\/revisions\/25601"}],"wp:attachment":[{"href":"https:\/\/www.effektri.com\/sv\/wp-json\/wp\/v2\/media?parent=25359"}],"curies":[{"name":"wp","href":"https:\/\/api.w.org\/{rel}","templated":true}]}}