
{"id":25346,"date":"2023-06-06T13:35:57","date_gmt":"2023-06-06T11:35:57","guid":{"rendered":"https:\/\/www.effektri.com\/?page_id=25346"},"modified":"2023-06-06T13:35:59","modified_gmt":"2023-06-06T11:35:59","slug":"specialblandningar","status":"publish","type":"page","link":"https:\/\/www.effektri.com\/sv\/specialblandningar\/","title":{"rendered":"SPECIALBLANDNINGAR"},"content":{"rendered":"\n<p>Vi erbjuder en rad tj\u00e4nster relaterade till kosttillskott och oljeblandningar. F\u00f6rutom v\u00e5ra egna Effektri och Balanstri-tillskott \u00e4r vi specialiserade p\u00e5 att utveckla och tillverka skr\u00e4ddarsydda formuleringar f\u00f6r tredjepartskunder. V\u00e5r expertis str\u00e4cker sig till b\u00e5de djurfoderproducenter och m\u00e4nskliga livsmedelsproducenter. Nyckelkravet f\u00f6r dessa samarbeten \u00e4r att blandningen eller till\u00e4gget kommer fr\u00e5n v\u00e5r premium omega-3 fiskolja, utan att kompromissa med kvalitet eller hygien. Vi har en minsta ink\u00f6pskvantitet p\u00e5 1 000 liter.\u00a0<\/p>\n\n\n\n<p>Till exempel samarbetade vi med Tassu Foods, ett finskt f\u00f6retag, f\u00f6r att skapa en koncentrerad omega-3-blandning med havtornsolja och rosmarinolja. En annan kund, Schnellman \u2013 Mush, f\u00f6rlitar sig p\u00e5 oss f\u00f6r en speciell blandning som f\u00f6rb\u00e4ttrar deras frystorkade RAW hundfoder med essentiella fettsyror EPA och DHA.\u00a0<\/p>\n\n\n\n<p>Dessutom levererar vi en oljeblandning till Grimur Kokkur p\u00e5 Island, vilket berikar deras f\u00e4rdigr\u00e4tter.\u00a0<\/p>\n\n\n\n<p>Var s\u00e5 s\u00e4ker; alla v\u00e5ra blandningar f\u00f6ljer strikt de h\u00f6gsta kvalitetsstandarderna. Om du vill diskutera vidare eller utbyta tankar om dessa erbjudanden, tveka inte att kontakta oss. Du n\u00e5r oss genom att anv\u00e4nda formul\u00e4ret nedan eller genom att maila janneke@effektri.com&nbsp;<\/p>\n\n\n\n<p><\/p>\n","protected":false},"excerpt":{"rendered":"<p>Vi erbjuder en rad tj\u00e4nster relaterade till kosttillskott och oljeblandningar. F\u00f6rutom v\u00e5ra egna Effektri och Balanstri-tillskott \u00e4r vi specialiserade p\u00e5 att utveckla och tillverka skr\u00e4ddarsydda formuleringar f\u00f6r tredjepartskunder. V\u00e5r expertis str\u00e4cker sig till b\u00e5de djurfoderproducenter och m\u00e4nskliga livsmedelsproducenter. Nyckelkravet f\u00f6r dessa samarbeten \u00e4r att blandningen eller till\u00e4gget kommer fr\u00e5n v\u00e5r premium omega-3 fiskolja, utan att &#8230; <\/p>\n<p class=\"read-more-container\"><a title=\"SPECIALBLANDNINGAR\" class=\"read-more button\" href=\"https:\/\/www.effektri.com\/sv\/specialblandningar\/#more-25346\" aria-label=\"Mer p\u00e5 SPECIALBLANDNINGAR\">Lees meer<\/a><\/p>\n","protected":false},"author":2,"featured_media":25130,"parent":0,"menu_order":0,"comment_status":"closed","ping_status":"closed","template":"","meta":{"_acf_changed":false,"inline_featured_image":false,"footnotes":""},"class_list":{"0":"post-25346","1":"page","2":"type-page","3":"status-publish","4":"has-post-thumbnail","6":"infinite-scroll-item"},"acf":[],"_links":{"self":[{"href":"https:\/\/www.effektri.com\/sv\/wp-json\/wp\/v2\/pages\/25346","targetHints":{"allow":["GET"]}}],"collection":[{"href":"https:\/\/www.effektri.com\/sv\/wp-json\/wp\/v2\/pages"}],"about":[{"href":"https:\/\/www.effektri.com\/sv\/wp-json\/wp\/v2\/types\/page"}],"author":[{"embeddable":true,"href":"https:\/\/www.effektri.com\/sv\/wp-json\/wp\/v2\/users\/2"}],"replies":[{"embeddable":true,"href":"https:\/\/www.effektri.com\/sv\/wp-json\/wp\/v2\/comments?post=25346"}],"version-history":[{"count":1,"href":"https:\/\/www.effektri.com\/sv\/wp-json\/wp\/v2\/pages\/25346\/revisions"}],"predecessor-version":[{"id":25347,"href":"https:\/\/www.effektri.com\/sv\/wp-json\/wp\/v2\/pages\/25346\/revisions\/25347"}],"wp:featuredmedia":[{"embeddable":true,"href":"https:\/\/www.effektri.com\/sv\/wp-json\/wp\/v2\/media\/25130"}],"wp:attachment":[{"href":"https:\/\/www.effektri.com\/sv\/wp-json\/wp\/v2\/media?parent=25346"}],"curies":[{"name":"wp","href":"https:\/\/api.w.org\/{rel}","templated":true}]}}