
{"id":25708,"date":"2023-06-23T11:00:19","date_gmt":"2023-06-23T09:00:19","guid":{"rendered":"https:\/\/www.effektri.com\/?post_type=product&#038;p=25708"},"modified":"2023-07-05T14:50:54","modified_gmt":"2023-07-05T12:50:54","slug":"effektri-gold-hest","status":"publish","type":"product","link":"https:\/\/www.effektri.com\/nb\/hest\/effektri-gold-hest\/","title":{"rendered":"Effektri Gold Hest"},"content":{"rendered":"<p style=\"font-weight: 400;\">Effektri Gold er en spesialisert flytende formel designet for eldre hester og hester med ledd problemer. Den inneholder essensielle n\u00e6ringsstoffer som fremmer brusk og leddhelse. Denne unike blandingen kombinerer fiskeolje av farmas\u00f8ytisk kvalitet rik p\u00e5 omega-3-fettsyrer, vitaminer og n\u00f8ye utvalgte n\u00e6ringsstoffer som st\u00f8tter bruskreparasjon og leddsm\u00f8ring.<\/p>\n<p><strong>Hovedfordeler Effektri Gold Hest:<\/strong><\/p>\n<ul>\n<li>Fremmer sunne og fleksible muskler og ledd<\/li>\n<li>St\u00f8tter bruskhelsen<\/li>\n<li>Passer for eldre hester, aktive hester og hester med leddgikt<\/li>\n<li>Bidrar til \u00e5 hemme inflammatoriske prosesser<\/li>\n<li>Kan brukes forebyggende<\/li>\n<\/ul>\n<p><strong>Ingredienser:<\/strong><\/p>\n<ul>\n<li>Omega-3 olje (ALA, EPA og DHA) fra fisk<\/li>\n<li>Kaldpresset jomfruelig olivenolje<\/li>\n<li>Naturlige antioksidanter (flavonoider)<\/li>\n<li>D-Glukosamin<\/li>\n<li>MSM (metylsulfonylmetan)<\/li>\n<li>Kondroitinsulfat<\/li>\n<li>RRR-alfa-tokoferol (naturlig vitamin E)<\/li>\n<li>Vitamin D<\/li>\n<li>Kaliumsorbat.<\/li>\n<\/ul>\n<p>V\u00e5r Omega-3-olje er produsert i henhold til EUs strenge kvalitetsstandarder. Fiskeoljen som brukes i Effektri produktene er produsert i henhold til b\u00e6rekraftig fiskeripraksis.<\/p>\n","protected":false},"excerpt":{"rendered":"<h4>Effektri Gold er en spesialisert flytende formel designet for eldre hester og hester med ledd problemer. Den inneholder essensielle n\u00e6ringsstoffer som fremmer brusk og leddhelse. Denne unike blandingen kombinerer fiskeolje av farmas\u00f8ytisk kvalitet rik p\u00e5 omega-3-fettsyrer, vitaminer og n\u00f8ye utvalgte n\u00e6ringsstoffer som st\u00f8tter bruskreparasjon og leddsm\u00f8ring.<\/h4>\n<p class=\"list-title\"><strong>Hovedfordeler Effektri Gold Hest:<\/strong><\/p>\n<ul>\n<li>Fremmer sunne og fleksible muskler og ledd<\/li>\n<li>St\u00f8tter bruskhelsen<\/li>\n<li>Passer for eldre hester, aktive hester og hester med leddgikt<\/li>\n<li>Bidrar til \u00e5 hemme inflammatoriske prosesser<\/li>\n<li>Kan brukes forebyggende<\/li>\n<\/ul>\n","protected":false},"featured_media":25081,"template":"","meta":{"_acf_changed":false,"inline_featured_image":false},"product_brand":[],"product_cat":[194],"product_tag":[],"class_list":{"0":"post-25708","1":"product","2":"type-product","3":"status-publish","4":"has-post-thumbnail","6":"product_cat-hest","7":"infinite-scroll-item","8":"sales-flash-overlay","9":"woocommerce-text-align-left","10":"woocommerce-image-align-center","11":"do-quantity-buttons","13":"first","14":"instock","15":"shipping-taxable","16":"purchasable","17":"product-type-simple"},"acf":[],"_links":{"self":[{"href":"https:\/\/www.effektri.com\/nb\/wp-json\/wp\/v2\/product\/25708","targetHints":{"allow":["GET"]}}],"collection":[{"href":"https:\/\/www.effektri.com\/nb\/wp-json\/wp\/v2\/product"}],"about":[{"href":"https:\/\/www.effektri.com\/nb\/wp-json\/wp\/v2\/types\/product"}],"wp:featuredmedia":[{"embeddable":true,"href":"https:\/\/www.effektri.com\/nb\/wp-json\/wp\/v2\/media\/25081"}],"wp:attachment":[{"href":"https:\/\/www.effektri.com\/nb\/wp-json\/wp\/v2\/media?parent=25708"}],"wp:term":[{"taxonomy":"product_brand","embeddable":true,"href":"https:\/\/www.effektri.com\/nb\/wp-json\/wp\/v2\/product_brand?post=25708"},{"taxonomy":"product_cat","embeddable":true,"href":"https:\/\/www.effektri.com\/nb\/wp-json\/wp\/v2\/product_cat?post=25708"},{"taxonomy":"product_tag","embeddable":true,"href":"https:\/\/www.effektri.com\/nb\/wp-json\/wp\/v2\/product_tag?post=25708"}],"curies":[{"name":"wp","href":"https:\/\/api.w.org\/{rel}","templated":true}]}}