
{"id":25707,"date":"2023-06-23T10:58:04","date_gmt":"2023-06-23T08:58:04","guid":{"rendered":"https:\/\/www.effektri.com\/?post_type=product&#038;p=25707"},"modified":"2023-07-05T14:53:31","modified_gmt":"2023-07-05T12:53:31","slug":"effektri-gold-hund","status":"publish","type":"product","link":"https:\/\/www.effektri.com\/nb\/hund\/effektri-gold-hund\/","title":{"rendered":"Effektri Gold Hund"},"content":{"rendered":"<h4>Effektri Gold er en spesialisert flytende formel designet for eldre hunder og hunder med ledd problemer. Den inneholder essensielle n\u00e6ringsstoffer som fremmer brusk og leddhelse. Denne unike blandingen kombinerer fiskeolje av farmas\u00f8ytisk kvalitet rik p\u00e5 omega-3-fettsyrer, antioksidanter fra oliven, vitaminer og n\u00f8ye utvalgte n\u00e6ringsstoffer som st\u00f8tter bruskreparasjon og leddsm\u00f8ring.<\/h4>\n<p><strong>Hovedfordeler:<\/strong><\/p>\n<ul>\n<li>Fremmer sunne og fleksible muskler og ledd<\/li>\n<li>St\u00f8tter bruskhelsen<\/li>\n<li>Passer for eldre hunder, aktive hunder og hunder med ledd problemer<\/li>\n<li>Bidrar til \u00e5 hemme inflammatoriske prosesser<\/li>\n<li>Kan brukes forebyggende<\/li>\n<li>Anbefalt daglig dose: Rist godt f\u00f8r bruk og doser 0,30 ml per kilo kroppsvekt.<\/li>\n<\/ul>\n<p><strong>Ingredienser:<\/strong><\/p>\n<ul>\n<li>Omega-3 olje (ALA, EPA og DHA) fra fisk<\/li>\n<li>Kaldpresset jomfruelig olivenolje<\/li>\n<li>Naturlige antioksidanter (flavonoider)<\/li>\n<li>D-Glukosamin<\/li>\n<li>MSM (metylsulfonylmetan)<\/li>\n<li>Kondroitinsulfat<\/li>\n<li>RRR-alfa-tokoferol (naturlig vitamin E)<\/li>\n<li>Vitamin D<\/li>\n<li>Kaliumsorbat.<\/li>\n<\/ul>\n<p>V\u00e5r Omega-3-olje er produsert i henhold til EUs strenge kvalitetsstandarder. Fiskeoljen som brukes i Effektri produktene er produsert i henhold til b\u00e6rekraftig fiskeripraksis.<\/p>\n","protected":false},"excerpt":{"rendered":"<h4>Effektri Gold er en spesialisert flytende formel designet for eldre hunder og hunder med ledd problemer. Den inneholder essensielle n\u00e6ringsstoffer som fremmer brusk og leddhelse. Denne unike blandingen kombinerer fiskeolje av farmas\u00f8ytisk kvalitet rik p\u00e5 omega-3-fettsyrer, antioksidanter fra oliven, vitaminer og n\u00f8ye utvalgte n\u00e6ringsstoffer som st\u00f8tter bruskreparasjon og leddsm\u00f8ring.<\/h4>\n<p class=\"list-title\"><strong>Hovedfordeler:<\/strong><\/p>\n<ul>\n<li>Fremmer sunne og fleksible muskler og ledd<\/li>\n<li>St\u00f8tter bruskhelsen<\/li>\n<li>Passer for eldre hunder, aktive hunder og hunder med ledd problemer<\/li>\n<\/ul>\n","protected":false},"featured_media":25087,"template":"","meta":{"_acf_changed":false,"inline_featured_image":false},"product_brand":[],"product_cat":[195],"product_tag":[],"class_list":{"0":"post-25707","1":"product","2":"type-product","3":"status-publish","4":"has-post-thumbnail","6":"product_cat-hund","7":"infinite-scroll-item","8":"sales-flash-overlay","9":"woocommerce-text-align-left","10":"woocommerce-image-align-center","11":"do-quantity-buttons","13":"first","14":"instock","15":"shipping-taxable","16":"purchasable","17":"product-type-simple"},"acf":[],"_links":{"self":[{"href":"https:\/\/www.effektri.com\/nb\/wp-json\/wp\/v2\/product\/25707","targetHints":{"allow":["GET"]}}],"collection":[{"href":"https:\/\/www.effektri.com\/nb\/wp-json\/wp\/v2\/product"}],"about":[{"href":"https:\/\/www.effektri.com\/nb\/wp-json\/wp\/v2\/types\/product"}],"wp:featuredmedia":[{"embeddable":true,"href":"https:\/\/www.effektri.com\/nb\/wp-json\/wp\/v2\/media\/25087"}],"wp:attachment":[{"href":"https:\/\/www.effektri.com\/nb\/wp-json\/wp\/v2\/media?parent=25707"}],"wp:term":[{"taxonomy":"product_brand","embeddable":true,"href":"https:\/\/www.effektri.com\/nb\/wp-json\/wp\/v2\/product_brand?post=25707"},{"taxonomy":"product_cat","embeddable":true,"href":"https:\/\/www.effektri.com\/nb\/wp-json\/wp\/v2\/product_cat?post=25707"},{"taxonomy":"product_tag","embeddable":true,"href":"https:\/\/www.effektri.com\/nb\/wp-json\/wp\/v2\/product_tag?post=25707"}],"curies":[{"name":"wp","href":"https:\/\/api.w.org\/{rel}","templated":true}]}}