
{"id":25657,"date":"2023-06-23T10:49:44","date_gmt":"2023-06-23T08:49:44","guid":{"rendered":"https:\/\/www.effektri.com\/?post_type=product&#038;p=25657"},"modified":"2023-07-05T15:06:28","modified_gmt":"2023-07-05T13:06:28","slug":"effektri-omega-3-equi-hester","status":"publish","type":"product","link":"https:\/\/www.effektri.com\/nb\/hest\/effektri-omega-3-equi-hester\/","title":{"rendered":"Effektri omega-3 Equi Hester"},"content":{"rendered":"<h4>Effektri Omega-3 Equi: Et h\u00f8ykvalitets kosttilskudd for hester. Oppdag Omega-3 Equi, et f\u00f8rsteklasses kosttilskudd designet spesielt for din hest eller ponni. Dette eksepsjonelle produktet inneholder en blanding av essensielle fettsyrer, inkludert essensiell Omega-3 (ALA, EPA og DHA) fra fiskeolje. Produktet er ogs\u00e5 forsterket med antioksidanter fra en spesielt valgt fjomfruelig olivenolje og vitamin D og E. Detter gir en omfattende st\u00f8tte til din hests velv\u00e6re.<\/h4>\n<p><strong>Hva kan Effektri Omega-3 Equi gj\u00f8re for hesten din?<\/strong><\/p>\n<ul>\n<li>Kan lindre inflammatoriske prosesser, inkludert slitasjegikt.<\/li>\n<li>Bidrar til vedlikehold av sunne og bevegelige ledd og muskler.<\/li>\n<li>Kan bidra til raskere restitusjonen etter tung trening eller annen anstrengende aktivitet.<\/li>\n<li>Fremmer den generelle motstanden mot skader, sykdom og forbedrer ytelsen.<\/li>\n<li>Bidrar til en balansert hormonlikevekt hos hopper og hingster.<\/li>\n<li>St\u00f8tter s\u00e5rhelingsprosessen.<\/li>\n<li>Fremmer en skinnende pels og en fyldig, sunn manke.<\/li>\n<li>Fremmer stabiliteten av hormonbalansen<\/li>\n<li>Effektri Omega-3 Equi er fri for stoffer oppf\u00f8rt p\u00e5 FEIs dopingliste, noe som sikrer bruk av hester i konkurranseidrett.<\/li>\n<\/ul>\n<p>\u00c5 opprettholde riktig fettsyrebalanse er avgj\u00f8rende for helsen og vitaliteten til hesten din. Omega-3 spiller en viktig rolle for \u00e5 sikre glatte cellemembraner og gir anti-inflammatoriske effekter p\u00e5 celleniv\u00e5 i hele kroppen. \u00c5 oppn\u00e5 den rette balansen mellom Omega-3 og Omega-6 reduserer ogs\u00e5 mottakelighet for skader og fremmer raskere restitusjon etter anstrengende trenings\u00f8kter.<\/p>\n<ul>\n<li>For hester og ponnier i alle aldre<\/li>\n<li>Sv\u00e6rt holdbar: 30 ml\/dag for 500 kg hester. Storemballasje (5000 ml) tilgjengelig for stall.<\/li>\n<li>Omega-3 fettsyrer fra raffinert fiskeolje og antioksidanter fra oliven motvirker betennelser<\/li>\n<li>Antioksidanter (polyfenoler) fra v\u00e5r jomfruelige olivenolje bidrar til at absorpsjonen blir sv\u00e6rt effektiv<\/li>\n<li>Polyfenoler og naturlig vitamin E motvirker oksidasjonsstress<\/li>\n<li>Produsert i henhold til de strenge kvalitetsstandardene definert av EU<\/li>\n<\/ul>\n<p>&nbsp;<\/p>\n<p><strong>Sammensetning og n\u00e6ringsverdi \u2013 20 ml<\/strong><\/p>\n<p>Omega-3 (EPA og DHA) fra fiskeolje, naturlige antioksidanter fra kaldpresset olivenolje, vitamin D og E. Omega-3 fiskeoljen er av farmas\u00f8ytisk kvalitet produsert i henhold til EUs strenge kvalitetsstandard.<\/p>\n<p>N\u00e6ringsverdi<\/p>\n<p>Energi 164 kcal \/ 688 kJ<\/p>\n<p>Protein 0 g<\/p>\n<p>Karbohydrater 0 g<\/p>\n<p>Fett 18,3 g<\/p>\n<p>Fettsyreprofil<\/p>\n<p>Mettet fett 4077 mg<\/p>\n<p>Enumettet fett 9148 mg<\/p>\n<p>Herav Omega-9 7278 mg<\/p>\n<p>Flerumettet fett 4826 mg<\/p>\n<p>Herav Omega-6 700 mg<\/p>\n<p>Omega-3 3766 mg<\/p>\n<p>Herav C20:5 (EPA) 2118 mg<\/p>\n<p>og C22:6 (DHA) 958 mg<\/p>\n<p>Flavonoider (polyfenoler) 5 mg<\/p>\n<p>Vitamin D 1,66 mcg<\/p>\n<p><strong>R\u00e5d om lagring<\/strong><\/p>\n<p>Oppbevar u\u00e5pnede flasker m\u00f8rkt og ved romtemperatur. Oppbevar \u00e5pnede flasker m\u00f8rkt og kj\u00f8lig.<\/p>\n<p><strong>Tilgjengelig i 250 ml, 500 ml og 1.000 ml<\/strong><\/p>\n<p><strong>\u00a0<\/strong><\/p>\n<p>&nbsp;<\/p>\n","protected":false},"excerpt":{"rendered":"<h4>Effektri Omega-3 Equi: Et h\u00f8ykvalitets kosttilskudd for hester.Oppdag Omega-3 Equi, et f\u00f8rsteklasses kosttilskudd designet spesielt for din hest eller ponni. Dette eksepsjonelle produktet inneholder en blanding av essensielle fettsyrer, inkludert essensiell Omega-3 (ALA, EPA og DHA) fra fiskeolje. Produktet er ogs\u00e5 forsterket med antioksidanter fra en spesielt valgt fjomfruelig olivenolje og vitamin D og E. Detter gir en omfattende st\u00f8tte til din hests velv\u00e6re.<\/h4>\n<p class=\"list-title\"><strong>Hva kan Effektri Omega-3 Equi gj\u00f8re for hesten din?<\/strong><\/p>\n<ul>\n<li>Kan lindre inflammatoriske prosesser, inkludert slitasjegikt.<\/li>\n<li>Bidrar til vedlikehold av sunne og bevegelige ledd og muskler.<\/li>\n<li>Kan bidra til raskere restitusjonen etter tung trening eller annen anstrengende aktivitet.<\/li>\n<\/ul>\n","protected":false},"featured_media":22633,"template":"","meta":{"_acf_changed":false,"inline_featured_image":false},"product_brand":[],"product_cat":[194],"product_tag":[],"class_list":{"0":"post-25657","1":"product","2":"type-product","3":"status-publish","4":"has-post-thumbnail","6":"product_cat-hest","7":"infinite-scroll-item","8":"sales-flash-overlay","9":"woocommerce-text-align-left","10":"woocommerce-image-align-center","11":"do-quantity-buttons","12":"wc-has-gallery","14":"first","15":"instock","16":"shipping-taxable","17":"purchasable","18":"product-type-simple"},"acf":[],"_links":{"self":[{"href":"https:\/\/www.effektri.com\/nb\/wp-json\/wp\/v2\/product\/25657","targetHints":{"allow":["GET"]}}],"collection":[{"href":"https:\/\/www.effektri.com\/nb\/wp-json\/wp\/v2\/product"}],"about":[{"href":"https:\/\/www.effektri.com\/nb\/wp-json\/wp\/v2\/types\/product"}],"wp:featuredmedia":[{"embeddable":true,"href":"https:\/\/www.effektri.com\/nb\/wp-json\/wp\/v2\/media\/22633"}],"wp:attachment":[{"href":"https:\/\/www.effektri.com\/nb\/wp-json\/wp\/v2\/media?parent=25657"}],"wp:term":[{"taxonomy":"product_brand","embeddable":true,"href":"https:\/\/www.effektri.com\/nb\/wp-json\/wp\/v2\/product_brand?post=25657"},{"taxonomy":"product_cat","embeddable":true,"href":"https:\/\/www.effektri.com\/nb\/wp-json\/wp\/v2\/product_cat?post=25657"},{"taxonomy":"product_tag","embeddable":true,"href":"https:\/\/www.effektri.com\/nb\/wp-json\/wp\/v2\/product_tag?post=25657"}],"curies":[{"name":"wp","href":"https:\/\/api.w.org\/{rel}","templated":true}]}}