
{"id":25435,"date":"2023-06-06T15:37:19","date_gmt":"2023-06-06T13:37:19","guid":{"rendered":"https:\/\/www.effektri.com\/?page_id=25435"},"modified":"2023-06-21T15:28:22","modified_gmt":"2023-06-21T13:28:22","slug":"bli-forhandler","status":"publish","type":"page","link":"https:\/\/www.effektri.com\/nb\/bli-forhandler\/","title":{"rendered":"Bli forhandler"},"content":{"rendered":"\n<p>Er du veterin\u00e6r, dyreterapeut eller forhandler og \u00f8nsker \u00e5 inkludere produktene v\u00e5re i ditt sortiment? Med Effektri-produktene er du sikret 100% naturlige produkter av h\u00f8yeste kvalitet. Vi er stolte av v\u00e5re etablerte produkter, og vi utvikler nye etter \u00f8nsker og behov. Effektri kosttilskudd faller inn under egenomsorg. Alle produktene kan brukes i ikke-akutte situasjoner og bidrar til \u00e5 holde b\u00e5de deg og kj\u00e6ledyret ditt frisk og rask.&nbsp;<\/p>\n\n\n\n<h4 class=\"gb-headline gb-headline-fd86b848 gb-headline-text\"><strong>Renset fiskeolje fra villfisk<\/strong><\/h4>\n\n\n\n<p>Vi bruker ikke oppdrettsfisk i v\u00e5re Balanstri og Effektri produkter. Grunnen til dette er at konsentrasjon av omega-3 i oppdrettsfisk er lavere enn i villfisk. Olje utvunnet fra avskj\u00e6r fra oppdrettsfisk kan ogs\u00e5 enkelte ganger inneholde for h\u00f8ye konsentrasjoner av milj\u00f8gifter som PCB og dioksiner. V\u00e5re fiskeoljer er renset i henhold til EUs strenge kvalitetsstandarder og inneholder ingen forurensning eller tungmetaller. Kvaliteten er s\u00e5 god at oljen ogs\u00e5 egner seg til humant konsum.&nbsp;<\/p>\n\n\n\n<p>Er du interessert i \u00e5 selge Balanstri og\/eller Effektri-produkter? Fyll ut skjemaet nedenfor (inkludert Organisasjonsnummer) s\u00e5 kontakter vi deg!<\/p>\n\n\n\n<div class=\"wp-block-contact-form-7-contact-form-selector\">\n<div class=\"wpcf7 no-js\" id=\"wpcf7-f25593-o1\" lang=\"nb-NO\" dir=\"ltr\" data-wpcf7-id=\"25593\">\n<div class=\"screen-reader-response\"><p role=\"status\" aria-live=\"polite\" aria-atomic=\"true\"><\/p> <ul><\/ul><\/div>\n<form action=\"\/nb\/wp-json\/wp\/v2\/pages\/25435#wpcf7-f25593-o1\" method=\"post\" class=\"wpcf7-form init\" aria-label=\"Kontaktskjema\" novalidate=\"novalidate\" data-status=\"init\">\n<fieldset class=\"hidden-fields-container\"><input type=\"hidden\" name=\"_wpcf7\" value=\"25593\" \/><input type=\"hidden\" name=\"_wpcf7_version\" value=\"6.1.5\" \/><input type=\"hidden\" name=\"_wpcf7_locale\" value=\"nb_NO\" \/><input type=\"hidden\" name=\"_wpcf7_unit_tag\" value=\"wpcf7-f25593-o1\" \/><input type=\"hidden\" name=\"_wpcf7_container_post\" value=\"0\" \/><input type=\"hidden\" name=\"_wpcf7_posted_data_hash\" value=\"\" \/>\n<\/fieldset>\n<div class=\"double-el\">\n\t<div class=\"form-row\">\n\t\t<p><label>Selskapsnavn<\/label><br \/>\n<span class=\"wpcf7-form-control-wrap\" data-name=\"bedrijfsnaam\"><input size=\"40\" maxlength=\"400\" class=\"wpcf7-form-control wpcf7-text wpcf7-validates-as-required\" aria-required=\"true\" aria-invalid=\"false\" value=\"\" type=\"text\" name=\"bedrijfsnaam\" \/><\/span>\n\t\t<\/p>\n\t<\/div>\n\t<div class=\"form-row\">\n\t\t<p><label>Navn<\/label><br \/>\n<span class=\"wpcf7-form-control-wrap\" data-name=\"your-name\"><input size=\"40\" maxlength=\"400\" class=\"wpcf7-form-control wpcf7-text wpcf7-validates-as-required\" aria-required=\"true\" aria-invalid=\"false\" value=\"\" type=\"text\" name=\"your-name\" \/><\/span>\n\t\t<\/p>\n\t<\/div>\n<\/div>\n<div class=\"double-el\">\n\t<div class=\"form-row\">\n\t\t<p><label>Adresse<\/label><br \/>\n<span class=\"wpcf7-form-control-wrap\" data-name=\"adres\"><input size=\"40\" maxlength=\"400\" class=\"wpcf7-form-control wpcf7-text wpcf7-validates-as-required\" aria-required=\"true\" aria-invalid=\"false\" value=\"\" type=\"text\" name=\"adres\" \/><\/span>\n\t\t<\/p>\n\t<\/div>\n\t<div class=\"form-row\">\n\t\t<p><label>Post kode<\/label><br \/>\n<span class=\"wpcf7-form-control-wrap\" data-name=\"postcode\"><input size=\"40\" maxlength=\"400\" class=\"wpcf7-form-control wpcf7-text wpcf7-validates-as-required\" aria-required=\"true\" aria-invalid=\"false\" value=\"\" type=\"text\" name=\"postcode\" \/><\/span>\n\t\t<\/p>\n\t<\/div>\n<\/div>\n<div class=\"double-el\">\n\t<div class=\"form-row\">\n\t\t<p><label>By\/Sted<\/label><br \/>\n<span class=\"wpcf7-form-control-wrap\" data-name=\"plaats\"><input size=\"40\" maxlength=\"400\" class=\"wpcf7-form-control wpcf7-text wpcf7-validates-as-required\" aria-required=\"true\" aria-invalid=\"false\" value=\"\" type=\"text\" name=\"plaats\" \/><\/span>\n\t\t<\/p>\n\t<\/div>\n\t<div class=\"form-row\">\n\t\t<p><label>Organisasjonsnummer<\/label><br \/>\n<span class=\"wpcf7-form-control-wrap\" data-name=\"btw\"><input size=\"40\" maxlength=\"400\" class=\"wpcf7-form-control wpcf7-text\" aria-invalid=\"false\" value=\"\" type=\"text\" name=\"btw\" \/><\/span>\n\t\t<\/p>\n\t<\/div>\n<\/div>\n<div class=\"double-el\">\n\t<div class=\"form-row\">\n\t\t<p><label>Telefon<\/label><br \/>\n<span class=\"wpcf7-form-control-wrap\" data-name=\"telefoon\"><input size=\"40\" maxlength=\"400\" class=\"wpcf7-form-control wpcf7-text wpcf7-validates-as-required\" aria-required=\"true\" aria-invalid=\"false\" value=\"\" type=\"text\" name=\"telefoon\" \/><\/span>\n\t\t<\/p>\n\t<\/div>\n\t<div class=\"form-row\">\n\t\t<p><label>E-post<\/label><br \/>\n<span class=\"wpcf7-form-control-wrap\" data-name=\"emailadres\"><input size=\"40\" maxlength=\"400\" class=\"wpcf7-form-control wpcf7-email wpcf7-text wpcf7-validates-as-email\" aria-invalid=\"false\" value=\"\" type=\"email\" name=\"emailadres\" \/><\/span>\n\t\t<\/p>\n\t<\/div>\n<\/div>\n<p><input class=\"wpcf7-form-control wpcf7-submit has-spinner\" type=\"submit\" value=\"Send\" \/>\n<\/p><div class=\"wpcf7-response-output\" aria-hidden=\"true\"><\/div>\n<\/form>\n<\/div>\n<\/div>\n\n\n\n<p>Butikker og veterin\u00e6r blir oppf\u00f8rt som offisielt utsalgssted p\u00e5 nettsiden til Effektri, inkludert en lenke til en nettside eller nettbutikk.<\/p>\n","protected":false},"excerpt":{"rendered":"<p>Er du veterin\u00e6r, dyreterapeut eller forhandler og \u00f8nsker \u00e5 inkludere produktene v\u00e5re i ditt sortiment? Med Effektri-produktene er du sikret 100% naturlige produkter av h\u00f8yeste kvalitet. Vi er stolte av v\u00e5re etablerte produkter, og vi utvikler nye etter \u00f8nsker og behov. Effektri kosttilskudd faller inn under egenomsorg. Alle produktene kan brukes i ikke-akutte situasjoner og &#8230; <\/p>\n<p class=\"read-more-container\"><a title=\"Bli forhandler\" class=\"read-more button\" href=\"https:\/\/www.effektri.com\/nb\/bli-forhandler\/#more-25435\" aria-label=\"Mer p\u00e5 Bli forhandler\">Lees meer<\/a><\/p>\n","protected":false},"author":2,"featured_media":0,"parent":0,"menu_order":0,"comment_status":"closed","ping_status":"closed","template":"","meta":{"_acf_changed":false,"inline_featured_image":false,"footnotes":""},"class_list":{"0":"post-25435","1":"page","2":"type-page","3":"status-publish","5":"infinite-scroll-item"},"acf":[],"_links":{"self":[{"href":"https:\/\/www.effektri.com\/nb\/wp-json\/wp\/v2\/pages\/25435","targetHints":{"allow":["GET"]}}],"collection":[{"href":"https:\/\/www.effektri.com\/nb\/wp-json\/wp\/v2\/pages"}],"about":[{"href":"https:\/\/www.effektri.com\/nb\/wp-json\/wp\/v2\/types\/page"}],"author":[{"embeddable":true,"href":"https:\/\/www.effektri.com\/nb\/wp-json\/wp\/v2\/users\/2"}],"replies":[{"embeddable":true,"href":"https:\/\/www.effektri.com\/nb\/wp-json\/wp\/v2\/comments?post=25435"}],"version-history":[{"count":3,"href":"https:\/\/www.effektri.com\/nb\/wp-json\/wp\/v2\/pages\/25435\/revisions"}],"predecessor-version":[{"id":25605,"href":"https:\/\/www.effektri.com\/nb\/wp-json\/wp\/v2\/pages\/25435\/revisions\/25605"}],"wp:attachment":[{"href":"https:\/\/www.effektri.com\/nb\/wp-json\/wp\/v2\/media?parent=25435"}],"curies":[{"name":"wp","href":"https:\/\/api.w.org\/{rel}","templated":true}]}}