
{"id":25430,"date":"2023-06-06T15:18:52","date_gmt":"2023-06-06T13:18:52","guid":{"rendered":"https:\/\/www.effektri.com\/?page_id=25430"},"modified":"2023-06-06T15:18:54","modified_gmt":"2023-06-06T13:18:54","slug":"vanlige-sporsmal-og-svar","status":"publish","type":"page","link":"https:\/\/www.effektri.com\/nb\/vanlige-sporsmal-og-svar\/","title":{"rendered":"Vanlige sp\u00f8rsm\u00e5l og svar"},"content":{"rendered":"\n<p>Har du et sp\u00f8rsm\u00e5l som ikke er adressert i de vanlige sp\u00f8rsm\u00e5lene nedenfor, vennligst kontakt oss ved \u00e5 benytte v\u00e5rt kontaktskjema, via WhatsApp 0031 639 475700, eller ved \u00e5 sende en e-post til&nbsp;<a href=\"mailto:info@effektri.com\">info@effektri.com<\/a>. Vi vil bestrebe oss p\u00e5 \u00e5 gi deg et raskt svar.<\/p>\n\n\n\n<h4 class=\"gb-headline gb-headline-afc5830d gb-headline-text\"><strong>Hvordan b\u00f8r jeg dosere Effektri til hunden min?<\/strong><\/h4>\n\n\n\n<p>Vi anbefaler en daglig dose p\u00e5 0,25 ml per kilo av hundens kroppsvekt. For eksempel vil en voksen labrador som veier 40 kilo trenge en daglig dose p\u00e5 10 ml (40 x 0,25 ml). En voksen dachshund som veier 14 kilo trenger 3,5 ml (14 x 0,25 ml), mens en voksen Grand Danois som veier 70 kilo trenger 17,5 ml (70 x 0,25 ml). For st\u00f8rre hunder kan du med 500 ml og 1000 ml flaskene m\u00e5le riktig mengde ved \u00e5 klemme p\u00e5 flasken.&nbsp;<\/p>\n\n\n\n<p>For mindre hunder og valper benyttes 250 ml flasken. Da er det best \u00e5 m\u00e5le mengde olje med en teskje eller en spiseskje. En full teskje inneholder 5 ml olje, mens en full spiseskje inneholder 15 ml olje. Det er ikke noe problem om du gir hunden noe mer olje, og for hunder med hudplager, slitasjegikt eller stive ledd\/muskler anbefaler vi \u00e5 \u00f8ke eller til og med \u00e5 doble den daglige dosen.<\/p>\n\n\n\n<h4 class=\"gb-headline gb-headline-66686173 gb-headline-text\"><strong>Hvorfor brukes animalsk olje (fiskeolje) som kilde for Omega-3 i stedet for vegetabilsk olje?<\/strong><\/h4>\n\n\n\n<p>Selv om linfr\u00f8 er en velkjent kilde til omega-3, inneholder linfr\u00f8 bare alfa-linolensyre (ALA), en vegetabilsk omega-3 fettsyre. Hester og hunder m\u00e5 f\u00f8rst konvertere ALA til animalsk omega-3 (DHA og EPA) som kroppen kan benytte. Dette skjer i en ineffektiv prosess der kun 5 % til 10 % konverteres. Effektri inneholder EPA og DHA i riktig forhold og mengde, og eliminerer behovet for konvertering.<\/p>\n\n\n\n<p>Ved \u00e5 bruke Effektri oppn\u00e5s st\u00f8rre effektivitet og raskere resultater. I tillegg trenger du langt mindre olje for \u00e5 oppn\u00e5 tilsvarende resultat.<\/p>\n\n\n\n<h4 class=\"gb-headline gb-headline-506d64a0 gb-headline-text\"><strong>Er fisken brukt til Effektri oppdrett eller vill?<\/strong><\/h4>\n\n\n\n<p>Fiskeoljen vi benytter i v\u00e5re produkter kommer fra Island. Vi bruker ikke oppdrettsfisk fordi mengde omega-3 er mindre enn i villfisk, og fordi innholdet av milj\u00f8gifter som PCB og dioksiner kan variere. V\u00e5r olje er renset i henhold til de strenge kvalitetsstandardene i EU for humant konsum, noe som sikrer at den er fri for milj\u00f8gifter og tungmetaller. Kvaliteten er s\u00e5 god at oljen v\u00e5r kan benyttes av b\u00e5de mennesker og kj\u00e6ledyr.<\/p>\n\n\n\n<h4 class=\"gb-headline gb-headline-621e24b7 gb-headline-text\"><strong>Hva skiller Effektri fra andre Omega 3 (6,9) kosttilskudd som allerede er tilgjengelige?<\/strong><\/h4>\n\n\n\n<p>For \u00e5 svare p\u00e5 dette sp\u00f8rsm\u00e5let er det viktig \u00e5 forst\u00e5 at b\u00e5de mennesker og dyr naturlig har b\u00e5de Omega-3 og Omega-6 i kroppen. Hester med tilgang p\u00e5 hel\u00e5rsbeite klarer ofte \u00e5 opprettholde en god Omega6:3 balansen p\u00e5 egenh\u00e5nd. Imidlertid inneholder grovf\u00f4r og kraftf\u00f4r en betydelig mengde Omega-6 og sv\u00e6rt lite Omega-3, noe som resulterer i at mange hester har mangel p\u00e5 Omega-3. Inntak av overskudd Omega-6 (eks. fra linolsyre) kan muligens fremme betennelser. Det er derfor avgj\u00f8rende \u00e5 gjenopprette og \u00e5 opprettholde en god balanse mellom Omega-3 og Omega-6 i kroppen.<\/p>\n\n\n\n<p>Det som skiller v\u00e5r olje fra andre Omega 3-, 6- og 9-oljer er den overlegne kvaliteten og den h\u00f8ye konsentrasjon av animalske (marine) Omega-3 fettsyrer som beskyttes av balanserte mengder med antioksidanter fra oliven b\u00e5de i flasken og i kroppen.&nbsp;<\/p>\n\n\n\n<p>Mange omega 3-6-9-produkter p\u00e5 markedet inneholder plantebasert Omega-3 (alfa-linolensyre), ofte i s\u00e5 minimale mengder (vanligvis rundt 0,03 prosent) at virkningen er ubetydelig. Effektri Equi, derimot, er laget av fiskeolje og beriket med naturlige antioksidanter fra oliven samt vitamin D og E, og er produsert i henhold til EUs strenge kvalitetsstandarder.<\/p>\n\n\n\n<p>Noen stiller sp\u00f8rsm\u00e5l ved bruk av fiskeolje til hest og hund. Vi er uenige og mange veterin\u00e6rer, forhandlere og kunder deler v\u00e5r mening. Grunnen til at vi bruker fiskeolje som base for v\u00e5r Omega-3 olje er enkel. Vegetabilske oljer inneholder kun alfa-linolensyre (ALA) og mangler EPA og DHA, som er essensielle animalske omega-3 fettsyrer. Hester og hunder m\u00e5 konvertere ALA til EPA og DHA, en prosess som er veldig ineffektiv, med kun 5 % til 10 % konvertering. Effektri inneholder EPA og DHA i riktig mengde og forhold, noe som eliminerer behovet for konvertering. Dette gj\u00f8r Effektri b\u00e5de mer aktiv og effektiv med rask og kostnadseffektiv virkning. Videre gjennomg\u00e5r fiskeoljen som brukes i Effektri rensing i henhold til de strenge EU-standardene, som sikrer fjerning av alle animalske proteiner og milj\u00f8forurensinger.<\/p>\n\n\n\n<h4 class=\"gb-headline gb-headline-5e939a13 gb-headline-text\"><strong>Kan oljen endre farge og er det skadelig?<\/strong><\/h4>\n\n\n\n<p>Effektri er en blanding av fiskeolje og olivenolje, og som alle oljer kan Effektri langsomt stivne ved lave temperaturer. Vanligvis forblir oljen v\u00e5r klar, lys i fargen og flytende til ca. 4 grader over null. Men ved temperaturer n\u00e6r frysepunktet kan den bli blakket og virke m\u00f8rkere. I slike perioder kan det hende at oljen ikke flyter like jevnt gjennom doseringssystemet. Ikke desto mindre indikerer ikke endringen i farge eller tekstur noen skade p\u00e5 oljen. Bare la den st\u00e5 i romtemperatur en stund, og oljen vil gjenvinne sin klarhet og flyt. Det er analogt med at vann fryser til is og is igjen smelter til vann.<\/p>\n\n\n\n<h4 class=\"gb-headline gb-headline-e0e5b80d gb-headline-text\"><strong>Er det noen kjente bivirkninger av bruk av Effektri p\u00e5 hester og hunder?<\/strong><\/h4>\n\n\n\n<p>Det er ingen kjente bivirkninger forbundet med Balanstri. V\u00e5r omega-3 olje er fri for allergifremkallende stoffer og renset for \u00e5 fjerne proteiner. Effektri er et helt naturlig produkt som ikke inneholder noen stoffer oppf\u00f8rt p\u00e5 FEIs dopingliste for hest.<\/p>\n\n\n\n<h4 class=\"gb-headline gb-headline-b94d3a43 gb-headline-text\"><strong>Kan det v\u00e6re effektivt for hunder med husst\u00f8vmiddallergi, som ofte f\u00f8rer til betennelsesutsatt hud?<\/strong><\/h4>\n\n\n\n<p>Effektri har anti-inflammatoriske egenskaper som kan bidra til \u00e5 lindre kl\u00f8e og hjelpe til med \u00e5 gjenopprette huden. Det er imidlertid viktig \u00e5 merke seg at Effektri ikke er et medikament, men et kosttilskudd som kan st\u00f8tte hunder med allergier, inkludert de som er for\u00e5rsaket av husst\u00f8vmidd.<\/p>\n","protected":false},"excerpt":{"rendered":"<p>Har du et sp\u00f8rsm\u00e5l som ikke er adressert i de vanlige sp\u00f8rsm\u00e5lene nedenfor, vennligst kontakt oss ved \u00e5 benytte v\u00e5rt kontaktskjema, via WhatsApp 0031 639 475700, eller ved \u00e5 sende en e-post til&nbsp;info@effektri.com. Vi vil bestrebe oss p\u00e5 \u00e5 gi deg et raskt svar. Hvordan b\u00f8r jeg dosere Effektri til hunden min? Vi anbefaler en &#8230; <\/p>\n<p class=\"read-more-container\"><a title=\"Vanlige sp\u00f8rsm\u00e5l og svar\" class=\"read-more button\" href=\"https:\/\/www.effektri.com\/nb\/vanlige-sporsmal-og-svar\/#more-25430\" aria-label=\"Mer p\u00e5 Vanlige sp\u00f8rsm\u00e5l og svar\">Lees meer<\/a><\/p>\n","protected":false},"author":2,"featured_media":0,"parent":0,"menu_order":0,"comment_status":"closed","ping_status":"closed","template":"","meta":{"_acf_changed":false,"inline_featured_image":false,"footnotes":""},"class_list":{"0":"post-25430","1":"page","2":"type-page","3":"status-publish","5":"infinite-scroll-item"},"acf":[],"_links":{"self":[{"href":"https:\/\/www.effektri.com\/nb\/wp-json\/wp\/v2\/pages\/25430","targetHints":{"allow":["GET"]}}],"collection":[{"href":"https:\/\/www.effektri.com\/nb\/wp-json\/wp\/v2\/pages"}],"about":[{"href":"https:\/\/www.effektri.com\/nb\/wp-json\/wp\/v2\/types\/page"}],"author":[{"embeddable":true,"href":"https:\/\/www.effektri.com\/nb\/wp-json\/wp\/v2\/users\/2"}],"replies":[{"embeddable":true,"href":"https:\/\/www.effektri.com\/nb\/wp-json\/wp\/v2\/comments?post=25430"}],"version-history":[{"count":1,"href":"https:\/\/www.effektri.com\/nb\/wp-json\/wp\/v2\/pages\/25430\/revisions"}],"predecessor-version":[{"id":25431,"href":"https:\/\/www.effektri.com\/nb\/wp-json\/wp\/v2\/pages\/25430\/revisions\/25431"}],"wp:attachment":[{"href":"https:\/\/www.effektri.com\/nb\/wp-json\/wp\/v2\/media?parent=25430"}],"curies":[{"name":"wp","href":"https:\/\/api.w.org\/{rel}","templated":true}]}}