
{"id":25422,"date":"2023-06-06T15:02:08","date_gmt":"2023-06-06T13:02:08","guid":{"rendered":"https:\/\/www.effektri.com\/?page_id=25422"},"modified":"2023-06-06T15:02:10","modified_gmt":"2023-06-06T13:02:10","slug":"mot-teamet-vart","status":"publish","type":"page","link":"https:\/\/www.effektri.com\/nb\/mot-teamet-vart\/","title":{"rendered":"M\u00f8t teamet v\u00e5rt"},"content":{"rendered":"\n<p>Bioactri BV er morselskapet til Effektri og Balanstri. V\u00e5re grunnleggere er forskere fra Island, Norge og Nederland som samarbeidet i internasjonale vitenskapelige prosjekter med fokus p\u00e5 mattrygghet og helse for mennesker og dyr. Med en felles lidenskap for innovasjon, mattrygghet og helse ble Bioactri BV grunnlagt i 2012.<\/p>\n\n\n\n<p>Vitenskap er kjernen i v\u00e5rt selskap og i utviklingen av v\u00e5re kosttilskudd. Alle v\u00e5re kosttilskudd gjennomg\u00e5r vitenskapelig validering for \u00e5 sikre angitte effekter. V\u00e5rt m\u00e5l er \u00e5 tilby innovative produkter som p\u00e5 b\u00e5de kort- og langsikt fremmer god helse hos b\u00e5de mennesker og dyr. Alle v\u00e5re n\u00e5v\u00e6rende og framtidige produkter skal oppfyller de h\u00f8yeste kvalitetsstandarder. Vi benytter r\u00e5varer av farmas\u00f8ytisk kvalitet, produktene produseres uten bruk av GMO-ingredienser og de pakkes i henhold til GMP+ standard. Effektri-produkter finner du gjennom tilknyttede spesialister, i utvalgte butikker og hos veterin\u00e6rer.<\/p>\n\n\n\n<h4 class=\"wp-block-heading\" id=\"h-dr-linda-saga\"><strong>Dr. Linda Saga<\/strong><\/h4>\n\n\n\n<p>Dr. Linda Saga studerte matvitenskap ved Norges milj\u00f8- og biovitenskapelige universitet (NMBU), hvor hun ogs\u00e5 fullf\u00f8rte sin doktorgrad (Ph.d.) med fokus p\u00e5 omega-3 i mat og helse. Etter studiene jobbet hun som forsknings- og utviklingsleder i BioActive Foods AS, hvor hun i samarbeid med Ola Eide bidro i utviklingen av blodtester for hjemmebruk (DBS &#8211; dry blood spot) og en omega-3 olje stabilisert med antioksidanter fra oliven. DBS-blodtester ble benyttet til \u00e5 dokumentere effekten av omega-3 oljen i kroppen, og er grunnleggende for b\u00e5de Balanstri og Effektri produktene.<\/p>\n\n\n\n<h4 class=\"gb-headline gb-headline-734a4cb1 gb-headline-text\">Dr. Harmen Hofstra<\/h4>\n\n\n\n<p>Dr. Harmen Hofstra fullf\u00f8rte sine studier i mikrobiologi og molekyl\u00e6r genetikk ved Universitetet i Groningen. Han tok doktorgraden i medisin i 1981. Etter doktorgraden begynte Dr. Hofstra i TNO, hvor han etter hvert ble leder for Matmikrobiologiavdelingen. Fra 2002 fungerte han som direkt\u00f8r for &#8216;European Association for Food Safety&#8217; i Brussel, et samarbeid som involverte mer enn 15 europeiske universiteter og institutter innen mattrygghet.<\/p>\n\n\n\n<h4 class=\"gb-headline gb-headline-597f1ed3 gb-headline-text\">Ola Eide <\/h4>\n\n\n\n<p>Ola Eide er utdannet i biokjemi fra Norges teknisk-naturvitenskapelige universitet (NTNU) i Trondheim. Han har hatt ulike lederstillinger innen forskning, forskningsadministrasjon, industriell produktutvikling og som entrepren\u00f8r. P\u00e5 fritiden tar han ofte med hunden Fido p\u00e5 fjellturer i b\u00e5de Norge og Spania. Fido har benyttet Effektri daglig fra f\u00f8dselen i 2014.\u00a0<\/p>\n\n\n\n<h4 class=\"gb-headline gb-headline-866564a4 gb-headline-text\">Oddur Mar Gunnarson <\/h4>\n\n\n\n<p>Oddur Mar Gunnarson studerte marine ingeni\u00f8rfag ved Marine Engineering College of Iceland og produksjonsteknikk ved Odense teknologiske universitet, Danmark. Etter studiene ledet Oddur prosjekter som fremmer innovasjon innen mat, landbruk, fiskeri og bioteknologi i b\u00e5de Skandinavia og EU og har n\u00e5 en lederstilling innen forskningsadministrasjon. P\u00e5 fritiden driver Oddur egen stall med hester p\u00e5 Island, der alle f\u00e5r sine daglige tilskudd med Effektri.\u00a0\u00a0Med sin bakgrunn innen vann teknikk og matinnovasjon gir Oddur verdifull innsikt og r\u00e5d om nye produkter for hester og hunder.\u00a0<\/p>\n\n\n\n<h4 class=\"gb-headline gb-headline-dd0e71df gb-headline-text\"><strong>CEO Janneke Hofstra, BComm<\/strong><\/h4>\n\n\n\n<p>Janneke Hofstra er datter av gr\u00fcnderen Harmen Hofstra. Hun er utdannet med spesialisering innen HEAO kommunikasjon og har hatt ulike kommersielle stillinger. I 2013 kom Janneke inn i selskapet som CEO. Hun har v\u00e6rt ledende innen utvikling av veterin\u00e6rgrenen Effektri og andre veterin\u00e6re f\u00f4rtilskudd, og etter hvert Balanstri med produktvarianter for b\u00e5de mennesker og dyr.<\/p>\n","protected":false},"excerpt":{"rendered":"<p>Bioactri BV er morselskapet til Effektri og Balanstri. V\u00e5re grunnleggere er forskere fra Island, Norge og Nederland som samarbeidet i internasjonale vitenskapelige prosjekter med fokus p\u00e5 mattrygghet og helse for mennesker og dyr. Med en felles lidenskap for innovasjon, mattrygghet og helse ble Bioactri BV grunnlagt i 2012. Vitenskap er kjernen i v\u00e5rt selskap og &#8230; <\/p>\n<p class=\"read-more-container\"><a title=\"M\u00f8t teamet v\u00e5rt\" class=\"read-more button\" href=\"https:\/\/www.effektri.com\/nb\/mot-teamet-vart\/#more-25422\" aria-label=\"Mer p\u00e5 M\u00f8t teamet v\u00e5rt\">Lees meer<\/a><\/p>\n","protected":false},"author":2,"featured_media":0,"parent":0,"menu_order":0,"comment_status":"closed","ping_status":"open","template":"","meta":{"_acf_changed":false,"inline_featured_image":false,"footnotes":""},"class_list":{"0":"post-25422","1":"page","2":"type-page","3":"status-publish","5":"infinite-scroll-item"},"acf":[],"_links":{"self":[{"href":"https:\/\/www.effektri.com\/nb\/wp-json\/wp\/v2\/pages\/25422","targetHints":{"allow":["GET"]}}],"collection":[{"href":"https:\/\/www.effektri.com\/nb\/wp-json\/wp\/v2\/pages"}],"about":[{"href":"https:\/\/www.effektri.com\/nb\/wp-json\/wp\/v2\/types\/page"}],"author":[{"embeddable":true,"href":"https:\/\/www.effektri.com\/nb\/wp-json\/wp\/v2\/users\/2"}],"replies":[{"embeddable":true,"href":"https:\/\/www.effektri.com\/nb\/wp-json\/wp\/v2\/comments?post=25422"}],"version-history":[{"count":2,"href":"https:\/\/www.effektri.com\/nb\/wp-json\/wp\/v2\/pages\/25422\/revisions"}],"predecessor-version":[{"id":25611,"href":"https:\/\/www.effektri.com\/nb\/wp-json\/wp\/v2\/pages\/25422\/revisions\/25611"}],"wp:attachment":[{"href":"https:\/\/www.effektri.com\/nb\/wp-json\/wp\/v2\/media?parent=25422"}],"curies":[{"name":"wp","href":"https:\/\/api.w.org\/{rel}","templated":true}]}}