
{"id":25357,"date":"2023-06-06T14:09:41","date_gmt":"2023-06-06T12:09:41","guid":{"rendered":"https:\/\/www.effektri.com\/?page_id=25357"},"modified":"2023-07-03T13:53:12","modified_gmt":"2023-07-03T11:53:12","slug":"kontaktskjema","status":"publish","type":"page","link":"https:\/\/www.effektri.com\/nb\/kontaktskjema\/","title":{"rendered":"Kontaktskjema"},"content":{"rendered":"\n<p><\/p>\n\n\n\n<h4 class=\"gb-headline gb-headline-a847af25 gb-headline-text\"><strong>Hvordan kan vi hjelpe deg?<\/strong><\/h4>\n\n\n\n<p>Har du sp\u00f8rsm\u00e5l om nettsiden v\u00e5r, v\u00e5re produkter eller v\u00e5re tjenester? Finner du ikke svaret p\u00e5 nettsiden v\u00e5r? <br>Vennligst kontakt oss via:<\/p>\n\n\n\n<h4 class=\"gb-headline gb-headline-595ba574 gb-headline-text\">E-post<\/h4>\n\n\n\n<p>Send en e-post til:&nbsp;<a href=\"mailto:info@effektri.com\">info@effektri.com<\/a>&nbsp;&nbsp;eller til&nbsp;<a href=\"mailto:info@balanstri.com\">info@balanstri.com<\/a>&nbsp;og vi vil hjelpe deg s\u00e5 snart som mulig.&nbsp;&nbsp;&nbsp;&nbsp;&nbsp;&nbsp;&nbsp;&nbsp;&nbsp;&nbsp;&nbsp;<\/p>\n\n\n\n<h4 class=\"gb-headline gb-headline-1fe64f61 gb-headline-text\">Whatsapp<\/h4>\n\n\n\n<p>Hvis du heller vil benytte WhatsApp kan du bruke nummer: +31 6 39 4757 00<\/p>\n\n\n\n<h4 class=\"gb-headline gb-headline-eca7c393 gb-headline-text\">V\u00e5r adresse <\/h4>\n\n\n\n<p>Bioactri BV \u2013 Effektri<br>PO 70<br>8560 AB Balk<\/p>\n\n\n\n<p>Pypsterstikke 29<br>8561AW Balk<br>Nederland<\/p>\n\n\n\n<p>Info@effektri.com<br>+31 6 39475700<\/p>\n\n\n\n<p>MVA-nummer: NL851575699B01<\/p>\n\n\n\n<p>Nederlandsk handelskammernummer: 55124518<\/p>\n\n\n\n<div class=\"wp-block-contact-form-7-contact-form-selector\">\n<div class=\"wpcf7 no-js\" id=\"wpcf7-f25586-o1\" lang=\"nb-NO\" dir=\"ltr\" data-wpcf7-id=\"25586\">\n<div class=\"screen-reader-response\"><p role=\"status\" aria-live=\"polite\" aria-atomic=\"true\"><\/p> <ul><\/ul><\/div>\n<form action=\"\/nb\/wp-json\/wp\/v2\/pages\/25357#wpcf7-f25586-o1\" method=\"post\" class=\"wpcf7-form init\" aria-label=\"Kontaktskjema\" novalidate=\"novalidate\" data-status=\"init\">\n<fieldset class=\"hidden-fields-container\"><input type=\"hidden\" name=\"_wpcf7\" value=\"25586\" \/><input type=\"hidden\" name=\"_wpcf7_version\" value=\"6.1.5\" \/><input type=\"hidden\" name=\"_wpcf7_locale\" value=\"nb_NO\" \/><input type=\"hidden\" name=\"_wpcf7_unit_tag\" value=\"wpcf7-f25586-o1\" \/><input type=\"hidden\" name=\"_wpcf7_container_post\" value=\"0\" \/><input type=\"hidden\" name=\"_wpcf7_posted_data_hash\" value=\"\" \/>\n<\/fieldset>\n<div class=\"double-el\">\n\t<div class=\"form-row\">\n\t\t<p><label>Namn<\/label><br \/>\n<span class=\"wpcf7-form-control-wrap\" data-name=\"your-name\"><input size=\"40\" maxlength=\"400\" class=\"wpcf7-form-control wpcf7-text wpcf7-validates-as-required\" autocomplete=\"no\" aria-required=\"true\" aria-invalid=\"false\" value=\"\" type=\"text\" name=\"your-name\" \/><\/span>\n\t\t<\/p>\n\t<\/div>\n\t<div class=\"form-row\">\n\t\t<p><label> E-post<\/label><br \/>\n<span class=\"wpcf7-form-control-wrap\" data-name=\"your-email\"><input size=\"40\" maxlength=\"400\" class=\"wpcf7-form-control wpcf7-email wpcf7-validates-as-required wpcf7-text wpcf7-validates-as-email\" autocomplete=\"no\" aria-required=\"true\" aria-invalid=\"false\" value=\"\" type=\"email\" name=\"your-email\" \/><\/span>\n\t\t<\/p>\n\t<\/div>\n<\/div>\n<div class=\"form-row\">\n\t<p><label> Kysymyksesi <\/label><br \/>\n<span class=\"wpcf7-form-control-wrap\" data-name=\"your-message\"><textarea cols=\"40\" rows=\"10\" maxlength=\"2000\" class=\"wpcf7-form-control wpcf7-textarea\" aria-invalid=\"false\" name=\"your-message\"><\/textarea><\/span>\n\t<\/p>\n<\/div>\n<div class=\"form-row\">\n\t<p><input class=\"wpcf7-form-control wpcf7-submit has-spinner\" type=\"submit\" value=\"Send\" \/>\n\t<\/p>\n<\/div><div class=\"wpcf7-response-output\" aria-hidden=\"true\"><\/div>\n<\/form>\n<\/div>\n<\/div>\n","protected":false},"excerpt":{"rendered":"<p>Hvordan kan vi hjelpe deg? Har du sp\u00f8rsm\u00e5l om nettsiden v\u00e5r, v\u00e5re produkter eller v\u00e5re tjenester? Finner du ikke svaret p\u00e5 nettsiden v\u00e5r? Vennligst kontakt oss via: E-post Send en e-post til:&nbsp;info@effektri.com&nbsp;&nbsp;eller til&nbsp;info@balanstri.com&nbsp;og vi vil hjelpe deg s\u00e5 snart som mulig.&nbsp;&nbsp;&nbsp;&nbsp;&nbsp;&nbsp;&nbsp;&nbsp;&nbsp;&nbsp;&nbsp; Whatsapp Hvis du heller vil benytte WhatsApp kan du bruke nummer: +31 6 39 &#8230; <\/p>\n<p class=\"read-more-container\"><a title=\"Kontaktskjema\" class=\"read-more button\" href=\"https:\/\/www.effektri.com\/nb\/kontaktskjema\/#more-25357\" aria-label=\"Mer p\u00e5 Kontaktskjema\">Lees meer<\/a><\/p>\n","protected":false},"author":2,"featured_media":0,"parent":0,"menu_order":0,"comment_status":"closed","ping_status":"closed","template":"","meta":{"_acf_changed":false,"inline_featured_image":false,"footnotes":""},"class_list":{"0":"post-25357","1":"page","2":"type-page","3":"status-publish","5":"infinite-scroll-item"},"acf":[],"_links":{"self":[{"href":"https:\/\/www.effektri.com\/nb\/wp-json\/wp\/v2\/pages\/25357","targetHints":{"allow":["GET"]}}],"collection":[{"href":"https:\/\/www.effektri.com\/nb\/wp-json\/wp\/v2\/pages"}],"about":[{"href":"https:\/\/www.effektri.com\/nb\/wp-json\/wp\/v2\/types\/page"}],"author":[{"embeddable":true,"href":"https:\/\/www.effektri.com\/nb\/wp-json\/wp\/v2\/users\/2"}],"replies":[{"embeddable":true,"href":"https:\/\/www.effektri.com\/nb\/wp-json\/wp\/v2\/comments?post=25357"}],"version-history":[{"count":3,"href":"https:\/\/www.effektri.com\/nb\/wp-json\/wp\/v2\/pages\/25357\/revisions"}],"predecessor-version":[{"id":25874,"href":"https:\/\/www.effektri.com\/nb\/wp-json\/wp\/v2\/pages\/25357\/revisions\/25874"}],"wp:attachment":[{"href":"https:\/\/www.effektri.com\/nb\/wp-json\/wp\/v2\/media?parent=25357"}],"curies":[{"name":"wp","href":"https:\/\/api.w.org\/{rel}","templated":true}]}}