
{"id":25343,"date":"2023-06-06T13:30:38","date_gmt":"2023-06-06T11:30:38","guid":{"rendered":"https:\/\/www.effektri.com\/?page_id=25343"},"modified":"2023-06-06T13:39:32","modified_gmt":"2023-06-06T11:39:32","slug":"specialblandinger","status":"publish","type":"page","link":"https:\/\/www.effektri.com\/nb\/specialblandinger\/","title":{"rendered":"SPECIALBLANDINGER"},"content":{"rendered":"\n<p>Vi tilbyr en rekke tjenester knyttet til kosttilskudd og oljeblandinger. I tillegg til v\u00e5re egne Effektri og Balanstri kosttilskudd, spesialiserer vi oss p\u00e5 \u00e5 utvikle og produsere tilpassede formuleringer for tredjepartskunder. V\u00e5r ekspertise strekker seg til b\u00e5de produksjon av dyref\u00f4r og produkter for humant konsum. Hovedkravet for samarbeid er at \u00f8nskede blanding eller kosttilskudd er avledet fra v\u00e5r premium omega-3 fiskeolje og at produktene ivaretar krav til kvalitet og hygiene. Vi har en minimums innkj\u00f8psmengde p\u00e5 1000 liter.<\/p>\n\n\n\n<p>For eksempel samarbeidet vi med Tassu Foods, et finsk selskap, som selger en blanding av omega-3, havtornolje og rosmarinolje. En annen kunde, Schnellman \u2013 Mush, benytter en spesiell omega-3 blanding til \u00e5 forbedre deres fryset\u00f8rkede RAW hundemat med essensielle fettsyrer EPA og DHA.<\/p>\n\n\n\n<p>Videre leverer vi ogs\u00e5 en marin oljeblanding til Grimur Kokkur p\u00e5 Island, som anriker ferdigmat til skolebarn.<\/p>\n\n\n\n<p>V\u00e6r trygg; alle v\u00e5re blandinger er i henhold til h\u00f8ye og strenge kvalitetsstandarder. Hvis du \u00f8nsker \u00e5 diskutere eller \u00e5 utveksle tanker om spesialblandinger, ikke n\u00f8l med \u00e5 kontakte oss. Du kan n\u00e5 oss ved \u00e5 bruke skjemaet nedenfor eller ved \u00e5 sende en e-post til\u00a0<a href=\"mailto:janneke@effektri.com\">janneke@effektri.com<\/a><\/p>\n","protected":false},"excerpt":{"rendered":"<p>Vi tilbyr en rekke tjenester knyttet til kosttilskudd og oljeblandinger. I tillegg til v\u00e5re egne Effektri og Balanstri kosttilskudd, spesialiserer vi oss p\u00e5 \u00e5 utvikle og produsere tilpassede formuleringer for tredjepartskunder. V\u00e5r ekspertise strekker seg til b\u00e5de produksjon av dyref\u00f4r og produkter for humant konsum. Hovedkravet for samarbeid er at \u00f8nskede blanding eller kosttilskudd er &#8230; <\/p>\n<p class=\"read-more-container\"><a title=\"SPECIALBLANDINGER\" class=\"read-more button\" href=\"https:\/\/www.effektri.com\/nb\/specialblandinger\/#more-25343\" aria-label=\"Mer p\u00e5 SPECIALBLANDINGER\">Lees meer<\/a><\/p>\n","protected":false},"author":2,"featured_media":25129,"parent":0,"menu_order":0,"comment_status":"closed","ping_status":"closed","template":"","meta":{"_acf_changed":false,"inline_featured_image":false,"footnotes":""},"class_list":{"0":"post-25343","1":"page","2":"type-page","3":"status-publish","4":"has-post-thumbnail","6":"infinite-scroll-item"},"acf":[],"_links":{"self":[{"href":"https:\/\/www.effektri.com\/nb\/wp-json\/wp\/v2\/pages\/25343","targetHints":{"allow":["GET"]}}],"collection":[{"href":"https:\/\/www.effektri.com\/nb\/wp-json\/wp\/v2\/pages"}],"about":[{"href":"https:\/\/www.effektri.com\/nb\/wp-json\/wp\/v2\/types\/page"}],"author":[{"embeddable":true,"href":"https:\/\/www.effektri.com\/nb\/wp-json\/wp\/v2\/users\/2"}],"replies":[{"embeddable":true,"href":"https:\/\/www.effektri.com\/nb\/wp-json\/wp\/v2\/comments?post=25343"}],"version-history":[{"count":2,"href":"https:\/\/www.effektri.com\/nb\/wp-json\/wp\/v2\/pages\/25343\/revisions"}],"predecessor-version":[{"id":25349,"href":"https:\/\/www.effektri.com\/nb\/wp-json\/wp\/v2\/pages\/25343\/revisions\/25349"}],"wp:featuredmedia":[{"embeddable":true,"href":"https:\/\/www.effektri.com\/nb\/wp-json\/wp\/v2\/media\/25129"}],"wp:attachment":[{"href":"https:\/\/www.effektri.com\/nb\/wp-json\/wp\/v2\/media?parent=25343"}],"curies":[{"name":"wp","href":"https:\/\/api.w.org\/{rel}","templated":true}]}}