
{"id":25335,"date":"2022-09-21T21:23:50","date_gmt":"2022-09-21T19:23:50","guid":{"rendered":"https:\/\/www.effektri.com\/homepage\/"},"modified":"2023-07-04T16:01:21","modified_gmt":"2023-07-04T14:01:21","slug":"homepage","status":"publish","type":"page","link":"https:\/\/www.effektri.com\/nb\/","title":{"rendered":"Home"},"content":{"rendered":"<div class=\"gb-container gb-container-6c2829a3\"><div class=\"gb-inside-container\">\n<div class=\"n2-section-smartslider fitvidsignore  n2_clear\" data-ssid=\"2\"><div id=\"n2-ss-2-align\" class=\"n2-ss-align\"><div class=\"n2-padding\"><div id=\"n2-ss-2\" data-creator=\"Smart Slider 3\" data-responsive=\"auto\" class=\"n2-ss-slider n2-ow n2-has-hover n2notransition  \">\n        <div class=\"n2-ss-slider-1 n2_ss__touch_element n2-ow\">\n            <div class=\"n2-ss-slider-2 n2-ow\">\n                                                <div class=\"n2-ss-slider-3 n2-ow\">\n\n                    <div class=\"n2-ss-slide-backgrounds n2-ow-all\"><div class=\"n2-ss-slide-background\" data-public-id=\"1\" data-mode=\"fill\"><div class=\"n2-ss-slide-background-image\" data-blur=\"0\" data-opacity=\"100\" data-x=\"50\" data-y=\"50\" data-alt=\"\" data-title=\"\"><picture class=\"skip-lazy\" data-skip-lazy=\"1\"><img decoding=\"async\" src=\"\/\/www.effektri.com\/wp-content\/uploads\/2024\/01\/hond-slider-jpg.webp\" alt=\"\" title=\"\" loading=\"lazy\" class=\"skip-lazy\" data-skip-lazy=\"1\"><\/picture><\/div><div data-color=\"RGBA(255,255,255,0)\" style=\"background-color: RGBA(255,255,255,0);\" class=\"n2-ss-slide-background-color\"><\/div><\/div><\/div>                    <div class=\"n2-ss-slider-4 n2-ow\">\n                        <svg xmlns=\"http:\/\/www.w3.org\/2000\/svg\" viewBox=\"0 0 1200 600\" data-related-device=\"desktopPortrait\" class=\"n2-ow n2-ss-preserve-size n2-ss-preserve-size--slider n2-ss-slide-limiter\"><\/svg><div data-first=\"1\" data-slide-duration=\"0\" data-id=\"9\" data-slide-public-id=\"1\" data-title=\"Effektri en Balanstri\" class=\"n2-ss-slide n2-ow  n2-ss-slide-9\"><div role=\"note\" class=\"n2-ss-slide--focus\" tabindex=\"-1\">Effektri en Balanstri<\/div><div class=\"n2-ss-layers-container n2-ss-slide-limiter n2-ow\"><div class=\"n2-ss-layer n2-ow n-uc-myd6sErfXfpZ\" data-sstype=\"slide\" data-pm=\"default\"><div class=\"n2-ss-layer n2-ow n-uc-3F7FjecbciSc\" data-pm=\"default\" data-sstype=\"content\" data-hasbackground=\"0\"><div class=\"n2-ss-section-main-content n2-ss-layer-with-background n2-ss-layer-content n2-ow n-uc-3F7FjecbciSc-inner\"><div class=\"n2-ss-layer n2-ow n2-ss-layer--block n2-ss-has-self-align n-uc-1f08e076432db\" data-pm=\"normal\" data-sstype=\"row\"><div class=\"n2-ss-layer-row n2-ss-layer-with-background n-uc-1f08e076432db-inner\"><div class=\"n2-ss-layer-row-inner \"><div class=\"n2-ss-layer n2-ow n-uc-1698b2e2879d1\" data-pm=\"default\" data-sstype=\"col\"><div class=\"n2-ss-layer-col n2-ss-layer-with-background n2-ss-layer-content n-uc-1698b2e2879d1-inner\"><\/div><\/div><div class=\"n2-ss-layer n2-ow n-uc-12b1c65942f6d\" data-pm=\"default\" data-sstype=\"col\"><div class=\"n2-ss-layer-col n2-ss-layer-with-background n2-ss-layer-content n-uc-12b1c65942f6d-inner\"><\/div><\/div><\/div><\/div><\/div><div class=\"n2-ss-layer n2-ow n2-ss-layer--block n2-ss-has-self-align n-uc-1c87565153c81\" data-pm=\"normal\" data-sstype=\"row\"><div class=\"n2-ss-layer-row n2-ss-layer-with-background n-uc-1c87565153c81-inner\"><div class=\"n2-ss-layer-row-inner \"><div class=\"n2-ss-layer n2-ow n-uc-15e6dc20a166d\" data-pm=\"default\" data-sstype=\"col\"><div class=\"n2-ss-layer-col n2-ss-layer-with-background n2-ss-layer-content n-uc-15e6dc20a166d-inner\"><div class=\"n2-ss-layer n2-ow n-uc-ctv1VAtzWCRm n2-ss-layer--auto\" data-pm=\"normal\" data-sstype=\"layer\"><div class=\"n2-ss-button-container n2-ss-item-content n2-ow n2-font-69e9c7a18f2e93b6b13d0ecb3b96b376-link  n2-ss-button-container--non-full-width\"><a class=\"n2-style-a273a44f6745731a4d91fc4ce72b458e-heading  n2-ow \" target=\"_blank\" href=\"https:\/\/balanstri.com\/winkel\/\"><div><div>Visit webshop<\/div><\/div><\/a><\/div><\/div><\/div><\/div><div class=\"n2-ss-layer n2-ow n-uc-11c86c6af32b6\" data-pm=\"default\" data-sstype=\"col\"><div class=\"n2-ss-layer-col n2-ss-layer-with-background n2-ss-layer-content n-uc-11c86c6af32b6-inner\"><div class=\"n2-ss-layer n2-ow n-uc-BOjxnxhibWXN n2-ss-layer--auto\" data-pm=\"normal\" data-sstype=\"layer\"><div class=\"n2-ss-button-container n2-ss-item-content n2-ow n2-font-69e9c7a18f2e93b6b13d0ecb3b96b376-link  n2-ss-button-container--non-full-width\"><a class=\"n2-style-a273a44f6745731a4d91fc4ce72b458e-heading  n2-ow \" target=\"_blank\" href=\"https:\/\/www.effektri.com\/become-a-reseller\/\"><div><div>Become a reseller<\/div><\/div><\/a><\/div><\/div><\/div><\/div><\/div><\/div><\/div><\/div><\/div><\/div><\/div><\/div>                    <\/div>\n\n                                    <\/div>\n            <\/div>\n        <\/div>\n        <\/div><ss3-loader><\/ss3-loader><\/div><\/div><div class=\"n2_clear\"><\/div><\/div>\n<\/div><\/div>\n\n\n<div style=\"height:50px\" aria-hidden=\"true\" class=\"wp-block-spacer\"><\/div>\n\n\n\n<h2 class=\"wp-block-heading text-center has-text-color\" id=\"h-velkommen-til-nettsiden-til-effektri\" style=\"color:#424242;font-size:50px\">Velkommen til nettsiden til Effektri<\/h2>\n\n\n<div class=\"gb-container gb-container-d7aa5675\">\n<div class=\"gb-container gb-container-424215f4 gb-inside-container\">\n\n<div class=\"wp-block-columns is-layout-flex wp-container-core-columns-is-layout-9d6595d7 wp-block-columns-is-layout-flex\">\n<div class=\"wp-block-column is-layout-flow wp-block-column-is-layout-flow\">\n<p>Takk for at du bes\u00f8ker nettsiden v\u00e5r! Vi h\u00e5per vi kan bidra med kunnskap om hvordan vi kan hjelpe deg med \u00e5 forbedre ditt eget s\u00e5 vel som hestens, hundens eller kattens kosthold, ytelse, helse og velv\u00e6re ved bruka av v\u00e5re unike oljeblandinger og kosttilskudd. For over femten \u00e5r siden lanserte vi v\u00e5r f\u00f8rste linje med kosttilskudd og hjemmetester p\u00e5 det norske, svenske, finske og nederlandske markedet under merkenavnet \u20181Life\u2019. Vi har kontinuerlig fortsatt \u00e5 utvikle effektive kosttilskudd og blandinger basert p\u00e5 fiskeolje og v\u00e5r spesielt utvalgte jomfruelige olivenolje, ikke bare for mennesker (Balanstri), men ogs\u00e5 for dyr (Effektri). Utvikling av b\u00e5de Effektri og Balanstri-produkter er basert p\u00e5 vitenskapelig ekspertise. V\u00e5re produkter er utviklet av Dr. Linda Saga, Dr. Harmen Hofstra, Ola Eide og Oddur Mar Gunnarson. De er alle fortsatt en viktig del av v\u00e5rt vitenskapelige team. (Link).<\/p>\n<\/div>\n\n\n\n<div class=\"wp-block-column is-layout-flow wp-block-column-is-layout-flow\">\n<p>Vitenskap er grunnleggende for v\u00e5rt selskap og v\u00e5re kosttilskudd. Effekten av v\u00e5re kosttilskudd i kroppen kontrolleres ved bruk av blodpr\u00f8ver. V\u00e5r ambisjon som et innovativt selskap er \u00e5 tilby produkter som gagner b\u00e5de menneskers og dyrs helse p\u00e5 kort og lang sikt. Vi bruker kun utvalgte naturlige r\u00e5varer og ingredienser som er fullt sporbare og som kombineres for \u00e5 skape unike formler.<br>B\u00e5de eksisterende produkter og nye innovative produkter som vil utvide v\u00e5rt sortiment m\u00e5 oppfylle disse kravene. Alle v\u00e5re produkter er produsert i henhold til GMP+ og uten GMO. Effektri- og Balanstri-produktene er tilgjengelige gjennom v\u00e5r nettbutikk, tilknyttede spesialister, butikker og\/eller veterin\u00e6rer.<br>Hvis du trenger r\u00e5d om bruk av v\u00e5re produkter i forhold til ern\u00e6ringsmessige problemstillinger, vennligst ta kontakt med oss via v\u00e5rt kontaktskjema!<\/p>\n<\/div>\n<\/div>\n\n<\/div>\n<\/div>\n\n<div class=\"gb-container gb-container-3bdf6c9f\"><div class=\"gb-inside-container\">\n\n<h2 class=\"gb-headline gb-headline-e8c44a0e gb-headline-text druppel\">Popul\u00e6re produkter<\/h2>\n\n<\/div><\/div>\n\n<div class=\"gb-container gb-container-9b8d79d5\"><div class=\"gb-inside-container\">\n<div data-block-name=\"woocommerce\/product-top-rated\" data-categories=\"[194,195]\" data-content-visibility=\"{&quot;image&quot;:true,&quot;title&quot;:true,&quot;price&quot;:false,&quot;rating&quot;:false,&quot;button&quot;:false}\" data-rows=\"1\" class=\"wc-block-grid wp-block-product-top-rated wp-block-woocommerce-product-top-rated wc-block-product-top-rated has-3-columns\"><ul class=\"wc-block-grid__products\"><li class=\"wc-block-grid__product\">\n\t\t\t\t<a href=\"https:\/\/www.effektri.com\/nb\/hest\/effektri-gold-hest\/\" class=\"wc-block-grid__product-link\">\n\t\t\t\t\t\n\t\t\t\t\t<div class=\"wc-block-grid__product-image\"><img loading=\"lazy\" decoding=\"async\" width=\"300\" height=\"300\" src=\"https:\/\/www.effektri.com\/wp-content\/uploads\/2022\/05\/EFFEKTRI_GOLD_PAARD_1000ML-300x300.jpg\" class=\"attachment-woocommerce_thumbnail size-woocommerce_thumbnail\" alt=\"Effektri Gold Hest\" srcset=\"https:\/\/www.effektri.com\/wp-content\/uploads\/2022\/05\/EFFEKTRI_GOLD_PAARD_1000ML-300x300.jpg 300w, https:\/\/www.effektri.com\/wp-content\/uploads\/2022\/05\/EFFEKTRI_GOLD_PAARD_1000ML-1024x1024.jpg 1024w, https:\/\/www.effektri.com\/wp-content\/uploads\/2022\/05\/EFFEKTRI_GOLD_PAARD_1000ML-150x150.jpg 150w, https:\/\/www.effektri.com\/wp-content\/uploads\/2022\/05\/EFFEKTRI_GOLD_PAARD_1000ML-768x768.jpg 768w, https:\/\/www.effektri.com\/wp-content\/uploads\/2022\/05\/EFFEKTRI_GOLD_PAARD_1000ML-600x600.jpg 600w, https:\/\/www.effektri.com\/wp-content\/uploads\/2022\/05\/EFFEKTRI_GOLD_PAARD_1000ML-100x100.jpg 100w, https:\/\/www.effektri.com\/wp-content\/uploads\/2022\/05\/EFFEKTRI_GOLD_PAARD_1000ML.jpg 1080w\" sizes=\"auto, (max-width: 300px) 100vw, 300px\" \/><\/div>\n\t\t\t\t\t<div class=\"wc-block-grid__product-title\">Effektri Gold Hest<\/div>\n\t\t\t\t<\/a>\n\t\t\t\t\n\t\t\t\t\n\t\t\t\t\n\t\t\t<\/li><li class=\"wc-block-grid__product\">\n\t\t\t\t<a href=\"https:\/\/www.effektri.com\/nb\/hund\/effektri-gold-hund\/\" class=\"wc-block-grid__product-link\">\n\t\t\t\t\t\n\t\t\t\t\t<div class=\"wc-block-grid__product-image\"><img loading=\"lazy\" decoding=\"async\" width=\"300\" height=\"300\" src=\"https:\/\/www.effektri.com\/wp-content\/uploads\/2022\/05\/EFFEKTRI_GOLD_500ML-300x300.jpg\" class=\"attachment-woocommerce_thumbnail size-woocommerce_thumbnail\" alt=\"Effektri Gold Hund\" srcset=\"https:\/\/www.effektri.com\/wp-content\/uploads\/2022\/05\/EFFEKTRI_GOLD_500ML-300x300.jpg 300w, https:\/\/www.effektri.com\/wp-content\/uploads\/2022\/05\/EFFEKTRI_GOLD_500ML-1024x1024.jpg 1024w, https:\/\/www.effektri.com\/wp-content\/uploads\/2022\/05\/EFFEKTRI_GOLD_500ML-150x150.jpg 150w, https:\/\/www.effektri.com\/wp-content\/uploads\/2022\/05\/EFFEKTRI_GOLD_500ML-768x768.jpg 768w, https:\/\/www.effektri.com\/wp-content\/uploads\/2022\/05\/EFFEKTRI_GOLD_500ML-600x600.jpg 600w, https:\/\/www.effektri.com\/wp-content\/uploads\/2022\/05\/EFFEKTRI_GOLD_500ML-100x100.jpg 100w, https:\/\/www.effektri.com\/wp-content\/uploads\/2022\/05\/EFFEKTRI_GOLD_500ML.jpg 1080w\" sizes=\"auto, (max-width: 300px) 100vw, 300px\" \/><\/div>\n\t\t\t\t\t<div class=\"wc-block-grid__product-title\">Effektri Gold Hund<\/div>\n\t\t\t\t<\/a>\n\t\t\t\t\n\t\t\t\t\n\t\t\t\t\n\t\t\t<\/li><li class=\"wc-block-grid__product\">\n\t\t\t\t<a href=\"https:\/\/www.effektri.com\/nb\/hund\/effektri-omega-3-hund\/\" class=\"wc-block-grid__product-link\">\n\t\t\t\t\t\n\t\t\t\t\t<div class=\"wc-block-grid__product-image\"><img loading=\"lazy\" decoding=\"async\" width=\"300\" height=\"300\" src=\"https:\/\/www.effektri.com\/wp-content\/uploads\/2015\/06\/EFFEKTRI_DOG_500ML-300x300.jpeg\" class=\"attachment-woocommerce_thumbnail size-woocommerce_thumbnail\" alt=\"Effektri omega-3 Hund\" srcset=\"https:\/\/www.effektri.com\/wp-content\/uploads\/2015\/06\/EFFEKTRI_DOG_500ML-300x300.jpeg 300w, https:\/\/www.effektri.com\/wp-content\/uploads\/2015\/06\/EFFEKTRI_DOG_500ML-1024x1024.jpeg 1024w, https:\/\/www.effektri.com\/wp-content\/uploads\/2015\/06\/EFFEKTRI_DOG_500ML-150x150.jpeg 150w, https:\/\/www.effektri.com\/wp-content\/uploads\/2015\/06\/EFFEKTRI_DOG_500ML-768x768.jpeg 768w, https:\/\/www.effektri.com\/wp-content\/uploads\/2015\/06\/EFFEKTRI_DOG_500ML-600x600.jpeg 600w, https:\/\/www.effektri.com\/wp-content\/uploads\/2015\/06\/EFFEKTRI_DOG_500ML-100x100.jpeg 100w, https:\/\/www.effektri.com\/wp-content\/uploads\/2015\/06\/EFFEKTRI_DOG_500ML.jpeg 1080w\" sizes=\"auto, (max-width: 300px) 100vw, 300px\" \/><\/div>\n\t\t\t\t\t<div class=\"wc-block-grid__product-title\">Effektri Omega-3 Hund<\/div>\n\t\t\t\t<\/a>\n\t\t\t\t\n\t\t\t\t\n\t\t\t\t\n\t\t\t<\/li><\/ul><\/div>\n<\/div><\/div>","protected":false},"excerpt":{"rendered":"<p>Velkommen til nettsiden til Effektri Takk for at du bes\u00f8ker nettsiden v\u00e5r! Vi h\u00e5per vi kan bidra med kunnskap om hvordan vi kan hjelpe deg med \u00e5 forbedre ditt eget s\u00e5 vel som hestens, hundens eller kattens kosthold, ytelse, helse og velv\u00e6re ved bruka av v\u00e5re unike oljeblandinger og kosttilskudd. For over femten \u00e5r siden &#8230; <\/p>\n<p class=\"read-more-container\"><a title=\"Home\" class=\"read-more button\" href=\"https:\/\/www.effektri.com\/nb\/#more-25335\" aria-label=\"Mer p\u00e5 Home\">Lees meer<\/a><\/p>\n","protected":false},"author":3,"featured_media":0,"parent":0,"menu_order":0,"comment_status":"closed","ping_status":"closed","template":"","meta":{"_acf_changed":false,"inline_featured_image":false,"footnotes":""},"class_list":{"0":"post-25335","1":"page","2":"type-page","3":"status-publish","5":"infinite-scroll-item"},"acf":[],"_links":{"self":[{"href":"https:\/\/www.effektri.com\/nb\/wp-json\/wp\/v2\/pages\/25335","targetHints":{"allow":["GET"]}}],"collection":[{"href":"https:\/\/www.effektri.com\/nb\/wp-json\/wp\/v2\/pages"}],"about":[{"href":"https:\/\/www.effektri.com\/nb\/wp-json\/wp\/v2\/types\/page"}],"author":[{"embeddable":true,"href":"https:\/\/www.effektri.com\/nb\/wp-json\/wp\/v2\/users\/3"}],"replies":[{"embeddable":true,"href":"https:\/\/www.effektri.com\/nb\/wp-json\/wp\/v2\/comments?post=25335"}],"version-history":[{"count":3,"href":"https:\/\/www.effektri.com\/nb\/wp-json\/wp\/v2\/pages\/25335\/revisions"}],"predecessor-version":[{"id":25904,"href":"https:\/\/www.effektri.com\/nb\/wp-json\/wp\/v2\/pages\/25335\/revisions\/25904"}],"wp:attachment":[{"href":"https:\/\/www.effektri.com\/nb\/wp-json\/wp\/v2\/media?parent=25335"}],"curies":[{"name":"wp","href":"https:\/\/api.w.org\/{rel}","templated":true}]}}