
{"id":25718,"date":"2023-06-23T12:23:36","date_gmt":"2023-06-23T10:23:36","guid":{"rendered":"https:\/\/www.effektri.com\/?post_type=product&#038;p=25718"},"modified":"2026-02-12T12:43:14","modified_gmt":"2026-02-12T11:43:14","slug":"effektri-omega-3-koirille","status":"publish","type":"product","link":"https:\/\/www.effektri.com\/fi\/koira\/effektri-omega-3-koirille\/","title":{"rendered":"Effektri omega-3 Koirille"},"content":{"rendered":"<h4>Effektri Omega-3 Dog huippulaatuinen ravintolis\u00e4 koirille. Tutustu Effektri Omega-3 Dogiin, Balanstrin ainutlaatuiseen ravintolis\u00e4\u00e4n, joka on suunniteltu eksklusiivisesti koirille. Erityislaatuinen reseptimme yhdist\u00e4\u00e4 v\u00e4ltt\u00e4m\u00e4tt\u00f6m\u00e4t omega-3-rasvahapot kala\u00f6ljyst\u00e4 (EPA ja DHA), jotka on vahvistettu antioksidanteilla ja D-vitamiinilla.<\/h4>\n<p><strong>T\u00e4rkeimm\u00e4t Effektri Omega-3 Dogin hy\u00f6dyt koirallesi<\/strong><\/p>\n<ul>\n<li>Edist\u00e4\u00e4 kiilt\u00e4v\u00e4\u00e4 turkkia ja tervett\u00e4 ihoa<\/li>\n<li>Tukee kutinasta ja allergiasta johtuvan hilseilyn helpottamista<\/li>\n<li>Vahvistaa kokonaisvaltaisesti immuunij\u00e4rjestelm\u00e4\u00e4<\/li>\n<li>Tukee tulehdusprosessien tukahduttamista<\/li>\n<li>Parantaa nivelten ja lihasten terveytt\u00e4 ja joustavuutta<\/li>\n<li>Voi vaikuttaa positiivisesti koiran k\u00e4ytt\u00e4ytymiseen ja yleiseen hyvinvointiin<\/li>\n<li>Tukee aivojen ja n\u00e4\u00f6n kehityst\u00e4.<\/li>\n<li>Tukee hedelm\u00e4llisyytt\u00e4.<\/li>\n<li>Sopii kaiken kokoisille ja ik\u00e4isille koirille, aina pennusta senioriin!<\/li>\n<\/ul>\n<p><strong>Miten Effektri omega-3 Dog toimii?<\/strong><br \/>\nOikean tasapainon yll\u00e4pit\u00e4minen omega-3 ja omega-6 rasvahappojen v\u00e4lill\u00e4 parantaa solukalvon joustavuutta, mik\u00e4 edist\u00e4\u00e4 parempaa verenkiertoa kudoksissa, mukaan lukien lihaksissa ja ihossa. Lis\u00e4ksi omega-3:n muuntuminen elimist\u00f6ss\u00e4 tuottaa tulehduksia ehk\u00e4isevi\u00e4 yhdisteit\u00e4, kun taas liiallinen omega-6:n saanti tuottaa tulehduksia edist\u00e4vi\u00e4 aineita. J\u00e4lkimm\u00e4inen voi aiheuttaa kipua ja v\u00e4symyst\u00e4 koirasi lihaksissa ja niveliss\u00e4.<br \/>\nEp\u00e4tasapainoinen omega-3:n ja omega-6:n suhde voi ilmet\u00e4 levottomuutena, k\u00e4ytt\u00e4ytymisongelmina, lihasongelmina, kiillottomana turkkina ja heikentyneen\u00e4 immuunij\u00e4rjestelm\u00e4n\u00e4. Effektri Omega-3 Dog palauttaa tehokkaasti tasapainon ja edist\u00e4\u00e4 koirasi kokonaisvaltaista terveytt\u00e4.<\/p>\n<p><strong>Koostumus ja ravintoarvo &#8211; 20 ml<\/strong><br \/>\nOmega-3 (EPA ja DHA) kala\u00f6ljyst\u00e4 saatuna, luonnolliset antioksidantit (tokoferoleja) kylm\u00e4puristetusta oliivi\u00f6ljyst\u00e4, D-vitamiini. Omega-3 kala\u00f6ljy on tuotettu Euroopan unionin tiukkojen laatuvaatimusten mukaisesti.<\/p>\n<p>&nbsp;<\/p>\n<table width=\"640\">\n<tbody>\n<tr>\n<td colspan=\"2\">Ravintoarvo<\/td>\n<\/tr>\n<tr>\n<td>Energia<\/td>\n<td width=\"175\">164 kcal \/ 688 kJ<\/td>\n<\/tr>\n<tr>\n<td>Proteiini<\/td>\n<td width=\"175\">0 g<\/td>\n<\/tr>\n<tr>\n<td>Hiilihydraatit<\/td>\n<td width=\"175\">0 g<\/td>\n<\/tr>\n<tr>\n<td>Rasvat<\/td>\n<td width=\"175\">18,3 g<\/td>\n<\/tr>\n<\/tbody>\n<\/table>\n<table width=\"640\">\n<tbody>\n<tr>\n<td colspan=\"2\">Rasvahappoprofiili<\/td>\n<\/tr>\n<tr>\n<td>Tyydyttyneet rasvat<\/td>\n<td width=\"175\">4077 mg<\/td>\n<\/tr>\n<tr>\n<td>Yksitt\u00e4istyydyttym\u00e4tt\u00f6m\u00e4t rasvat<\/td>\n<td width=\"175\">9148 mg<\/td>\n<\/tr>\n<tr>\n<td>Joista omega-9:n osuus<\/td>\n<td width=\"175\">7278 mg<\/td>\n<\/tr>\n<tr>\n<td>Monityydyttym\u00e4tt\u00f6m\u00e4t rasvat<\/td>\n<td width=\"175\">4826 mg<\/td>\n<\/tr>\n<tr>\n<td>joista omega-6:n osuus<\/td>\n<td width=\"175\">700 mg<\/td>\n<\/tr>\n<tr>\n<td>Joista omega-3:n osuus<\/td>\n<td width=\"175\">3766 mg<\/td>\n<\/tr>\n<tr>\n<td>Joista C20:5:n (EPA) osuus<\/td>\n<td width=\"175\">2118 mg<\/td>\n<\/tr>\n<tr>\n<td>Ja joista C22:6:n (DHA) osuus<\/td>\n<td width=\"175\">958 mg<\/td>\n<\/tr>\n<tr>\n<td>Flavonoidit (polyfenolit)<\/td>\n<td width=\"175\">5 mg<\/td>\n<\/tr>\n<tr>\n<td>D-vitamiini<\/td>\n<td width=\"175\">1,66 mcg<\/td>\n<\/tr>\n<\/tbody>\n<\/table>\n<p><strong>\u00a0<\/strong>S\u00e4ilytysohjeet<br \/>\nS\u00e4ilyt\u00e4 avaamattomat pullot pime\u00e4ss\u00e4 ja huoneenl\u00e4mm\u00f6ss\u00e4.S\u00e4ilyt\u00e4 avatut pullot viile\u00e4ss\u00e4 ja pime\u00e4ss\u00e4 paikassa.<\/p>\n","protected":false},"excerpt":{"rendered":"<h4>Effektri Omega-3 Dog huippulaatuinen ravintolis\u00e4 koirille. Tutustu Effektri Omega-3 Dogiin, Balanstrin ainutlaatuiseen ravintolis\u00e4\u00e4n, joka on suunniteltu eksklusiivisesti koirille. Erityislaatuinen reseptimme yhdist\u00e4\u00e4 v\u00e4ltt\u00e4m\u00e4tt\u00f6m\u00e4t omega-3-rasvahapot kala\u00f6ljyst\u00e4 (EPA ja DHA), jotka on vahvistettu antioksidanteilla ja D-vitamiinilla.<\/h4>\n<p class=\"list-title\"><strong>T\u00e4rkeimm\u00e4t Effektri Omega-3 Dogin hy\u00f6dyt koirallesi<\/strong><\/p>\n<ul>\n<li>Edist\u00e4\u00e4 kiilt\u00e4v\u00e4\u00e4 turkkia ja tervett\u00e4 ihoa<\/li>\n<li>Tukee kutinasta ja allergiasta johtuvan hilseilyn helpottamista<\/li>\n<li>Vahvistaa kokonaisvaltaisesti immuunij\u00e4rjestelm\u00e4\u00e4<\/li>\n<\/ul>\n","protected":false},"featured_media":25454,"template":"","meta":{"_acf_changed":false,"inline_featured_image":false},"product_brand":[],"product_cat":[193],"product_tag":[],"class_list":{"0":"post-25718","1":"product","2":"type-product","3":"status-publish","4":"has-post-thumbnail","6":"product_cat-koira","7":"infinite-scroll-item","8":"sales-flash-overlay","9":"woocommerce-text-align-left","10":"woocommerce-image-align-center","11":"do-quantity-buttons","12":"wc-has-gallery","14":"first","15":"instock","16":"shipping-taxable","17":"purchasable","18":"product-type-simple"},"acf":[],"_links":{"self":[{"href":"https:\/\/www.effektri.com\/fi\/wp-json\/wp\/v2\/product\/25718","targetHints":{"allow":["GET"]}}],"collection":[{"href":"https:\/\/www.effektri.com\/fi\/wp-json\/wp\/v2\/product"}],"about":[{"href":"https:\/\/www.effektri.com\/fi\/wp-json\/wp\/v2\/types\/product"}],"wp:featuredmedia":[{"embeddable":true,"href":"https:\/\/www.effektri.com\/fi\/wp-json\/wp\/v2\/media\/25454"}],"wp:attachment":[{"href":"https:\/\/www.effektri.com\/fi\/wp-json\/wp\/v2\/media?parent=25718"}],"wp:term":[{"taxonomy":"product_brand","embeddable":true,"href":"https:\/\/www.effektri.com\/fi\/wp-json\/wp\/v2\/product_brand?post=25718"},{"taxonomy":"product_cat","embeddable":true,"href":"https:\/\/www.effektri.com\/fi\/wp-json\/wp\/v2\/product_cat?post=25718"},{"taxonomy":"product_tag","embeddable":true,"href":"https:\/\/www.effektri.com\/fi\/wp-json\/wp\/v2\/product_tag?post=25718"}],"curies":[{"name":"wp","href":"https:\/\/api.w.org\/{rel}","templated":true}]}}