
{"id":25717,"date":"2023-06-23T12:16:30","date_gmt":"2023-06-23T10:16:30","guid":{"rendered":"https:\/\/www.effektri.com\/?post_type=product&#038;p=25717"},"modified":"2023-07-05T14:28:56","modified_gmt":"2023-07-05T12:28:56","slug":"mango-omega-3","status":"publish","type":"product","link":"https:\/\/www.effektri.com\/fi\/Ei-luokiteltu\/mango-omega-3\/","title":{"rendered":"Balanstri Mango omega-3"},"content":{"rendered":"<h4>Mangolla maustettu Balanstri yhdist\u00e4\u00e4 korkealaatuisia kala\u00f6ljyj\u00e4 ja erityisesti valittua neitsytoliivi\u00f6ljy\u00e4, jolla on korkea polyfenolipitoisuus. Maku ja tuotteen merkitt\u00e4v\u00e4 osuus neitsytoliivi\u00f6ljy\u00e4 poistavat kalan maun, mik\u00e4 helpottaa p\u00e4ivitt\u00e4isen annoksen ottamista useimmille ihmisille.<\/h4>\n<p>Suositeltu p\u00e4ivitt\u00e4inen annos Balanstri Mangoa perustuen kehon painoon tarjoaa riitt\u00e4v\u00e4n m\u00e4\u00e4r\u00e4n omega-3-rasvahappoja (EPA ja DHA), vitamiinia D ja polyfenoleja, joita tarvitaan normaalin omega-6\/omega-3-rasvahappotasapainon palauttamiseen ja yll\u00e4pit\u00e4miseen koko elini\u00e4n ajan. Meren omega-3-rasvahappojen (EPA ja DHA) ja oliivin polyfenolien yhteisvaikutus tekee Balanstrista ainutlaatuisen.<\/p>\n","protected":false},"excerpt":{"rendered":"<h4>Mangolla maustettu Balanstri yhdist\u00e4\u00e4 korkealaatuisia kala\u00f6ljyj\u00e4 ja erityisesti valittua neitsytoliivi\u00f6ljy\u00e4, jolla on korkea polyfenolipitoisuus. Maku ja tuotteen merkitt\u00e4v\u00e4 osuus neitsytoliivi\u00f6ljy\u00e4 poistavat kalan maun, mik\u00e4 helpottaa p\u00e4ivitt\u00e4isen annoksen ottamista useimmille ihmisille.<\/h4>\n","protected":false},"featured_media":25149,"template":"","meta":{"_acf_changed":false,"inline_featured_image":false},"product_brand":[],"product_cat":[],"product_tag":[],"class_list":{"0":"post-25717","1":"product","2":"type-product","3":"status-publish","4":"has-post-thumbnail","6":"infinite-scroll-item","7":"sales-flash-overlay","8":"woocommerce-text-align-left","9":"woocommerce-image-align-center","10":"do-quantity-buttons","12":"first","13":"instock","14":"shipping-taxable","15":"purchasable","16":"product-type-simple"},"acf":[],"_links":{"self":[{"href":"https:\/\/www.effektri.com\/fi\/wp-json\/wp\/v2\/product\/25717","targetHints":{"allow":["GET"]}}],"collection":[{"href":"https:\/\/www.effektri.com\/fi\/wp-json\/wp\/v2\/product"}],"about":[{"href":"https:\/\/www.effektri.com\/fi\/wp-json\/wp\/v2\/types\/product"}],"wp:featuredmedia":[{"embeddable":true,"href":"https:\/\/www.effektri.com\/fi\/wp-json\/wp\/v2\/media\/25149"}],"wp:attachment":[{"href":"https:\/\/www.effektri.com\/fi\/wp-json\/wp\/v2\/media?parent=25717"}],"wp:term":[{"taxonomy":"product_brand","embeddable":true,"href":"https:\/\/www.effektri.com\/fi\/wp-json\/wp\/v2\/product_brand?post=25717"},{"taxonomy":"product_cat","embeddable":true,"href":"https:\/\/www.effektri.com\/fi\/wp-json\/wp\/v2\/product_cat?post=25717"},{"taxonomy":"product_tag","embeddable":true,"href":"https:\/\/www.effektri.com\/fi\/wp-json\/wp\/v2\/product_tag?post=25717"}],"curies":[{"name":"wp","href":"https:\/\/api.w.org\/{rel}","templated":true}]}}