
{"id":25713,"date":"2023-06-23T12:02:00","date_gmt":"2023-06-23T10:02:00","guid":{"rendered":"https:\/\/www.effektri.com\/?post_type=product&#038;p=25713"},"modified":"2023-07-05T14:43:12","modified_gmt":"2023-07-05T12:43:12","slug":"omega-3-equi-tuote","status":"publish","type":"product","link":"https:\/\/www.effektri.com\/fi\/hevonen\/omega-3-equi-tuote\/","title":{"rendered":"Omega-3 Equi &#8211; Tuote"},"content":{"rendered":"<h4>Effektri Omega-3 Equi: Korkealaatuinen ravintolis\u00e4 hevosille. Tutustu Omega-3 Equiin, korkealaatuiseen ravintolis\u00e4\u00e4n, joka on suunniteltu erityisesti hevosellesi tai ponillesi. T\u00e4m\u00e4 uniikki tuote sis\u00e4lt\u00e4\u00e4 sekoituksen v\u00e4ltt\u00e4m\u00e4tt\u00f6mi\u00e4 rasvahappoja, mukaan lukien v\u00e4ltt\u00e4m\u00e4t\u00f6nt\u00e4 omega-3:a (ALA, EPA ja DHA), joka on per\u00e4isin kala\u00f6ljyst\u00e4. Vahvistettuna antioksidanteilla erityisest\u00e4 neitsytoliivi\u00f6ljyst\u00e4 sek\u00e4 vitamiineilla D ja E, se tarjoaa kattavan tuen hevosen hyvinvoinnille.<\/h4>\n<p><strong>Mit\u00e4 Effektri Omega-3 Equi voi tehd\u00e4 hevosesi hyv\u00e4ksi?<\/strong><\/p>\n<ul>\n<li>Est\u00e4\u00e4 tulehdusten, kuten nivelrikon edistymist\u00e4.<\/li>\n<li>Edist\u00e4\u00e4 terveiden ja joustavien nivelten ja lihasten yll\u00e4pitoa.<\/li>\n<li>Voi nopeuttaa palautumista rankan harjoittelun tai rasituksen j\u00e4lkeen.<\/li>\n<li>Parantaa yleist\u00e4 kest\u00e4vyytt\u00e4 ja suorituskyky\u00e4.<\/li>\n<li>Edist\u00e4\u00e4 tasapainoista hormonitasapainoa tammojen ja oriiden keskuudessa.<\/li>\n<li>Tukee haavojen paranemisprosessia.<\/li>\n<li>Edist\u00e4\u00e4 kiilt\u00e4v\u00e4\u00e4 turkkia ja t\u00e4ytt\u00e4, tervett\u00e4 harjasta.<\/li>\n<li>Edist\u00e4\u00e4 hormonaalisen tasapainon vakautta.<\/li>\n<li>Effektri Omega-3 Equi ei sis\u00e4ll\u00e4 aineita, jotka ovat FEI:n dopinglistalla, mik\u00e4 takaa sen turvallisuuden kilpailulajeissa.<\/li>\n<\/ul>\n<p>Oikean rasvahappotasapainon yll\u00e4pit\u00e4minen on t\u00e4rke\u00e4\u00e4 hevosen terveydelle ja elinvoimalle. Omega-3 rasvahapoilla on t\u00e4rke\u00e4 rooli solukalvojen sileyden varmistamisessa, ja se tarjoaa tulehdusta v\u00e4hent\u00e4vi\u00e4 vaikutuksia solutasolla koko kehossa. Oikean tasapainon saavuttaminen omega-3:n ja omega-6:n v\u00e4lill\u00e4 v\u00e4hent\u00e4\u00e4 my\u00f6s alttiutta vammoille ja edist\u00e4\u00e4 nopeampaa palautumista rankan harjoittelun j\u00e4lkeen.<\/p>\n<p>&nbsp;<\/p>\n<ul>\n<li>Kaikenik\u00e4isille hevosille ja poneille<\/li>\n<li>Eritt\u00e4in riittoisa: 30 ml\/p\u00e4iv\u00e4 500 kg hevosille ja 5000 ml:n pakkaus saatavilla tallik\u00e4ytt\u00f6\u00f6n.<\/li>\n<li>Omega-3-rasvahapot puhdistetusta kala\u00f6ljyst\u00e4 auttavat tulehduksien hillitsemist\u00e4.<\/li>\n<li>Polyfenolit kylm\u00e4puristetusta oliivi\u00f6ljyst\u00e4 tekev\u00e4t imeytymisest\u00e4 eritt\u00e4in tehokasta<\/li>\n<li>Polyfenolit ja luonnollinen E-vitamiini hallitsevat hapetusstressi\u00e4<\/li>\n<li>Tuotettu EU:n tiukkojen laatuvaatimusten mukaisesti<\/li>\n<li>Patentoitu koostumus<\/li>\n<\/ul>\n<p><strong>Koostumus ja ravintoarvo &#8211; 20 ml<\/strong><br \/>\nOmega-3 (EPA ja DHA) kalajauhosta, luonnolliset antioksidantit (tokoferolit) kylm\u00e4puristetusta oliivi\u00f6ljyst\u00e4, D-vitamiini ja E-vitamiini.Omega-3 kalajauho on tuotettu EU:n tiukkojen laatustandardien mukaisesti. L\u00e4\u00e4ketieteellinen laatu.<\/p>\n<p>&nbsp;<\/p>\n<table width=\"640\">\n<tbody>\n<tr>\n<td colspan=\"2\"><strong>Ravintoarvot<\/strong><\/td>\n<\/tr>\n<tr>\n<td>Energia<\/td>\n<td width=\"175\"><strong>164 kcal \/ 688 kJ<\/strong><\/td>\n<\/tr>\n<tr>\n<td>Proteiini<\/td>\n<td width=\"175\">0 g<\/td>\n<\/tr>\n<tr>\n<td>Hiilihydraatit<\/td>\n<td width=\"175\">0 g<\/td>\n<\/tr>\n<tr>\n<td>Rasvat<\/td>\n<td width=\"175\">18,3 g<\/td>\n<\/tr>\n<\/tbody>\n<\/table>\n<table width=\"640\">\n<tbody>\n<tr>\n<td colspan=\"2\">Rasvahappoprofiili<\/td>\n<\/tr>\n<tr>\n<td>Tyydyttyneit\u00e4 rasvoja<\/td>\n<td width=\"175\">4077 mg<\/td>\n<\/tr>\n<tr>\n<td>Yksitt\u00e4istyydyttym\u00e4tt\u00f6m\u00e4t<\/td>\n<td width=\"175\">9148 mg<\/td>\n<\/tr>\n<tr>\n<td>joista omega-9:n osuus<\/td>\n<td width=\"175\">7278 mg<\/td>\n<\/tr>\n<tr>\n<td>monityydyttym\u00e4tt\u00f6m\u00e4t<\/td>\n<td width=\"175\">4826 mg<\/td>\n<\/tr>\n<tr>\n<td>joista omega-6:n osuus<\/td>\n<td width=\"175\">700 mg<\/td>\n<\/tr>\n<tr>\n<td>joista omega-3:n osuus<\/td>\n<td width=\"175\">3766 mg<\/td>\n<\/tr>\n<tr>\n<td>Joista C20:5:n (EPA) osuus<\/td>\n<td width=\"175\">2118 mg<\/td>\n<\/tr>\n<tr>\n<td>Joista C22:6:n (DHA) osuus<\/td>\n<td width=\"175\">958 mg<\/td>\n<\/tr>\n<tr>\n<td>Flavonoidit (Polyfenolit)<\/td>\n<td width=\"175\">5 mg<\/td>\n<\/tr>\n<tr>\n<td>D-vitamiini<\/td>\n<td width=\"175\">1,66 mcg<\/td>\n<\/tr>\n<\/tbody>\n<\/table>\n<p><strong>\u00a0<\/strong><\/p>\n<p><strong>S\u00e4ilytysohjeet<\/strong><br \/>\nS\u00e4ilyt\u00e4 avaamattomat pullot pime\u00e4ss\u00e4 sek\u00e4 huoneenl\u00e4mm\u00f6ss\u00e4.S\u00e4ilyt\u00e4 avatut pullot viile\u00e4ss\u00e4 ja pime\u00e4ss\u00e4 paikassa.<\/p>\n<p>&nbsp;<\/p>\n<p>Saatavana 250 ml, 500 ml ja 1.000 ml kokoisina.<\/p>\n","protected":false},"excerpt":{"rendered":"<h4>Effektri Omega-3 Equi: Korkealaatuinen ravintolis\u00e4 hevosille. Tutustu Omega-3 Equiin, korkealaatuiseen ravintolis\u00e4\u00e4n, joka on suunniteltu erityisesti hevosellesi tai ponillesi. T\u00e4m\u00e4 uniikki tuote sis\u00e4lt\u00e4\u00e4 sekoituksen v\u00e4ltt\u00e4m\u00e4tt\u00f6mi\u00e4 rasvahappoja, mukaan lukien v\u00e4ltt\u00e4m\u00e4t\u00f6nt\u00e4 omega-3:a (ALA, EPA ja DHA), joka on per\u00e4isin kala\u00f6ljyst\u00e4. Vahvistettuna antioksidanteilla erityisest\u00e4 neitsytoliivi\u00f6ljyst\u00e4 sek\u00e4 vitamiineilla D ja E, se tarjoaa kattavan tuen hevosen hyvinvoinnille.<\/h4>\n<p class=\"list-title\"><strong>Mit\u00e4 Effektri Omega-3 Equi voi tehd\u00e4 hevosesi hyv\u00e4ksi?<\/strong><\/p>\n<ul>\n<li>Est\u00e4\u00e4 tulehdusten, kuten nivelrikon edistymist\u00e4.<\/li>\n<li>Edist\u00e4\u00e4 terveiden ja joustavien nivelten ja lihasten yll\u00e4pitoa.<\/li>\n<li>Voi nopeuttaa palautumista rankan harjoittelun tai rasituksen j\u00e4lkeen.<\/li>\n<\/ul>\n","protected":false},"featured_media":25440,"template":"","meta":{"_acf_changed":false,"inline_featured_image":false},"product_brand":[],"product_cat":[192],"product_tag":[],"class_list":{"0":"post-25713","1":"product","2":"type-product","3":"status-publish","4":"has-post-thumbnail","6":"product_cat-hevonen","7":"infinite-scroll-item","8":"sales-flash-overlay","9":"woocommerce-text-align-left","10":"woocommerce-image-align-center","11":"do-quantity-buttons","12":"wc-has-gallery","14":"first","15":"instock","16":"shipping-taxable","17":"purchasable","18":"product-type-simple"},"acf":[],"_links":{"self":[{"href":"https:\/\/www.effektri.com\/fi\/wp-json\/wp\/v2\/product\/25713","targetHints":{"allow":["GET"]}}],"collection":[{"href":"https:\/\/www.effektri.com\/fi\/wp-json\/wp\/v2\/product"}],"about":[{"href":"https:\/\/www.effektri.com\/fi\/wp-json\/wp\/v2\/types\/product"}],"wp:featuredmedia":[{"embeddable":true,"href":"https:\/\/www.effektri.com\/fi\/wp-json\/wp\/v2\/media\/25440"}],"wp:attachment":[{"href":"https:\/\/www.effektri.com\/fi\/wp-json\/wp\/v2\/media?parent=25713"}],"wp:term":[{"taxonomy":"product_brand","embeddable":true,"href":"https:\/\/www.effektri.com\/fi\/wp-json\/wp\/v2\/product_brand?post=25713"},{"taxonomy":"product_cat","embeddable":true,"href":"https:\/\/www.effektri.com\/fi\/wp-json\/wp\/v2\/product_cat?post=25713"},{"taxonomy":"product_tag","embeddable":true,"href":"https:\/\/www.effektri.com\/fi\/wp-json\/wp\/v2\/product_tag?post=25713"}],"curies":[{"name":"wp","href":"https:\/\/api.w.org\/{rel}","templated":true}]}}