
{"id":25433,"date":"2023-06-06T15:34:02","date_gmt":"2023-06-06T13:34:02","guid":{"rendered":"https:\/\/www.effektri.com\/?page_id=25433"},"modified":"2023-06-21T15:27:53","modified_gmt":"2023-06-21T13:27:53","slug":"tule-jalleenmyyjaksi","status":"publish","type":"page","link":"https:\/\/www.effektri.com\/fi\/tule-jalleenmyyjaksi\/","title":{"rendered":"Tule j\u00e4lleenmyyj\u00e4ksi"},"content":{"rendered":"\n<p>Oletko el\u00e4inl\u00e4\u00e4k\u00e4ri, el\u00e4interapeutti tai j\u00e4lleenmyyj\u00e4 ja haluaisit sis\u00e4llytt\u00e4\u00e4 tuotteemme valikoimaasi? Effektri-tuotteilla saat varmuudella korkealaatuisia luonnontuotteita. Olemme ylpeit\u00e4 tuotteistamme ja jatkamme uusien tuotteiden kehitt\u00e4mist\u00e4. Effektrin lis\u00e4ravinteet kuuluvat itsehoitoon. Kaikkia tuotteita voidaan k\u00e4ytt\u00e4\u00e4 ei-akuuteissa tilanteissa ja ne edist\u00e4v\u00e4t lemmikkisi terveytt\u00e4.&nbsp;<br><br>100% luonnollinen<\/p>\n\n\n\n<h4 class=\"gb-headline gb-headline-78b6374e gb-headline-text\"><strong>Puhdistettu kala\u00f6ljy villikaloista<\/strong><\/h4>\n\n\n\n<p>Emme k\u00e4yt\u00e4 tuotteissamme kasvatettuja kaloja.<br>Syy t\u00e4h\u00e4n on, ett\u00e4 kasvatettujen kalojen laatu on usein heikompi kuin villikalojen ja niiss\u00e4 voi joskus olla korkeita pitoisuuksia PCB:t\u00e4 ja dioksiineja. \u00d6ljymme on puhdistettu EU:n tiukkojen laatustandardien mukaisesti eik\u00e4 sis\u00e4ll\u00e4 ep\u00e4puhtauksia tai raskasmetalleja. Laatu on niin hyv\u00e4, ett\u00e4 \u00f6ljymme soveltuu my\u00f6s ihmisten k\u00e4ytt\u00f6\u00f6n. Kiinnostuitko Effektri-tuotteiden myynnist\u00e4? T\u00e4yt\u00e4 alla oleva lomake (mukaan lukien kaupparekisterin ja ALV-numeron tiedot) ja otamme sinuun yhteytt\u00e4!&nbsp;<\/p>\n\n\n\n<p>Suomen tietoja varten ota yhteytt\u00e4<a href=\"https:\/\/www.effebalance.fi\"> Effe <\/a><a href=\"https:\/\/www.effebalance.fi\" target=\"_blank\" rel=\"noreferrer noopener\">Balanceen<\/a>.&nbsp;<\/p>\n\n\n\n<div class=\"wp-block-contact-form-7-contact-form-selector\">\n<div class=\"wpcf7 no-js\" id=\"wpcf7-f25592-o1\" lang=\"fi\" dir=\"ltr\" data-wpcf7-id=\"25592\">\n<div class=\"screen-reader-response\"><p role=\"status\" aria-live=\"polite\" aria-atomic=\"true\"><\/p> <ul><\/ul><\/div>\n<form action=\"\/fi\/wp-json\/wp\/v2\/pages\/25433#wpcf7-f25592-o1\" method=\"post\" class=\"wpcf7-form init\" aria-label=\"Yhteydenottolomake\" novalidate=\"novalidate\" data-status=\"init\">\n<fieldset class=\"hidden-fields-container\"><input type=\"hidden\" name=\"_wpcf7\" value=\"25592\" \/><input type=\"hidden\" name=\"_wpcf7_version\" value=\"6.1.5\" \/><input type=\"hidden\" name=\"_wpcf7_locale\" value=\"fi\" \/><input type=\"hidden\" name=\"_wpcf7_unit_tag\" value=\"wpcf7-f25592-o1\" \/><input type=\"hidden\" name=\"_wpcf7_container_post\" value=\"0\" \/><input type=\"hidden\" name=\"_wpcf7_posted_data_hash\" value=\"\" \/>\n<\/fieldset>\n<div class=\"double-el\">\n\t<div class=\"form-row\">\n\t\t<p><label>Yrityksen nimi<\/label><br \/>\n<span class=\"wpcf7-form-control-wrap\" data-name=\"bedrijfsnaam\"><input size=\"40\" maxlength=\"400\" class=\"wpcf7-form-control wpcf7-text wpcf7-validates-as-required\" aria-required=\"true\" aria-invalid=\"false\" value=\"\" type=\"text\" name=\"bedrijfsnaam\" \/><\/span>\n\t\t<\/p>\n\t<\/div>\n\t<div class=\"form-row\">\n\t\t<p><label>Nimi<\/label><br \/>\n<span class=\"wpcf7-form-control-wrap\" data-name=\"your-name\"><input size=\"40\" maxlength=\"400\" class=\"wpcf7-form-control wpcf7-text wpcf7-validates-as-required\" aria-required=\"true\" aria-invalid=\"false\" value=\"\" type=\"text\" name=\"your-name\" \/><\/span>\n\t\t<\/p>\n\t<\/div>\n<\/div>\n<div class=\"double-el\">\n\t<div class=\"form-row\">\n\t\t<p><label>Osoite<\/label><br \/>\n<span class=\"wpcf7-form-control-wrap\" data-name=\"adres\"><input size=\"40\" maxlength=\"400\" class=\"wpcf7-form-control wpcf7-text wpcf7-validates-as-required\" aria-required=\"true\" aria-invalid=\"false\" value=\"\" type=\"text\" name=\"adres\" \/><\/span>\n\t\t<\/p>\n\t<\/div>\n\t<div class=\"form-row\">\n\t\t<p><label>Postinumero <\/label><br \/>\n<span class=\"wpcf7-form-control-wrap\" data-name=\"postcode\"><input size=\"40\" maxlength=\"400\" class=\"wpcf7-form-control wpcf7-text wpcf7-validates-as-required\" aria-required=\"true\" aria-invalid=\"false\" value=\"\" type=\"text\" name=\"postcode\" \/><\/span>\n\t\t<\/p>\n\t<\/div>\n<\/div>\n<div class=\"double-el\">\n\t<div class=\"form-row\">\n\t\t<p><label>Sijainti<\/label><br \/>\n<span class=\"wpcf7-form-control-wrap\" data-name=\"plaats\"><input size=\"40\" maxlength=\"400\" class=\"wpcf7-form-control wpcf7-text wpcf7-validates-as-required\" aria-required=\"true\" aria-invalid=\"false\" value=\"\" type=\"text\" name=\"plaats\" \/><\/span>\n\t\t<\/p>\n\t<\/div>\n\t<div class=\"form-row\">\n\t\t<p><label>kauppakamari<\/label><br \/>\n<span class=\"wpcf7-form-control-wrap\" data-name=\"kvk\"><input size=\"40\" maxlength=\"400\" class=\"wpcf7-form-control wpcf7-text\" aria-invalid=\"false\" value=\"\" type=\"text\" name=\"kvk\" \/><\/span>\n\t\t<\/p>\n\t<\/div>\n<\/div>\n<div class=\"double-el\">\n\t<div class=\"form-row\">\n\t\t<p><label>Puhelinnumero<\/label><br \/>\n<span class=\"wpcf7-form-control-wrap\" data-name=\"telefoon\"><input size=\"40\" maxlength=\"400\" class=\"wpcf7-form-control wpcf7-text wpcf7-validates-as-required\" aria-required=\"true\" aria-invalid=\"false\" value=\"\" type=\"text\" name=\"telefoon\" \/><\/span>\n\t\t<\/p>\n\t<\/div>\n\t<div class=\"form-row\">\n\t\t<p><label>S\u00e4hk\u00f6postiosoite<\/label><br \/>\n<span class=\"wpcf7-form-control-wrap\" data-name=\"emailadres\"><input size=\"40\" maxlength=\"400\" class=\"wpcf7-form-control wpcf7-email wpcf7-text wpcf7-validates-as-email\" aria-invalid=\"false\" value=\"\" type=\"email\" name=\"emailadres\" \/><\/span>\n\t\t<\/p>\n\t<\/div>\n<\/div>\n<p><input class=\"wpcf7-form-control wpcf7-submit has-spinner\" type=\"submit\" value=\"L\u00e4mna in\" \/>\n<\/p><div class=\"wpcf7-response-output\" aria-hidden=\"true\"><\/div>\n<\/form>\n<\/div>\n<\/div>\n\n\n\n<p>Lomakkeen alaosa&nbsp;Kauppana tai el\u00e4inl\u00e4\u00e4k\u00e4rin\u00e4 sinut merkit\u00e4\u00e4n virallisena myyntipisteen\u00e4 Effektri-verkkosivustolla, johon sis\u00e4ltyy linkki verkkosivulle tai verkkokauppaan.&nbsp;<\/p>\n","protected":false},"excerpt":{"rendered":"<p>Oletko el\u00e4inl\u00e4\u00e4k\u00e4ri, el\u00e4interapeutti tai j\u00e4lleenmyyj\u00e4 ja haluaisit sis\u00e4llytt\u00e4\u00e4 tuotteemme valikoimaasi? Effektri-tuotteilla saat varmuudella korkealaatuisia luonnontuotteita. Olemme ylpeit\u00e4 tuotteistamme ja jatkamme uusien tuotteiden kehitt\u00e4mist\u00e4. Effektrin lis\u00e4ravinteet kuuluvat itsehoitoon. Kaikkia tuotteita voidaan k\u00e4ytt\u00e4\u00e4 ei-akuuteissa tilanteissa ja ne edist\u00e4v\u00e4t lemmikkisi terveytt\u00e4.&nbsp; 100% luonnollinen Puhdistettu kala\u00f6ljy villikaloista Emme k\u00e4yt\u00e4 tuotteissamme kasvatettuja kaloja.Syy t\u00e4h\u00e4n on, ett\u00e4 kasvatettujen kalojen laatu on &#8230; <\/p>\n<p class=\"read-more-container\"><a title=\"Tule j\u00e4lleenmyyj\u00e4ksi\" class=\"read-more button\" href=\"https:\/\/www.effektri.com\/fi\/tule-jalleenmyyjaksi\/#more-25433\" aria-label=\"Lis\u00e4\u00e4 Tule j\u00e4lleenmyyj\u00e4ksi\">Lees meer<\/a><\/p>\n","protected":false},"author":2,"featured_media":0,"parent":0,"menu_order":0,"comment_status":"closed","ping_status":"closed","template":"","meta":{"_acf_changed":false,"inline_featured_image":false,"footnotes":""},"class_list":{"0":"post-25433","1":"page","2":"type-page","3":"status-publish","5":"infinite-scroll-item"},"acf":[],"_links":{"self":[{"href":"https:\/\/www.effektri.com\/fi\/wp-json\/wp\/v2\/pages\/25433","targetHints":{"allow":["GET"]}}],"collection":[{"href":"https:\/\/www.effektri.com\/fi\/wp-json\/wp\/v2\/pages"}],"about":[{"href":"https:\/\/www.effektri.com\/fi\/wp-json\/wp\/v2\/types\/page"}],"author":[{"embeddable":true,"href":"https:\/\/www.effektri.com\/fi\/wp-json\/wp\/v2\/users\/2"}],"replies":[{"embeddable":true,"href":"https:\/\/www.effektri.com\/fi\/wp-json\/wp\/v2\/comments?post=25433"}],"version-history":[{"count":3,"href":"https:\/\/www.effektri.com\/fi\/wp-json\/wp\/v2\/pages\/25433\/revisions"}],"predecessor-version":[{"id":25604,"href":"https:\/\/www.effektri.com\/fi\/wp-json\/wp\/v2\/pages\/25433\/revisions\/25604"}],"wp:attachment":[{"href":"https:\/\/www.effektri.com\/fi\/wp-json\/wp\/v2\/media?parent=25433"}],"curies":[{"name":"wp","href":"https:\/\/api.w.org\/{rel}","templated":true}]}}