
{"id":25428,"date":"2023-06-06T15:14:55","date_gmt":"2023-06-06T13:14:55","guid":{"rendered":"https:\/\/www.effektri.com\/?page_id=25428"},"modified":"2023-06-06T15:14:57","modified_gmt":"2023-06-06T13:14:57","slug":"usein-kysytyt-kysymykset","status":"publish","type":"page","link":"https:\/\/www.effektri.com\/fi\/usein-kysytyt-kysymykset\/","title":{"rendered":"Usein kysytyt kysymykset"},"content":{"rendered":"\n<p>Prioritisoimme nopeita vastauksia kysymyksiisi Effektrill\u00e4. Mik\u00e4li sinulla on kysymys, jota ei k\u00e4sitell\u00e4 alla olevissa usein kysytyiss\u00e4 kysymyksiss\u00e4, ole hyv\u00e4 ja ota meihin yhteytt\u00e4 k\u00e4ytt\u00e4m\u00e4ll\u00e4 yhteydenottolomakettamme, WhatsAppin kautta numerossa 0031 639 475700 tai s\u00e4hk\u00f6postitse osoitteessa info@effektri.com. Pyrimme tarjoamaan sinulle nopean vastauksen.&nbsp;<\/p>\n\n\n\n<h4 class=\"gb-headline gb-headline-7a899a20 gb-headline-text\"><strong>Kuinka minun tulisi annostella Effektri\u00e4 koirallani?<\/strong><\/h4>\n\n\n\n<p>Suosittelemme p\u00e4ivitt\u00e4ist\u00e4 annosta, joka on 0,25 ml per koiran painokilo. Esimerkiksi aikuiselle, 40 kiloa painavalle labradorinnoutajalle suositellaan p\u00e4ivitt\u00e4iseksi annokseksi 10 ml (40 x 0,25 ml). Aikuiselle, 14 kiloa painavalle k\u00e4\u00e4pi\u00f6m\u00e4yr\u00e4koiralle annostus olisi 3,5 ml (14 x 0,25 ml), kun taas aikuiselle, 70 kiloa painavalle suurelle tanskandogille suositellaan annokseksi 17,5 ml (70 x 0,25 ml).&nbsp;<\/p>\n\n\n\n<p>Suurempia koiria varten voit mitata sopivan m\u00e4\u00e4r\u00e4n 500 ml:n ja 1000 ml:n pulloilla puristamalla pulloa. Pienempien koirien, pentujen tai 250 ml:n pullon osalta on parasta mitata \u00f6ljy\u00e4 teelusikalla tai ruokalusikalla.&nbsp;<br><br>Yksi t\u00e4ysi teelusikallinen sis\u00e4lt\u00e4\u00e4 5 ml \u00f6ljy\u00e4 ja yksi t\u00e4ysi ruokalusikallinen sis\u00e4lt\u00e4\u00e4 15 ml \u00f6ljy\u00e4.Ei ole ongelma, vaikka annat hieman enemm\u00e4n \u00f6ljy\u00e4, ja koirille, joilla on ihovaivoja, nivelrikkoa tai j\u00e4ykki\u00e4 nivelit\u00e4\/j\u00e4nteit\u00e4, suosittelemme annoksen lis\u00e4\u00e4mist\u00e4 tai jopa p\u00e4ivitt\u00e4isen annoksen kaksinkertaistamista.&nbsp;<\/p>\n\n\n\n<h4 class=\"gb-headline gb-headline-d4145772 gb-headline-text\"><strong>Miksi k\u00e4yt\u00e4tte el\u00e4in\u00f6ljy\u00e4 (kala\u00f6ljy\u00e4) Omega-3:n perustana kasvi\u00f6ljyn sijaan?<\/strong><\/h4>\n\n\n\n<p>Vaikka pellavansiemenet ovat tunnettu omega-3-l\u00e4hde, ne sis\u00e4lt\u00e4v\u00e4t vain alfalinoleenihappoa (ALA), kasviper\u00e4ist\u00e4 omega-3:a. Hevosten ja koirien tulee muuntaa ALA el\u00e4inper\u00e4iseksi omega-3:ksi (DHA ja EPA), mik\u00e4 on tehottomampi prosessi, jonka muuntumisaste on vain 5-10 %. Effektri sis\u00e4lt\u00e4\u00e4 DHA:ta ja EPA:ta oikeassa suhteessa, mik\u00e4 eliminoi muuntamisen tarpeen.&nbsp;<\/p>\n\n\n\n<p>K\u00e4ytt\u00e4m\u00e4ll\u00e4 kala\u00f6ljy\u00e4 Effektri saavuttaa suuremman tehokkuuden ja nopeammat tulokset. Lis\u00e4ksi parempien tulosten saavuttamiseksi tarvitaan pienempi m\u00e4\u00e4r\u00e4 \u00f6ljy\u00e4.&nbsp;<\/p>\n\n\n\n<p>Ovatko Effektri\u00e4 varten k\u00e4ytett\u00e4v\u00e4t kalat viljeltyj\u00e4 vai luonnonvaraisia?&nbsp;<\/p>\n\n\n\n<p>K\u00e4yt\u00e4mme \u00f6ljyihimme kaloja, jotka on pyydetty Islannin vesill\u00e4. Emme k\u00e4yt\u00e4 viljelty\u00e4 kalaa, koska niiden laatu on usein heikompi kuin luonnonkalojen ja ne voivat sis\u00e4lt\u00e4\u00e4 korkeita pitoisuuksia PCB-yhdisteit\u00e4 ja dioksiineja. \u00d6ljymme puhdistetaan EU:n tiukkojen laatuvaatimusten mukaisesti, mik\u00e4 varmistaa ettei siin\u00e4 ole saasteita tai raskasmetalleja. Laatu on niin erinomainen, ett\u00e4 \u00f6ljymme soveltuu my\u00f6s ihmisten k\u00e4ytt\u00f6\u00f6n.&nbsp;<\/p>\n\n\n\n<h4 class=\"gb-headline gb-headline-121605b3 gb-headline-text\"><strong>Miten Effektri eroaa muista jo markkinoilla olevista Omega 3 (6,9) -lis\u00e4ravinteista?<\/strong><\/h4>\n\n\n\n<p>Vastataksemme t\u00e4h\u00e4n kysymykseen, on t\u00e4rke\u00e4 ymm\u00e4rt\u00e4\u00e4, ett\u00e4 ihmisill\u00e4 sek\u00e4 el\u00e4imill\u00e4 on luonnostaan sek\u00e4 omega-3- ett\u00e4 omega-6-rasvahappoja elimist\u00f6ss\u00e4\u00e4n. Jos hevoset ovat ymp\u00e4rivuotisessa laidunruokinnassa, ne voivat yll\u00e4pit\u00e4\u00e4 t\u00e4t\u00e4 tasapainoa itse. Karkea rehu ja v\u00e4kirehu sis\u00e4lt\u00e4v\u00e4t kuitenkin merkitt\u00e4v\u00e4n m\u00e4\u00e4r\u00e4n omega-6:a ja hyvin v\u00e4h\u00e4n omega-3:a, mik\u00e4 johtaa useiden hevosten omega-3-puutostilaan.&nbsp;<\/p>\n\n\n\n<p>Olemme valinneet Balanstriin v\u00e4h\u00e4isen m\u00e4\u00e4r\u00e4n omega-6:ta ja vain pienen m\u00e4\u00e4r\u00e4n omega-9:a, koska hevoset saavat usein n\u00e4it\u00e4 ravintoaineita liiallisesti ruokinnastaan. Omega-6-rasvahappojen (linolihappo) l\u00e4sn\u00e4olo voi mahdollisesti aiheuttaa tulehduksia, mik\u00e4 korostaa omega-3:n ja omega-6:n tasapainon palauttamisen ja yll\u00e4pit\u00e4misen t\u00e4rkeytt\u00e4.&nbsp;<\/p>\n\n\n\n<p>\u00d6ljymme erinomainen laatu ja korkeampi omega-3-pitoisuus erottaa sen muista omega 3, 6 ja 9 -\u00f6ljyist\u00e4.&nbsp;<\/p>\n\n\n\n<p>Useimmat markkinoilla olevat omega 3-6-9 -tuotteet sis\u00e4lt\u00e4v\u00e4t kasvipohjaista omega-3:a (alfa-linoleenihappoa) niin pienin\u00e4 m\u00e4\u00e4rin\u00e4 (yleens\u00e4 noin 0,03 prosenttia), ett\u00e4 sen vaikutus on v\u00e4h\u00e4inen. Effektri Equi sen sijaan valmistetaan kala\u00f6ljyst\u00e4, johon on lis\u00e4tty luonnollisia antioksidantteja sek\u00e4 D- ja E-vitamiineja, noudattaen EU:n tiukkoja laatuvaatimuksia.&nbsp;<\/p>\n\n\n\n<p>Monet kyseenalaistavat kala\u00f6ljyn k\u00e4yt\u00f6n hevosten ja koirien hoidossa. Olemme kuitenkin eri mielt\u00e4, ja monet el\u00e4inl\u00e4\u00e4k\u00e4rit, j\u00e4lleenmyyj\u00e4t ja asiakkaat ovat kanssamme samaa mielt\u00e4. Syy, miksi k\u00e4yt\u00e4mme kala\u00f6ljy\u00e4 omega-3-\u00f6ljymme perustana, on yksinkertainen. Kasvi\u00f6ljyt sis\u00e4lt\u00e4v\u00e4t vain alfalinoleenihappoa (ALA) eiv\u00e4tk\u00e4 EPA:ta ja DHA:ta, jotka ovat t\u00e4rkeit\u00e4 omega-3-rasvahappoja el\u00e4imille. Hevosten ja koirien on muunnettava ALA EPA:ksi ja DHA:ksi, mik\u00e4 ei ole kovin tehokas prosessi, ja muuntumisaste on vain 5-10 prosenttia. Effektriss\u00e4 EPA ja DHA ovat oikeassa suhteessa, joten muuntamista ei tarvita. T\u00e4m\u00e4 tekee Effektrist\u00e4 paljon tehokkaamman ja nopeamman. Lis\u00e4ksi siihen tarvitaan suhteellisesti pienempi m\u00e4\u00e4r\u00e4, mik\u00e4 tekee siit\u00e4 kustannustehokkaan.&nbsp;<\/p>\n\n\n\n<p>Lis\u00e4ksi Effektriss\u00e4 k\u00e4ytetty kala\u00f6ljy puhdistetaan tiukkojen EU-standardien mukaisesti, mik\u00e4 varmistaa, ett\u00e4 kaikki el\u00e4inproteiinit on poistettu.&nbsp;<\/p>\n\n\n\n<h4 class=\"gb-headline gb-headline-f9119324 gb-headline-text\"><strong>Voiko \u00f6ljy muuttaa v\u00e4ri\u00e4, ja onko se haitallista?<\/strong><\/h4>\n\n\n\n<p>Effektri on \u00f6ljysekoitus, ja kuten kaikki rasvat, se voi hitaasti j\u00e4hmetty\u00e4 alhaisissa l\u00e4mp\u00f6tiloissa. Yleens\u00e4 \u00f6ljymme pysyy kirkkaana, vaaleana ja nestem\u00e4isen\u00e4 noin nelj\u00e4\u00e4n asteeseen asti. Kuitenkin l\u00e4hell\u00e4 j\u00e4\u00e4tymispistett\u00e4 se saattaa muuttua sameaksi ja n\u00e4ytt\u00e4\u00e4 tummemmalta. T\u00e4ss\u00e4 tilanteessa se saattaa my\u00f6s virrata hitaammin annosteluj\u00e4rjestelm\u00e4n l\u00e4pi. Muutos v\u00e4riss\u00e4 tai koostumuksessa ei kuitenkaan merkitse haittaa tai pilaantumista. Anna \u00f6ljyn lev\u00e4t\u00e4 hetken aikaa huoneenl\u00e4mm\u00f6ss\u00e4, ja sen kirkkaus sek\u00e4 nestem\u00e4isyys palaa ennalleen.&nbsp;<\/p>\n\n\n\n<h4 class=\"gb-headline gb-headline-e8d03ba9 gb-headline-text\"><strong>Onko Effektrin k\u00e4yt\u00f6ss\u00e4 hevosilla ja koirilla tiedossa olevia haittavaikutuksia?<\/strong><\/h4>\n\n\n\n<p>Balanstrin k\u00e4yt\u00f6n yhteydess\u00e4 ei ole tiedossa sivuvaikutuksia. Omega-3-\u00f6ljymme on vapaa allergisoivista aineista ja puhdistettu proteiinien poistamiseksi. Effektri on t\u00e4ysin luonnollinen tuote, joka ei sis\u00e4ll\u00e4 mit\u00e4\u00e4n FEI:n dopinglistalla mainittuja aineita hevosille.&nbsp;<\/p>\n\n\n\n<h4 class=\"gb-headline gb-headline-8a7479e5 gb-headline-text\"><strong>Voiko se olla tehokas koirille, joilla on p\u00f6lypunkki-allergia, mik\u00e4 usein aiheuttaa tulehdusherkk\u00e4\u00e4 ihoa?<\/strong><\/h4>\n\n\n\n<p>Effektrill\u00e4 on tulehdusta v\u00e4hent\u00e4vi\u00e4 ominaisuuksia, jotka voivat auttaa lievitt\u00e4m\u00e4\u00e4n kutinaa ja edist\u00e4m\u00e4\u00e4n ihon paranemista. On kuitenkin t\u00e4rke\u00e4\u00e4 huomata, ett\u00e4 Effektri ei ole l\u00e4\u00e4ke, vaan ravintolis\u00e4, joka voi auttaa koiria allergioissa, mukaan lukien p\u00f6lypunkkien aiheuttamat allergiat.&nbsp;<\/p>\n","protected":false},"excerpt":{"rendered":"<p>Prioritisoimme nopeita vastauksia kysymyksiisi Effektrill\u00e4. Mik\u00e4li sinulla on kysymys, jota ei k\u00e4sitell\u00e4 alla olevissa usein kysytyiss\u00e4 kysymyksiss\u00e4, ole hyv\u00e4 ja ota meihin yhteytt\u00e4 k\u00e4ytt\u00e4m\u00e4ll\u00e4 yhteydenottolomakettamme, WhatsAppin kautta numerossa 0031 639 475700 tai s\u00e4hk\u00f6postitse osoitteessa info@effektri.com. Pyrimme tarjoamaan sinulle nopean vastauksen.&nbsp; Kuinka minun tulisi annostella Effektri\u00e4 koirallani? Suosittelemme p\u00e4ivitt\u00e4ist\u00e4 annosta, joka on 0,25 ml per koiran &#8230; <\/p>\n<p class=\"read-more-container\"><a title=\"Usein kysytyt kysymykset\" class=\"read-more button\" href=\"https:\/\/www.effektri.com\/fi\/usein-kysytyt-kysymykset\/#more-25428\" aria-label=\"Lis\u00e4\u00e4 Usein kysytyt kysymykset\">Lees meer<\/a><\/p>\n","protected":false},"author":2,"featured_media":0,"parent":0,"menu_order":0,"comment_status":"closed","ping_status":"closed","template":"","meta":{"_acf_changed":false,"inline_featured_image":false,"footnotes":""},"class_list":{"0":"post-25428","1":"page","2":"type-page","3":"status-publish","5":"infinite-scroll-item"},"acf":[],"_links":{"self":[{"href":"https:\/\/www.effektri.com\/fi\/wp-json\/wp\/v2\/pages\/25428","targetHints":{"allow":["GET"]}}],"collection":[{"href":"https:\/\/www.effektri.com\/fi\/wp-json\/wp\/v2\/pages"}],"about":[{"href":"https:\/\/www.effektri.com\/fi\/wp-json\/wp\/v2\/types\/page"}],"author":[{"embeddable":true,"href":"https:\/\/www.effektri.com\/fi\/wp-json\/wp\/v2\/users\/2"}],"replies":[{"embeddable":true,"href":"https:\/\/www.effektri.com\/fi\/wp-json\/wp\/v2\/comments?post=25428"}],"version-history":[{"count":1,"href":"https:\/\/www.effektri.com\/fi\/wp-json\/wp\/v2\/pages\/25428\/revisions"}],"predecessor-version":[{"id":25429,"href":"https:\/\/www.effektri.com\/fi\/wp-json\/wp\/v2\/pages\/25428\/revisions\/25429"}],"wp:attachment":[{"href":"https:\/\/www.effektri.com\/fi\/wp-json\/wp\/v2\/media?parent=25428"}],"curies":[{"name":"wp","href":"https:\/\/api.w.org\/{rel}","templated":true}]}}