
{"id":25392,"date":"2023-06-06T14:51:01","date_gmt":"2023-06-06T12:51:01","guid":{"rendered":"https:\/\/www.effektri.com\/?page_id=25392"},"modified":"2023-06-06T14:51:03","modified_gmt":"2023-06-06T12:51:03","slug":"tapaa-tiimimme","status":"publish","type":"page","link":"https:\/\/www.effektri.com\/fi\/tapaa-tiimimme\/","title":{"rendered":"Tietoa meist\u00e4\u00a0"},"content":{"rendered":"\n<p>Vuonna 2012 perustettu Bioactri on Effektrin ja Balanstrin emoyhti\u00f6. Perustajamme ovat Islannista, Norjasta ja Alankomaista olevia tutkijoita, jotka ovat tehneet yhteisty\u00f6t\u00e4 kansainv\u00e4lisiss\u00e4 tieteellisiss\u00e4 projekteissa, jotka keskittyv\u00e4t ruokaturvallisuuteen ja ihmisten sek\u00e4 el\u00e4inten terveyteen. Bioactri BV perustettiin yhteisen intohimon innovaatiota, ruoan turvallisuutta ja terveytt\u00e4 kohtaan.&nbsp;<\/p>\n\n\n\n<p>Tiede on yhti\u00f6mme sek\u00e4 ravintolisiemme kehitt\u00e4misen ytimess\u00e4.\u00a0Kaikkien meid\u00e4n tuotteidemme teho on vahvistettu tieteen avulla. Tavoitteenamme on kehitt\u00e4\u00e4 ja tarjota tuotteita, jotka tukevat ihmisten sek\u00e4 el\u00e4inten terveytt\u00e4 niin lyhyell\u00e4 kuin pitk\u00e4ll\u00e4 aikav\u00e4lill\u00e4. Laaja tuotevalikoimamme vastaa korkeita laatustandardeja, aina uusimpia tuotteitamme my\u00f6ten. Ne on tuotettu ja pakattu l\u00e4\u00e4keteollisuuden standardien mukaisesti, niill\u00e4 on GMP+-sertifikaatti, ja ne eiv\u00e4t sis\u00e4ll\u00e4 GMO:ita. Voit l\u00f6yt\u00e4\u00e4 Effektri-tuotteitamme j\u00e4lleenmyyjilt\u00e4mme, valituista kauposta, tai el\u00e4inl\u00e4\u00e4k\u00e4reilt\u00e4.\u00a0<\/p>\n\n\n\n<h4 class=\"gb-headline gb-headline-4fd2b690 gb-headline-text\"><strong>Tapaa tiimimme<\/strong><\/h4>\n\n\n\n<h5 class=\"gb-headline gb-headline-43b2bb90 gb-headline-text\"><strong>Tri Ola Eide<\/strong><\/h5>\n\n\n\n<p>Tohtori Ola Eidell\u00e4 on tutkinto biokemiasta sek\u00e4 elintarviketeknologiasta Norjan tiede- ja teknologiayliopistosta (NTNU) Trondheimissa, Norjassa. H\u00e4n on toiminut erilaisissa johtoteht\u00e4viss\u00e4, kuten johtanut merkitt\u00e4v\u00e4\u00e4 pohjoismaista ravitsemustutkimusprojektia, jota rahoittavat Norjan tutkimusneuvosto ja Pohjoismainen teollisuusrahasto. Vapaa-ajallaan tri Eide nauttii pitkist\u00e4 vuorivaelluksista Norjassa ja Espanjassa koiransa Fidon kanssa.\u00a0<\/p>\n\n\n\n<h5 class=\"gb-headline gb-headline-0e04c3b1 gb-headline-text\"><strong>Tri Harmen Hofstra <\/strong><\/h5>\n\n\n\n<p>Tohtori Harmen Hofstra suoritti opintonsa mikro- ja molekyylibiologian parissa Groningenin yliopistossa. H\u00e4n v\u00e4itteli l\u00e4\u00e4ketieteen tohtoriksi vuonna 1981. Tutkintonsa j\u00e4lkeen tri Hofstra liittyi TNO:hon, miss\u00e4 h\u00e4nest\u00e4 tuli lopulta elintarvikemikrobiologian osaston johtaja. Vuodesta 2002 h\u00e4n toimi Euroopan elintarviketurvallisuusj\u00e4rjest\u00f6n johtajana Brysseliss\u00e4, joka oli yhteisty\u00f6hanke, johon kuului yli 15 eurooppalaista yliopistoa ja tutkimuslaitosta elintarviketurvallisuuden alalla.\u00a0<\/p>\n\n\n\n<h5 class=\"gb-headline gb-headline-f8cefe5c gb-headline-text\"><strong>Oddur Mar Gunnarson <\/strong><\/h5>\n\n\n\n<p>Oddur Mar Gunnarson opiskeli meritekniikkaa Islannin meritekniikan korkeakoulussa ja tuotantotekniikkaa Odensen teknillisess\u00e4 yliopistossa, Tanskassa. Opintojensa j\u00e4lkeen Oddur johti projekteja, jotka edistiv\u00e4t innovaatioita elintarvikkeiden, maatalouden, kalastuksen ja biotekniikan alalla Pohjoismaissa sek\u00e4 Euroopan unionissa. Taustaansa hydrauliikkatekniikassa ja elintarvikkeiden innovoinnissa hy\u00f6dynt\u00e4en Oddur tarjoaa arvokkaita mielipiteit\u00e4 ja neuvoja uusista tuotteista hevosille sek\u00e4 koirille.\u00a0<\/p>\n\n\n\n<h5 class=\"wp-block-heading\" id=\"h-tri-linda-saga\"><strong>Tri Linda Saga<\/strong><\/h5>\n\n\n\n<p>Tri Dr. Linda Saga suoritti opintonsa elintarviketieteen parissa Norjan el\u00e4in\u00adl\u00e4\u00e4ke\u00adtieteellisess\u00e4 yli\u00adopistossa (NMBU) ja suoritti v\u00e4it\u00f6skirjan samalla alalla. Opintojensa j\u00e4lkeen h\u00e4n ty\u00f6skenteli tutkimus- ja kehitysjohtajana Bioactive Foods AS -yrityksess\u00e4, jossa h\u00e4n osallistui DBS-kotitestin ja Ola Eiden valmistaman omega-3-\u00f6ljyn kehitt\u00e4miseen.\u00a0<\/p>\n\n\n\n<h5 class=\"gb-headline gb-headline-eb943f91 gb-headline-text\"><strong>Janneke Hofstra, BComm<\/strong><\/h5>\n\n\n\n<p>Janneke Hofstra on er\u00e4\u00e4n yrityksemme perustajan tyt\u00e4r.\u00a0H\u00e4n on suorittanut HEAO-viestinn\u00e4n opinnot ja on toiminut erilaisissa kaupallisissa teht\u00e4viss\u00e4. Vuonna 2013 Janneke liittyi yritykseen, siirtyen el\u00e4inl\u00e4\u00e4ketieteellisen Effektrin johtoon, joka my\u00f6hemmin laajensi valikoimaansa muilla el\u00e4imille suunnatuilla lis\u00e4ravinteilla.\u00a0<\/p>\n","protected":false},"excerpt":{"rendered":"<p>Vuonna 2012 perustettu Bioactri on Effektrin ja Balanstrin emoyhti\u00f6. Perustajamme ovat Islannista, Norjasta ja Alankomaista olevia tutkijoita, jotka ovat tehneet yhteisty\u00f6t\u00e4 kansainv\u00e4lisiss\u00e4 tieteellisiss\u00e4 projekteissa, jotka keskittyv\u00e4t ruokaturvallisuuteen ja ihmisten sek\u00e4 el\u00e4inten terveyteen. Bioactri BV perustettiin yhteisen intohimon innovaatiota, ruoan turvallisuutta ja terveytt\u00e4 kohtaan.&nbsp; Tiede on yhti\u00f6mme sek\u00e4 ravintolisiemme kehitt\u00e4misen ytimess\u00e4.\u00a0Kaikkien meid\u00e4n tuotteidemme teho on vahvistettu &#8230; <\/p>\n<p class=\"read-more-container\"><a title=\"Tietoa meist\u00e4\u00a0\" class=\"read-more button\" href=\"https:\/\/www.effektri.com\/fi\/tapaa-tiimimme\/#more-25392\" aria-label=\"Lis\u00e4\u00e4 Tietoa meist\u00e4\u00a0\">Lees meer<\/a><\/p>\n","protected":false},"author":2,"featured_media":0,"parent":0,"menu_order":0,"comment_status":"closed","ping_status":"open","template":"","meta":{"_acf_changed":false,"inline_featured_image":false,"footnotes":""},"class_list":{"0":"post-25392","1":"page","2":"type-page","3":"status-publish","5":"infinite-scroll-item"},"acf":[],"_links":{"self":[{"href":"https:\/\/www.effektri.com\/fi\/wp-json\/wp\/v2\/pages\/25392","targetHints":{"allow":["GET"]}}],"collection":[{"href":"https:\/\/www.effektri.com\/fi\/wp-json\/wp\/v2\/pages"}],"about":[{"href":"https:\/\/www.effektri.com\/fi\/wp-json\/wp\/v2\/types\/page"}],"author":[{"embeddable":true,"href":"https:\/\/www.effektri.com\/fi\/wp-json\/wp\/v2\/users\/2"}],"replies":[{"embeddable":true,"href":"https:\/\/www.effektri.com\/fi\/wp-json\/wp\/v2\/comments?post=25392"}],"version-history":[{"count":1,"href":"https:\/\/www.effektri.com\/fi\/wp-json\/wp\/v2\/pages\/25392\/revisions"}],"predecessor-version":[{"id":25393,"href":"https:\/\/www.effektri.com\/fi\/wp-json\/wp\/v2\/pages\/25392\/revisions\/25393"}],"wp:attachment":[{"href":"https:\/\/www.effektri.com\/fi\/wp-json\/wp\/v2\/media?parent=25392"}],"curies":[{"name":"wp","href":"https:\/\/api.w.org\/{rel}","templated":true}]}}