
{"id":25355,"date":"2023-06-06T13:59:54","date_gmt":"2023-06-06T11:59:54","guid":{"rendered":"https:\/\/www.effektri.com\/?page_id=25355"},"modified":"2023-06-21T15:19:12","modified_gmt":"2023-06-21T13:19:12","slug":"yhteystietolomake","status":"publish","type":"page","link":"https:\/\/www.effektri.com\/fi\/yhteystietolomake\/","title":{"rendered":"Yhteystietolomake\u00a0"},"content":{"rendered":"\n<p>Kuinka voimme olla avuksi?&nbsp;<br>Onko sinulla kysymyksi\u00e4 verkkosivustostamme, palvelustamme tai tuotteestamme, etk\u00e4 l\u00f6yd\u00e4 vastausta sivuiltamme? Ota meihin yhteytt\u00e4:&nbsp;<\/p>\n\n\n\n<h4 class=\"gb-headline gb-headline-7678e15f gb-headline-text\"><strong>S\u00e4hk\u00f6posti<\/strong><\/h4>\n\n\n\n<p>Voit l\u00e4hett\u00e4\u00e4 meille s\u00e4hk\u00f6postia seuraaviin osoitteisiin: &nbsp;info@effektri.com tai info@Balanstri.com. Olemme sinuun yhteydess\u00e4 mahdollisimman nopeasti.<\/p>\n\n\n\n<h4 class=\"gb-headline gb-headline-13a51ebd gb-headline-text\"><strong>WhatsApp<\/strong><\/h4>\n\n\n\n<p>Keskusteletko mielummin kanssamme WhatsAppin v\u00e4lityksell\u00e4?Voit tehd\u00e4 niin numerossa&nbsp;<strong>+31 (0) 6 39 4757 00<\/strong><\/p>\n\n\n\n<h4 class=\"gb-headline gb-headline-325aa015 gb-headline-text\"><strong>Tietomme<\/strong><\/h4>\n\n\n\n<p>Bioactri BV \u2013 Effektri<br>PO 70 8560 AB Balk<br><br>Pypsterstikke 29<br>8561AW Balk<br>Alankomaat<\/p>\n\n\n\n<p>Info@effektri.com<\/p>\n\n\n\n<p><a href=\"mailto:info@Balanstri.com\"><\/a>+31 6 39475700&nbsp;<\/p>\n\n\n\n<p><br>VAT-numero: NL851575699B01<br>Dutch Chamber of Commerce-numero: 55124518<\/p>\n\n\n\n<div class=\"wp-block-contact-form-7-contact-form-selector\">\n<div class=\"wpcf7 no-js\" id=\"wpcf7-f25583-o1\" lang=\"fi\" dir=\"ltr\" data-wpcf7-id=\"25583\">\n<div class=\"screen-reader-response\"><p role=\"status\" aria-live=\"polite\" aria-atomic=\"true\"><\/p> <ul><\/ul><\/div>\n<form action=\"\/fi\/wp-json\/wp\/v2\/pages\/25355#wpcf7-f25583-o1\" method=\"post\" class=\"wpcf7-form init\" aria-label=\"Yhteydenottolomake\" novalidate=\"novalidate\" data-status=\"init\">\n<fieldset class=\"hidden-fields-container\"><input type=\"hidden\" name=\"_wpcf7\" value=\"25583\" \/><input type=\"hidden\" name=\"_wpcf7_version\" value=\"6.1.5\" \/><input type=\"hidden\" name=\"_wpcf7_locale\" value=\"fi\" \/><input type=\"hidden\" name=\"_wpcf7_unit_tag\" value=\"wpcf7-f25583-o1\" \/><input type=\"hidden\" name=\"_wpcf7_container_post\" value=\"0\" \/><input type=\"hidden\" name=\"_wpcf7_posted_data_hash\" value=\"\" \/>\n<\/fieldset>\n<div class=\"double-el\">\n\t<div class=\"form-row\">\n\t\t<p><label>Nimi<\/label><br \/>\n<span class=\"wpcf7-form-control-wrap\" data-name=\"your-name\"><input size=\"40\" maxlength=\"400\" class=\"wpcf7-form-control wpcf7-text wpcf7-validates-as-required\" autocomplete=\"no\" aria-required=\"true\" aria-invalid=\"false\" value=\"\" type=\"text\" name=\"your-name\" \/><\/span>\n\t\t<\/p>\n\t<\/div>\n\t<div class=\"form-row\">\n\t\t<p><label> S\u00e4hk\u00f6postisi<\/label><br \/>\n<span class=\"wpcf7-form-control-wrap\" data-name=\"your-email\"><input size=\"40\" maxlength=\"400\" class=\"wpcf7-form-control wpcf7-email wpcf7-validates-as-required wpcf7-text wpcf7-validates-as-email\" autocomplete=\"no\" aria-required=\"true\" aria-invalid=\"false\" value=\"\" type=\"email\" name=\"your-email\" \/><\/span>\n\t\t<\/p>\n\t<\/div>\n<\/div>\n<div class=\"form-row\">\n\t<p><label> Kysymyksesi <\/label><br \/>\n<span class=\"wpcf7-form-control-wrap\" data-name=\"your-message\"><textarea cols=\"40\" rows=\"10\" maxlength=\"2000\" class=\"wpcf7-form-control wpcf7-textarea\" aria-invalid=\"false\" name=\"your-message\"><\/textarea><\/span>\n\t<\/p>\n<\/div>\n<div class=\"form-row\">\n\t<p><input class=\"wpcf7-form-control wpcf7-submit has-spinner\" type=\"submit\" value=\"L\u00e4het\u00e4\" \/>\n\t<\/p>\n<\/div><div class=\"wpcf7-response-output\" aria-hidden=\"true\"><\/div>\n<\/form>\n<\/div>\n<\/div>\n","protected":false},"excerpt":{"rendered":"<p>Kuinka voimme olla avuksi?&nbsp;Onko sinulla kysymyksi\u00e4 verkkosivustostamme, palvelustamme tai tuotteestamme, etk\u00e4 l\u00f6yd\u00e4 vastausta sivuiltamme? Ota meihin yhteytt\u00e4:&nbsp; S\u00e4hk\u00f6posti Voit l\u00e4hett\u00e4\u00e4 meille s\u00e4hk\u00f6postia seuraaviin osoitteisiin: &nbsp;info@effektri.com tai info@Balanstri.com. Olemme sinuun yhteydess\u00e4 mahdollisimman nopeasti. WhatsApp Keskusteletko mielummin kanssamme WhatsAppin v\u00e4lityksell\u00e4?Voit tehd\u00e4 niin numerossa&nbsp;+31 (0) 6 39 4757 00 Tietomme Bioactri BV \u2013 EffektriPO 70 8560 AB Balk &#8230; <\/p>\n<p class=\"read-more-container\"><a title=\"Yhteystietolomake\u00a0\" class=\"read-more button\" href=\"https:\/\/www.effektri.com\/fi\/yhteystietolomake\/#more-25355\" aria-label=\"Lis\u00e4\u00e4 Yhteystietolomake\u00a0\">Lees meer<\/a><\/p>\n","protected":false},"author":2,"featured_media":0,"parent":0,"menu_order":0,"comment_status":"closed","ping_status":"closed","template":"","meta":{"_acf_changed":false,"inline_featured_image":false,"footnotes":""},"class_list":{"0":"post-25355","1":"page","2":"type-page","3":"status-publish","5":"infinite-scroll-item"},"acf":[],"_links":{"self":[{"href":"https:\/\/www.effektri.com\/fi\/wp-json\/wp\/v2\/pages\/25355","targetHints":{"allow":["GET"]}}],"collection":[{"href":"https:\/\/www.effektri.com\/fi\/wp-json\/wp\/v2\/pages"}],"about":[{"href":"https:\/\/www.effektri.com\/fi\/wp-json\/wp\/v2\/types\/page"}],"author":[{"embeddable":true,"href":"https:\/\/www.effektri.com\/fi\/wp-json\/wp\/v2\/users\/2"}],"replies":[{"embeddable":true,"href":"https:\/\/www.effektri.com\/fi\/wp-json\/wp\/v2\/comments?post=25355"}],"version-history":[{"count":2,"href":"https:\/\/www.effektri.com\/fi\/wp-json\/wp\/v2\/pages\/25355\/revisions"}],"predecessor-version":[{"id":25597,"href":"https:\/\/www.effektri.com\/fi\/wp-json\/wp\/v2\/pages\/25355\/revisions\/25597"}],"wp:attachment":[{"href":"https:\/\/www.effektri.com\/fi\/wp-json\/wp\/v2\/media?parent=25355"}],"curies":[{"name":"wp","href":"https:\/\/api.w.org\/{rel}","templated":true}]}}