
{"id":25350,"date":"2022-09-21T21:23:50","date_gmt":"2022-09-21T19:23:50","guid":{"rendered":"https:\/\/www.effektri.com\/?page_id=25350"},"modified":"2023-07-04T15:59:38","modified_gmt":"2023-07-04T13:59:38","slug":"homepage","status":"publish","type":"page","link":"https:\/\/www.effektri.com\/fi\/","title":{"rendered":"Homepage"},"content":{"rendered":"<div class=\"gb-container gb-container-6c2829a3\"><div class=\"gb-inside-container\">\n<div class=\"n2-section-smartslider fitvidsignore  n2_clear\" data-ssid=\"2\"><div id=\"n2-ss-2-align\" class=\"n2-ss-align\"><div class=\"n2-padding\"><div id=\"n2-ss-2\" data-creator=\"Smart Slider 3\" data-responsive=\"auto\" class=\"n2-ss-slider n2-ow n2-has-hover n2notransition  \">\n        <div class=\"n2-ss-slider-1 n2_ss__touch_element n2-ow\">\n            <div class=\"n2-ss-slider-2 n2-ow\">\n                                                <div class=\"n2-ss-slider-3 n2-ow\">\n\n                    <div class=\"n2-ss-slide-backgrounds n2-ow-all\"><div class=\"n2-ss-slide-background\" data-public-id=\"1\" data-mode=\"fill\"><div class=\"n2-ss-slide-background-image\" data-blur=\"0\" data-opacity=\"100\" data-x=\"50\" data-y=\"50\" data-alt=\"\" data-title=\"\"><picture class=\"skip-lazy\" data-skip-lazy=\"1\"><img decoding=\"async\" src=\"\/\/www.effektri.com\/wp-content\/uploads\/2024\/01\/hond-slider-jpg.webp\" alt=\"\" title=\"\" loading=\"lazy\" class=\"skip-lazy\" data-skip-lazy=\"1\"><\/picture><\/div><div data-color=\"RGBA(255,255,255,0)\" style=\"background-color: RGBA(255,255,255,0);\" class=\"n2-ss-slide-background-color\"><\/div><\/div><\/div>                    <div class=\"n2-ss-slider-4 n2-ow\">\n                        <svg xmlns=\"http:\/\/www.w3.org\/2000\/svg\" viewBox=\"0 0 1200 600\" data-related-device=\"desktopPortrait\" class=\"n2-ow n2-ss-preserve-size n2-ss-preserve-size--slider n2-ss-slide-limiter\"><\/svg><div data-first=\"1\" data-slide-duration=\"0\" data-id=\"9\" data-slide-public-id=\"1\" data-title=\"Effektri en Balanstri\" class=\"n2-ss-slide n2-ow  n2-ss-slide-9\"><div role=\"note\" class=\"n2-ss-slide--focus\" tabindex=\"-1\">Effektri en Balanstri<\/div><div class=\"n2-ss-layers-container n2-ss-slide-limiter n2-ow\"><div class=\"n2-ss-layer n2-ow n-uc-EMEMSzrHKlg2\" data-sstype=\"slide\" data-pm=\"default\"><div class=\"n2-ss-layer n2-ow n-uc-3F7FjecbciSc\" data-pm=\"default\" data-sstype=\"content\" data-hasbackground=\"0\"><div class=\"n2-ss-section-main-content n2-ss-layer-with-background n2-ss-layer-content n2-ow n-uc-3F7FjecbciSc-inner\"><div class=\"n2-ss-layer n2-ow n2-ss-layer--block n2-ss-has-self-align n-uc-1f08e076432db\" data-pm=\"normal\" data-sstype=\"row\"><div class=\"n2-ss-layer-row n2-ss-layer-with-background n-uc-1f08e076432db-inner\"><div class=\"n2-ss-layer-row-inner \"><div class=\"n2-ss-layer n2-ow n-uc-1698b2e2879d1\" data-pm=\"default\" data-sstype=\"col\"><div class=\"n2-ss-layer-col n2-ss-layer-with-background n2-ss-layer-content n-uc-1698b2e2879d1-inner\"><\/div><\/div><div class=\"n2-ss-layer n2-ow n-uc-12b1c65942f6d\" data-pm=\"default\" data-sstype=\"col\"><div class=\"n2-ss-layer-col n2-ss-layer-with-background n2-ss-layer-content n-uc-12b1c65942f6d-inner\"><\/div><\/div><\/div><\/div><\/div><div class=\"n2-ss-layer n2-ow n2-ss-layer--block n2-ss-has-self-align n-uc-1c87565153c81\" data-pm=\"normal\" data-sstype=\"row\"><div class=\"n2-ss-layer-row n2-ss-layer-with-background n-uc-1c87565153c81-inner\"><div class=\"n2-ss-layer-row-inner \"><div class=\"n2-ss-layer n2-ow n-uc-15e6dc20a166d\" data-pm=\"default\" data-sstype=\"col\"><div class=\"n2-ss-layer-col n2-ss-layer-with-background n2-ss-layer-content n-uc-15e6dc20a166d-inner\"><div class=\"n2-ss-layer n2-ow n-uc-ctv1VAtzWCRm n2-ss-layer--auto\" data-pm=\"normal\" data-sstype=\"layer\"><div class=\"n2-ss-button-container n2-ss-item-content n2-ow n2-font-69e9c7a18f2e93b6b13d0ecb3b96b376-link  n2-ss-button-container--non-full-width\"><a class=\"n2-style-a273a44f6745731a4d91fc4ce72b458e-heading  n2-ow \" target=\"_blank\" href=\"https:\/\/balanstri.com\/winkel\/\"><div><div>Visit webshop<\/div><\/div><\/a><\/div><\/div><\/div><\/div><div class=\"n2-ss-layer n2-ow n-uc-11c86c6af32b6\" data-pm=\"default\" data-sstype=\"col\"><div class=\"n2-ss-layer-col n2-ss-layer-with-background n2-ss-layer-content n-uc-11c86c6af32b6-inner\"><div class=\"n2-ss-layer n2-ow n-uc-BOjxnxhibWXN n2-ss-layer--auto\" data-pm=\"normal\" data-sstype=\"layer\"><div class=\"n2-ss-button-container n2-ss-item-content n2-ow n2-font-69e9c7a18f2e93b6b13d0ecb3b96b376-link  n2-ss-button-container--non-full-width\"><a class=\"n2-style-a273a44f6745731a4d91fc4ce72b458e-heading  n2-ow \" target=\"_blank\" href=\"https:\/\/www.effektri.com\/become-a-reseller\/\"><div><div>Become a reseller<\/div><\/div><\/a><\/div><\/div><\/div><\/div><\/div><\/div><\/div><\/div><\/div><\/div><\/div><\/div>                    <\/div>\n\n                                    <\/div>\n            <\/div>\n        <\/div>\n        <\/div><ss3-loader><\/ss3-loader><\/div><\/div><div class=\"n2_clear\"><\/div><\/div>\n<\/div><\/div>\n\n\n<h2 class=\"gb-headline gb-headline-e8c44a0e gb-headline-text druppel\">Tervetuloa Effektri<\/h2>\n\n\n<div class=\"gb-container gb-container-3bdf6c9f\"><div class=\"gb-inside-container\">\n\n<div class=\"wp-block-columns is-layout-flex wp-container-core-columns-is-layout-9d6595d7 wp-block-columns-is-layout-flex\">\n<div class=\"wp-block-column is-layout-flow wp-block-column-is-layout-flow\">\n<p>Kiitos kun saavuit nettisivuillemme! Pyrimme tarjoamaan hy\u00f6dyllist\u00e4 tietoa siit\u00e4, kuinka parantaa sinun sek\u00e4 hevostesi, koiriesi tai kissojesi terveytt\u00e4 ja hyvinvointia ainutlaatuisten \u00f6ljyjemme sek\u00e4 ravintolisiemme avulla.&nbsp;<\/p>\n\n\n\n<p>Meid\u00e4n br\u00e4ndimme, \u20191Life\u2019 toi kala\u00f6ljy\u00e4 sis\u00e4lt\u00e4v\u00e4t ravintolis\u00e4t markkinoille Norjassa, Ruotsissa, Suomessa, sek\u00e4 Alankomaissa yli 15 vuotta sitten. Olemme siit\u00e4 l\u00e4htien jatkaneet toimivien ravintolisien kehitt\u00e4mist\u00e4 sek\u00e4 ihmisille (Balanstri) ett\u00e4 el\u00e4imille (Effektri) k\u00e4ytt\u00e4en kala- sek\u00e4 neitsytoliivi\u00f6ljyj\u00e4.&nbsp;<\/p>\n\n\n\n<p>Effektri- sek\u00e4 Balanstri-tuotteidemme kehitys perustuu tieteelliseen asiantuntijuuteen. Edelleen yrityksess\u00e4mme ty\u00f6skentelev\u00e4t tri Ola Ride, tri Harmen Hofstra, sek\u00e4 Oddur Gunnarson ovat olleet merkitt\u00e4v\u00e4ss\u00e4 roolissa n\u00e4iden tuotteiden kehitt\u00e4misess\u00e4.&nbsp;<\/p>\n<\/div>\n\n\n\n<div class=\"wp-block-column is-layout-flow wp-block-column-is-layout-flow\">\n<p>Yrityksemme sek\u00e4 ravintolisiemme perusta pohjautuu tieteeseen. Kaikkien meid\u00e4n tuotteidemme teho on vahvistettu tieteen avulla. Tavoitteemme on kehitt\u00e4\u00e4 ja tarjota tuotteita, jotka tukevat ihmisten sek\u00e4 el\u00e4inten terveytt\u00e4 niin lyhyell\u00e4 kuin pitk\u00e4ll\u00e4 aikav\u00e4lill\u00e4. K\u00e4yt\u00e4mme ainutlaatuisissa tuotteissamme ainoastaan korkealaatuisimpia luonnontuotteita, joiden alkuper\u00e4 on j\u00e4ljitett\u00e4viss\u00e4.&nbsp;<\/p>\n\n\n\n<p>Laaja tuotevalikoimamme vastaa n\u00e4it\u00e4 korkeita standardeja, aina uusimpia sek\u00e4 innovatiivisimpia tuotteitamme my\u00f6ten.&nbsp;Tuotteemme ovat l\u00e4\u00e4keteollista laatua, ne on pakattu GMP+-standardien mukaisesti, ja niill\u00e4 on NONGMO-sertifikaatti. Voit ostaa Effektri- ja Balanstri-tuotteitamme nettisivuiltamme, yhteisty\u00f6kumppaneiltamme, kaupoista, tai el\u00e4inl\u00e4\u00e4k\u00e4reilt\u00e4.&nbsp;<\/p>\n\n\n\n<p>Jos kaipaat apua tuotteidemme kanssa, tai sinulla on kysymyksi\u00e4 liittyen ravitsemukseen, ota meihin rohkeasti yhteytt\u00e4 yhteydenottolomakkeemme kautta!&nbsp;<\/p>\n<\/div>\n<\/div>\n\n\n\n<h2 class=\"gb-headline gb-headline-f9002de4 gb-headline-text druppel\">Suosittuja tuotteita<\/h2>\n\n<\/div><\/div>\n\n<div class=\"gb-container gb-container-9b8d79d5\"><div class=\"gb-inside-container\">\n<div data-block-name=\"woocommerce\/product-top-rated\" data-categories=\"[192,193]\" data-content-visibility=\"{&quot;image&quot;:true,&quot;title&quot;:true,&quot;price&quot;:false,&quot;rating&quot;:false,&quot;button&quot;:false}\" data-rows=\"1\" class=\"wc-block-grid wp-block-product-top-rated wp-block-woocommerce-product-top-rated wc-block-product-top-rated has-3-columns\"><ul class=\"wc-block-grid__products\"><li class=\"wc-block-grid__product\">\n\t\t\t\t<a href=\"https:\/\/www.effektri.com\/fi\/koira\/effektri-gold-koirille\/\" class=\"wc-block-grid__product-link\">\n\t\t\t\t\t\n\t\t\t\t\t<div class=\"wc-block-grid__product-image\"><img loading=\"lazy\" decoding=\"async\" width=\"300\" height=\"300\" src=\"https:\/\/www.effektri.com\/wp-content\/uploads\/2022\/05\/EFFEKTRI_GOLD_500ML-300x300.jpg\" class=\"attachment-woocommerce_thumbnail size-woocommerce_thumbnail\" alt=\"Effektri Gold Koiralle\" srcset=\"https:\/\/www.effektri.com\/wp-content\/uploads\/2022\/05\/EFFEKTRI_GOLD_500ML-300x300.jpg 300w, https:\/\/www.effektri.com\/wp-content\/uploads\/2022\/05\/EFFEKTRI_GOLD_500ML-1024x1024.jpg 1024w, https:\/\/www.effektri.com\/wp-content\/uploads\/2022\/05\/EFFEKTRI_GOLD_500ML-150x150.jpg 150w, https:\/\/www.effektri.com\/wp-content\/uploads\/2022\/05\/EFFEKTRI_GOLD_500ML-768x768.jpg 768w, https:\/\/www.effektri.com\/wp-content\/uploads\/2022\/05\/EFFEKTRI_GOLD_500ML-600x600.jpg 600w, https:\/\/www.effektri.com\/wp-content\/uploads\/2022\/05\/EFFEKTRI_GOLD_500ML-100x100.jpg 100w, https:\/\/www.effektri.com\/wp-content\/uploads\/2022\/05\/EFFEKTRI_GOLD_500ML.jpg 1080w\" sizes=\"auto, (max-width: 300px) 100vw, 300px\" \/><\/div>\n\t\t\t\t\t<div class=\"wc-block-grid__product-title\">Effektri Gold Koirille<\/div>\n\t\t\t\t<\/a>\n\t\t\t\t\n\t\t\t\t\n\t\t\t\t\n\t\t\t<\/li><li class=\"wc-block-grid__product\">\n\t\t\t\t<a href=\"https:\/\/www.effektri.com\/fi\/koira\/effektri-omega-3-koirille\/\" class=\"wc-block-grid__product-link\">\n\t\t\t\t\t\n\t\t\t\t\t<div class=\"wc-block-grid__product-image\"><img loading=\"lazy\" decoding=\"async\" width=\"300\" height=\"300\" src=\"https:\/\/www.effektri.com\/wp-content\/uploads\/2015\/06\/EFFEKTRI_DOG_500ML-300x300.jpeg\" class=\"attachment-woocommerce_thumbnail size-woocommerce_thumbnail\" alt=\"Effektri omega-3 Korille\" srcset=\"https:\/\/www.effektri.com\/wp-content\/uploads\/2015\/06\/EFFEKTRI_DOG_500ML-300x300.jpeg 300w, https:\/\/www.effektri.com\/wp-content\/uploads\/2015\/06\/EFFEKTRI_DOG_500ML-1024x1024.jpeg 1024w, https:\/\/www.effektri.com\/wp-content\/uploads\/2015\/06\/EFFEKTRI_DOG_500ML-150x150.jpeg 150w, https:\/\/www.effektri.com\/wp-content\/uploads\/2015\/06\/EFFEKTRI_DOG_500ML-768x768.jpeg 768w, https:\/\/www.effektri.com\/wp-content\/uploads\/2015\/06\/EFFEKTRI_DOG_500ML-600x600.jpeg 600w, https:\/\/www.effektri.com\/wp-content\/uploads\/2015\/06\/EFFEKTRI_DOG_500ML-100x100.jpeg 100w, https:\/\/www.effektri.com\/wp-content\/uploads\/2015\/06\/EFFEKTRI_DOG_500ML.jpeg 1080w\" sizes=\"auto, (max-width: 300px) 100vw, 300px\" \/><\/div>\n\t\t\t\t\t<div class=\"wc-block-grid__product-title\">Effektri omega-3 Koirille<\/div>\n\t\t\t\t<\/a>\n\t\t\t\t\n\t\t\t\t\n\t\t\t\t\n\t\t\t<\/li><li class=\"wc-block-grid__product\">\n\t\t\t\t<a href=\"https:\/\/www.effektri.com\/fi\/hevonen\/effektri-gold-hevosille\/\" class=\"wc-block-grid__product-link\">\n\t\t\t\t\t\n\t\t\t\t\t<div class=\"wc-block-grid__product-image\"><img loading=\"lazy\" decoding=\"async\" width=\"300\" height=\"300\" src=\"https:\/\/www.effektri.com\/wp-content\/uploads\/2022\/05\/EFFEKTRI_GOLD_PAARD_1000ML-1-300x300.jpg\" class=\"attachment-woocommerce_thumbnail size-woocommerce_thumbnail\" alt=\"Effektri Gold hevoselle\" srcset=\"https:\/\/www.effektri.com\/wp-content\/uploads\/2022\/05\/EFFEKTRI_GOLD_PAARD_1000ML-1-300x300.jpg 300w, https:\/\/www.effektri.com\/wp-content\/uploads\/2022\/05\/EFFEKTRI_GOLD_PAARD_1000ML-1-1024x1024.jpg 1024w, https:\/\/www.effektri.com\/wp-content\/uploads\/2022\/05\/EFFEKTRI_GOLD_PAARD_1000ML-1-150x150.jpg 150w, https:\/\/www.effektri.com\/wp-content\/uploads\/2022\/05\/EFFEKTRI_GOLD_PAARD_1000ML-1-768x768.jpg 768w, https:\/\/www.effektri.com\/wp-content\/uploads\/2022\/05\/EFFEKTRI_GOLD_PAARD_1000ML-1-600x600.jpg 600w, https:\/\/www.effektri.com\/wp-content\/uploads\/2022\/05\/EFFEKTRI_GOLD_PAARD_1000ML-1-100x100.jpg 100w, https:\/\/www.effektri.com\/wp-content\/uploads\/2022\/05\/EFFEKTRI_GOLD_PAARD_1000ML-1.jpg 1080w\" sizes=\"auto, (max-width: 300px) 100vw, 300px\" \/><\/div>\n\t\t\t\t\t<div class=\"wc-block-grid__product-title\">Effektri Gold Hevosille<\/div>\n\t\t\t\t<\/a>\n\t\t\t\t\n\t\t\t\t\n\t\t\t\t\n\t\t\t<\/li><\/ul><\/div>\n<\/div><\/div>","protected":false},"excerpt":{"rendered":"<p>Tervetuloa Effektri Kiitos kun saavuit nettisivuillemme! Pyrimme tarjoamaan hy\u00f6dyllist\u00e4 tietoa siit\u00e4, kuinka parantaa sinun sek\u00e4 hevostesi, koiriesi tai kissojesi terveytt\u00e4 ja hyvinvointia ainutlaatuisten \u00f6ljyjemme sek\u00e4 ravintolisiemme avulla.&nbsp; Meid\u00e4n br\u00e4ndimme, \u20191Life\u2019 toi kala\u00f6ljy\u00e4 sis\u00e4lt\u00e4v\u00e4t ravintolis\u00e4t markkinoille Norjassa, Ruotsissa, Suomessa, sek\u00e4 Alankomaissa yli 15 vuotta sitten. Olemme siit\u00e4 l\u00e4htien jatkaneet toimivien ravintolisien kehitt\u00e4mist\u00e4 sek\u00e4 ihmisille (Balanstri) ett\u00e4 &#8230; <\/p>\n<p class=\"read-more-container\"><a title=\"Homepage\" class=\"read-more button\" href=\"https:\/\/www.effektri.com\/fi\/#more-25350\" aria-label=\"Lis\u00e4\u00e4 Homepage\">Lees meer<\/a><\/p>\n","protected":false},"author":3,"featured_media":0,"parent":0,"menu_order":0,"comment_status":"closed","ping_status":"closed","template":"","meta":{"_acf_changed":false,"inline_featured_image":false,"footnotes":""},"class_list":{"0":"post-25350","1":"page","2":"type-page","3":"status-publish","5":"infinite-scroll-item"},"acf":[],"_links":{"self":[{"href":"https:\/\/www.effektri.com\/fi\/wp-json\/wp\/v2\/pages\/25350","targetHints":{"allow":["GET"]}}],"collection":[{"href":"https:\/\/www.effektri.com\/fi\/wp-json\/wp\/v2\/pages"}],"about":[{"href":"https:\/\/www.effektri.com\/fi\/wp-json\/wp\/v2\/types\/page"}],"author":[{"embeddable":true,"href":"https:\/\/www.effektri.com\/fi\/wp-json\/wp\/v2\/users\/3"}],"replies":[{"embeddable":true,"href":"https:\/\/www.effektri.com\/fi\/wp-json\/wp\/v2\/comments?post=25350"}],"version-history":[{"count":9,"href":"https:\/\/www.effektri.com\/fi\/wp-json\/wp\/v2\/pages\/25350\/revisions"}],"predecessor-version":[{"id":25903,"href":"https:\/\/www.effektri.com\/fi\/wp-json\/wp\/v2\/pages\/25350\/revisions\/25903"}],"wp:attachment":[{"href":"https:\/\/www.effektri.com\/fi\/wp-json\/wp\/v2\/media?parent=25350"}],"curies":[{"name":"wp","href":"https:\/\/api.w.org\/{rel}","templated":true}]}}