
{"id":25341,"date":"2023-06-06T13:24:40","date_gmt":"2023-06-06T11:24:40","guid":{"rendered":"https:\/\/www.effektri.com\/?page_id=25341"},"modified":"2023-06-06T13:24:42","modified_gmt":"2023-06-06T11:24:42","slug":"raataloidyt-yhdistelmat","status":"publish","type":"page","link":"https:\/\/www.effektri.com\/fi\/raataloidyt-yhdistelmat\/","title":{"rendered":"R\u00c4\u00c4T\u00c4L\u00d6IDYT YHDISTELM\u00c4T\u00a0"},"content":{"rendered":"\n<p>Tarjoamme valikoiman palveluita, jotka liittyv\u00e4t lis\u00e4ravinteisiin ja \u00f6ljysekoituksiin. Oman Effektri- ja Balanstri-lis\u00e4ravinteidemme lis\u00e4ksi erikoistumme r\u00e4\u00e4t\u00e4l\u00f6ityjen yhdistelmien kehitt\u00e4miseen ja valmistamiseen kolmansille osapuolille. Asiantuntemuksemme ulottuu sek\u00e4 el\u00e4inrehuteollisuuteen ett\u00e4 ihmisten ruokatuotantoon. Yhteisty\u00f6n keskeinen vaatimus on, ett\u00e4 sekoitus tai lis\u00e4ravinne perustuu laadukkaaseen premium-laatuiseen omega-3-kala\u00f6ljyymme, tinkim\u00e4tt\u00e4 laadusta tai hygieniasta. Minimim\u00e4\u00e4r\u00e4 tilauksille on 1000 litraa.\u00a0<\/p>\n\n\n\n<p>Teimme esimerkiksi yhteisty\u00f6t\u00e4 suomalaisen yrityksen Tassu Foodsin kanssa luodaksemme tiivistetyn omega-3-sekoituksen, joka sis\u00e4lt\u00e4\u00e4 tyrni\u00f6ljy\u00e4 ja rosmariini\u00f6ljy\u00e4. Toinen asiakkaamme, Schnellman \u2013 Mush, luottaa meihin erityissekoituksen valmistamisessa, joka tehostaa heid\u00e4n pakastekuivattua RAW-koiranruokaansa v\u00e4ltt\u00e4m\u00e4tt\u00f6mill\u00e4 rasvahapoilla EPA:lla ja DHA:lla.\u00a0<\/p>\n\n\n\n<p>Lis\u00e4ksi toimitamme \u00f6ljysekoitusta islantilaiselle Grimur Kokkurille, joka k\u00e4ytt\u00e4\u00e4 sit\u00e4 valmisruoissaan.&nbsp;<\/p>\n\n\n\n<p>Voit olla huoleti, sill\u00e4 kaikki sekoituksemme noudattavat tiukasti korkeimpia laatustandardeja. Mik\u00e4li haluat keskustella lis\u00e4\u00e4 tai vaihtaa ajatuksia n\u00e4ist\u00e4 tarjouksista, \u00e4l\u00e4 ep\u00e4r\u00f6i ottaa yhteytt\u00e4. Tavoitat meid\u00e4t alla olevan lomakkeen avulla tai s\u00e4hk\u00f6postitse osoitteesta janneke@effektri.com.&nbsp;<\/p>\n","protected":false},"excerpt":{"rendered":"<p>Tarjoamme valikoiman palveluita, jotka liittyv\u00e4t lis\u00e4ravinteisiin ja \u00f6ljysekoituksiin. Oman Effektri- ja Balanstri-lis\u00e4ravinteidemme lis\u00e4ksi erikoistumme r\u00e4\u00e4t\u00e4l\u00f6ityjen yhdistelmien kehitt\u00e4miseen ja valmistamiseen kolmansille osapuolille. Asiantuntemuksemme ulottuu sek\u00e4 el\u00e4inrehuteollisuuteen ett\u00e4 ihmisten ruokatuotantoon. Yhteisty\u00f6n keskeinen vaatimus on, ett\u00e4 sekoitus tai lis\u00e4ravinne perustuu laadukkaaseen premium-laatuiseen omega-3-kala\u00f6ljyymme, tinkim\u00e4tt\u00e4 laadusta tai hygieniasta. Minimim\u00e4\u00e4r\u00e4 tilauksille on 1000 litraa.\u00a0 Teimme esimerkiksi yhteisty\u00f6t\u00e4 suomalaisen yrityksen Tassu &#8230; <\/p>\n<p class=\"read-more-container\"><a title=\"R\u00c4\u00c4T\u00c4L\u00d6IDYT YHDISTELM\u00c4T\u00a0\" class=\"read-more button\" href=\"https:\/\/www.effektri.com\/fi\/raataloidyt-yhdistelmat\/#more-25341\" aria-label=\"Lis\u00e4\u00e4 R\u00c4\u00c4T\u00c4L\u00d6IDYT YHDISTELM\u00c4T\u00a0\">Lees meer<\/a><\/p>\n","protected":false},"author":2,"featured_media":25128,"parent":0,"menu_order":0,"comment_status":"closed","ping_status":"closed","template":"","meta":{"_acf_changed":false,"inline_featured_image":false,"footnotes":""},"class_list":{"0":"post-25341","1":"page","2":"type-page","3":"status-publish","4":"has-post-thumbnail","6":"infinite-scroll-item"},"acf":[],"_links":{"self":[{"href":"https:\/\/www.effektri.com\/fi\/wp-json\/wp\/v2\/pages\/25341","targetHints":{"allow":["GET"]}}],"collection":[{"href":"https:\/\/www.effektri.com\/fi\/wp-json\/wp\/v2\/pages"}],"about":[{"href":"https:\/\/www.effektri.com\/fi\/wp-json\/wp\/v2\/types\/page"}],"author":[{"embeddable":true,"href":"https:\/\/www.effektri.com\/fi\/wp-json\/wp\/v2\/users\/2"}],"replies":[{"embeddable":true,"href":"https:\/\/www.effektri.com\/fi\/wp-json\/wp\/v2\/comments?post=25341"}],"version-history":[{"count":1,"href":"https:\/\/www.effektri.com\/fi\/wp-json\/wp\/v2\/pages\/25341\/revisions"}],"predecessor-version":[{"id":25342,"href":"https:\/\/www.effektri.com\/fi\/wp-json\/wp\/v2\/pages\/25341\/revisions\/25342"}],"wp:featuredmedia":[{"embeddable":true,"href":"https:\/\/www.effektri.com\/fi\/wp-json\/wp\/v2\/media\/25128"}],"wp:attachment":[{"href":"https:\/\/www.effektri.com\/fi\/wp-json\/wp\/v2\/media?parent=25341"}],"curies":[{"name":"wp","href":"https:\/\/api.w.org\/{rel}","templated":true}]}}